{"id":9970,"date":"2015-01-06T09:13:19","date_gmt":"2015-01-06T13:13:19","guid":{"rendered":"https:\/\/ellad2.com\/italiano\/?post_type=product&#038;p=9970"},"modified":"2021-04-07T12:06:26","modified_gmt":"2021-04-07T17:06:26","slug":"tutorial-braccialetto-osseleta","status":"publish","type":"product","link":"https:\/\/ellad2.com\/italiano\/product\/tutorial-braccialetto-osseleta\/","title":{"rendered":"Tutorial Braccialetto Osseleta"},"content":{"rendered":"<p>Braccialetto Osseleta<\/p>\n<p>\u00e8 realizzato con le perline\u00a0 Osselets \/ Bone a due fori, SuperDuo , O-beads e perline Miyuki.<\/p>\n<p>Le perline Osselets\/Bne si possono sostituire con le\u00a0 CzechMates (6 mm), perch\u00e9 hanno le stesse dimensioni.<\/p>\n<p>Progetto livello di abilit\u00e0: tutti i livelli.<\/p>\nngg_shortcode_0_placeholder\n<p>Il tutorial \u00a0Braccialetto Osseleta \u00e8 molto dettagliato, facile da seguire, con istruzioni chiare e \u00a0foto a colori passo per passo.<\/p>\n<p><strong>Materiale necessario:<\/strong><\/p>\n<p>&#8211; Perline Miyuki 15\/0, 11\/0, 8\/0<br \/>\n&#8211; Perline ceche Osselets \/ Bone due fori (o CzechMates)<br \/>\n&#8211; SuperDuo 2.5x5mm<br \/>\n&#8211; O-beads<br \/>\n&#8211; Chiusura<br \/>\n&#8211; Fireline 0.006<br \/>\n&#8211; Ago 12 o Tulip 11<\/p>\n<p>Il perline Tutorial \u00e8 un file PDF. Dopo aver eseguito il pagamento si verr\u00e0 reindirizzati alla pagina ellad2.com dove troverete il link per scaricare il vostro tutorial acquistato. Si ricever\u00e0 anche una e-mail con la conferma d&#8217;ordine e il link per il download. (per favore, controlla la cartella spam \/ junk)<\/p>\n<p>Siete invitati a vendere alcuni articoli che fate dei miei modelli bordare acquistati. Vedere i miei Termini e condizioni<\/p>\n<p>Copyright \u00a9 Ellad2<\/p>\n","protected":false},"excerpt":{"rendered":"<p>Braccialetto Osseleta \u00e8 realizzato con le perline\u00a0 Osselets \/ Bone  [&#8230;]<\/p>\n","protected":false},"featured_media":9971,"template":"","meta":{"ngg_post_thumbnail":0},"product_brand":[],"product_cat":[2281],"product_tag":[2028,2029,2031,2030],"class_list":{"0":"post-9970","1":"product","2":"type-product","3":"status-publish","4":"has-post-thumbnail","6":"product_cat-bracciali","7":"product_tag-kheops-perline","8":"product_tag-schemi-con-kheops-perline","9":"product_tag-schemi-con-perline","10":"product_tag-schemi-con-superduo-perline","12":"first","13":"instock","14":"downloadable","15":"virtual","16":"purchasable","17":"product-type-simple"},"_links":{"self":[{"href":"https:\/\/ellad2.com\/italiano\/wp-json\/wp\/v2\/product\/9970","targetHints":{"allow":["GET"]}}],"collection":[{"href":"https:\/\/ellad2.com\/italiano\/wp-json\/wp\/v2\/product"}],"about":[{"href":"https:\/\/ellad2.com\/italiano\/wp-json\/wp\/v2\/types\/product"}],"wp:featuredmedia":[{"embeddable":true,"href":"https:\/\/ellad2.com\/italiano\/wp-json\/wp\/v2\/media\/9971"}],"wp:attachment":[{"href":"https:\/\/ellad2.com\/italiano\/wp-json\/wp\/v2\/media?parent=9970"}],"wp:term":[{"taxonomy":"product_brand","embeddable":true,"href":"https:\/\/ellad2.com\/italiano\/wp-json\/wp\/v2\/product_brand?post=9970"},{"taxonomy":"product_cat","embeddable":true,"href":"https:\/\/ellad2.com\/italiano\/wp-json\/wp\/v2\/product_cat?post=9970"},{"taxonomy":"product_tag","embeddable":true,"href":"https:\/\/ellad2.com\/italiano\/wp-json\/wp\/v2\/product_tag?post=9970"}],"curies":[{"name":"wp","href":"https:\/\/api.w.org\/{rel}","templated":true}]}}