{"id":9619,"date":"2014-07-21T10:20:58","date_gmt":"2014-07-21T14:20:58","guid":{"rendered":"https:\/\/ellad2.com\/italiano\/?post_type=product&#038;p=9619"},"modified":"2021-04-07T12:06:25","modified_gmt":"2021-04-07T17:06:25","slug":"tutorial-knotty-braccialetto","status":"publish","type":"product","link":"https:\/\/ellad2.com\/italiano\/product\/tutorial-knotty-braccialetto\/","title":{"rendered":"Tutorial Knotty Braccialetto"},"content":{"rendered":"<p>Knotty Braccialetto<\/p>\n<p>\u00c8 un\u00a0 braccialetto bello e unico, realizzato con la tecnica cubic RAW con un po &#8216;di decorazioni.<\/p>\n<p>Con il tutorial potete realizzare il vostro pezzo personale, scegliendo i colori che vi piacciono di pi\u00f9. Si pu\u00f2 anche giocare con pi\u00f9 decorazioni &#8230;<\/p>\n<p>Livello: Intermedio \/ Avanzato (si chiede una buona conoscenza della tecnica Cubic RAW)<\/p>\n<p>E\u2019 un tutorial dettagliato con foto e spiegazioni passo per passo.<\/p>\nngg_shortcode_0_placeholder\n<p>Materiale occorrente:<\/p>\n<p>&#8211; Perline giapponesi 11\/0<br \/>\n&#8211; Perline Miyuki 11\/0 e 15\/0 (si pu\u00f2 utilizzare qualsiasi altra marca di questa misura)<br \/>\n&#8211; Perle 3 mm<br \/>\n&#8211; Perle\u00a0 2 mm (oppure roc 8\/0)<br \/>\n&#8211; Chiusura a 3 fili<br \/>\n&#8211; Fireline\u00a0 6 lb<br \/>\n&#8211; Ago mis 12 o Tulip 11<\/p>\n<p>Siete invitati a vendere oggetti apportate dai miei tutorial che borda che hai acquistato. Vedere i miei Termini e Condizioni<\/p>\n","protected":false},"excerpt":{"rendered":"<p>Knotty Braccialetto \u00c8 un\u00a0 braccialetto bello e unico, realizzato con  [&#8230;]<\/p>\n","protected":false},"featured_media":9620,"template":"","meta":{"ngg_post_thumbnail":0},"product_brand":[],"product_cat":[2281],"product_tag":[],"class_list":{"0":"post-9619","1":"product","2":"type-product","3":"status-publish","4":"has-post-thumbnail","6":"product_cat-bracciali","8":"first","9":"instock","10":"downloadable","11":"virtual","12":"purchasable","13":"product-type-simple"},"_links":{"self":[{"href":"https:\/\/ellad2.com\/italiano\/wp-json\/wp\/v2\/product\/9619","targetHints":{"allow":["GET"]}}],"collection":[{"href":"https:\/\/ellad2.com\/italiano\/wp-json\/wp\/v2\/product"}],"about":[{"href":"https:\/\/ellad2.com\/italiano\/wp-json\/wp\/v2\/types\/product"}],"wp:featuredmedia":[{"embeddable":true,"href":"https:\/\/ellad2.com\/italiano\/wp-json\/wp\/v2\/media\/9620"}],"wp:attachment":[{"href":"https:\/\/ellad2.com\/italiano\/wp-json\/wp\/v2\/media?parent=9619"}],"wp:term":[{"taxonomy":"product_brand","embeddable":true,"href":"https:\/\/ellad2.com\/italiano\/wp-json\/wp\/v2\/product_brand?post=9619"},{"taxonomy":"product_cat","embeddable":true,"href":"https:\/\/ellad2.com\/italiano\/wp-json\/wp\/v2\/product_cat?post=9619"},{"taxonomy":"product_tag","embeddable":true,"href":"https:\/\/ellad2.com\/italiano\/wp-json\/wp\/v2\/product_tag?post=9619"}],"curies":[{"name":"wp","href":"https:\/\/api.w.org\/{rel}","templated":true}]}}