{"id":9592,"date":"2014-07-08T08:52:53","date_gmt":"2014-07-08T12:52:53","guid":{"rendered":"https:\/\/ellad2.com\/italiano\/?post_type=product&#038;p=9592"},"modified":"2021-04-07T12:06:25","modified_gmt":"2021-04-07T17:06:25","slug":"tutorial-o-la-braccialetto","status":"publish","type":"product","link":"https:\/\/ellad2.com\/italiano\/product\/tutorial-o-la-braccialetto\/","title":{"rendered":"Tutorial O-La Braccialetto"},"content":{"rendered":"<p>O-La Braccialetto<\/p>\n<p>Questo braccialetto \u00e8 un nuovo progetto con le o-beads.<\/p>\n<p>Si pu\u00f2 giocare con diversi colori di perline ed \u00e8 facile p renderlo pi\u00f9 largo o pi\u00f9 stretto.<\/p>\n<p>Il tutorial \u00e8 molto dettagliato con foto e spiegazioni passo per passo.<\/p>\nngg_shortcode_0_placeholder\n<p>Materiale necessario:<\/p>\n<p>&#8211; roc\u00a0 Miyuki 15\/0, 11\/0, 8\/0<br \/>\n&#8211;\u00a0 perle da 2mm (\u00e8 possibile sostituirle con perline 8\/0\u00a0 o qualsiasi altro tipo di\u00a0 perline da 2mm)<br \/>\n&#8211; O-beads<br \/>\n&#8211; Fermaglio<br \/>\n&#8211; Fireline\u00a0 6 lb<br \/>\n&#8211; Dimaghi mis. 12 o meglio ancora Tulip 11<\/p>\n<p>Il tutorial O-La Braccialetto \u00e8 un file PDF stampabile, il download \u00e8 immediato, subito dopo che il vostro pagamento \u00e8 stato confermato.<\/p>\n<p>Siete invitati a vendere oggetti apportate dai miei tutorial che borda che hai acquistato. Vedere i miei Termini e Condizioni<\/p>\n","protected":false},"excerpt":{"rendered":"<p>O-La Braccialetto Questo braccialetto \u00e8 un nuovo progetto con le  [&#8230;]<\/p>\n","protected":false},"featured_media":9593,"template":"","meta":{"ngg_post_thumbnail":0},"product_brand":[],"product_cat":[2281],"product_tag":[],"class_list":{"0":"post-9592","1":"product","2":"type-product","3":"status-publish","4":"has-post-thumbnail","6":"product_cat-bracciali","8":"first","9":"instock","10":"downloadable","11":"virtual","12":"purchasable","13":"product-type-simple"},"_links":{"self":[{"href":"https:\/\/ellad2.com\/italiano\/wp-json\/wp\/v2\/product\/9592","targetHints":{"allow":["GET"]}}],"collection":[{"href":"https:\/\/ellad2.com\/italiano\/wp-json\/wp\/v2\/product"}],"about":[{"href":"https:\/\/ellad2.com\/italiano\/wp-json\/wp\/v2\/types\/product"}],"wp:featuredmedia":[{"embeddable":true,"href":"https:\/\/ellad2.com\/italiano\/wp-json\/wp\/v2\/media\/9593"}],"wp:attachment":[{"href":"https:\/\/ellad2.com\/italiano\/wp-json\/wp\/v2\/media?parent=9592"}],"wp:term":[{"taxonomy":"product_brand","embeddable":true,"href":"https:\/\/ellad2.com\/italiano\/wp-json\/wp\/v2\/product_brand?post=9592"},{"taxonomy":"product_cat","embeddable":true,"href":"https:\/\/ellad2.com\/italiano\/wp-json\/wp\/v2\/product_cat?post=9592"},{"taxonomy":"product_tag","embeddable":true,"href":"https:\/\/ellad2.com\/italiano\/wp-json\/wp\/v2\/product_tag?post=9592"}],"curies":[{"name":"wp","href":"https:\/\/api.w.org\/{rel}","templated":true}]}}