{"id":8612,"date":"2013-12-04T07:12:25","date_gmt":"2013-12-04T11:12:25","guid":{"rendered":"https:\/\/ellad2.com\/italiano\/?post_type=product&#038;p=8612"},"modified":"2021-04-07T12:06:22","modified_gmt":"2021-04-07T17:06:22","slug":"tutorial-bracciale-honeycomb","status":"publish","type":"product","link":"https:\/\/ellad2.com\/italiano\/product\/tutorial-bracciale-honeycomb\/","title":{"rendered":"Tutorial Bracciale Honeycomb"},"content":{"rendered":"<p>Il bellissimo bracciale Honeycomb<\/p>\n<p>\u00e8 realizzato con perline a due fori: CzechMates e Superduo combinate con\u00a0 perle, perline e biconi Swarovski &#8230;<\/p>\n<p>Questo progetto \u00e8 adatto per quasi tutti i livelli di tessitura ; I principianti possono trovare difficile perch\u00e9 la tensione del filo \u00e8 molto importante se si vuole fare questo braccialetto.<\/p>\n<p>Bracciale \u00e8 largo 3 cm.<\/p>\n<p>Il tutorial \u00e8 molto dettagliato passo per passo.<\/p>\n<p>Materiale necessario:<\/p>\n<p>&#8211; Roc. Miyuki 15\/0, 11\/0, 8\/0<br \/>\n&#8211; Tile CzechMates\u00a0 6mm<br \/>\n&#8211; Superduo 2.5x5mm<br \/>\n&#8211; Swarovski Biconi da 3 millimetri<br \/>\n&#8211; Perle tonde da 4 millimetri<br \/>\n&#8211; Chiusura<br \/>\n&#8211; Fireline<br \/>\n&#8211; Aghi mis 12 o meglio ancora I tulip 11<\/p>\n<p><em>Ellad2 and\u00a0\u00a0<a href=\"http:\/\/www.betti-bijoux.blogspot.com\/\">\u00a0Betty Bijoux<\/a><\/em><\/p>\nngg_shortcode_0_placeholder\n","protected":false},"excerpt":{"rendered":"<p>Il bellissimo bracciale Honeycomb \u00e8 realizzato con perline a due  [&#8230;]<\/p>\n","protected":false},"featured_media":8613,"template":"","meta":{"ngg_post_thumbnail":0},"product_brand":[],"product_cat":[2281],"product_tag":[],"class_list":{"0":"post-8612","1":"product","2":"type-product","3":"status-publish","4":"has-post-thumbnail","6":"product_cat-bracciali","8":"first","9":"instock","10":"downloadable","11":"virtual","12":"purchasable","13":"product-type-simple"},"_links":{"self":[{"href":"https:\/\/ellad2.com\/italiano\/wp-json\/wp\/v2\/product\/8612","targetHints":{"allow":["GET"]}}],"collection":[{"href":"https:\/\/ellad2.com\/italiano\/wp-json\/wp\/v2\/product"}],"about":[{"href":"https:\/\/ellad2.com\/italiano\/wp-json\/wp\/v2\/types\/product"}],"wp:featuredmedia":[{"embeddable":true,"href":"https:\/\/ellad2.com\/italiano\/wp-json\/wp\/v2\/media\/8613"}],"wp:attachment":[{"href":"https:\/\/ellad2.com\/italiano\/wp-json\/wp\/v2\/media?parent=8612"}],"wp:term":[{"taxonomy":"product_brand","embeddable":true,"href":"https:\/\/ellad2.com\/italiano\/wp-json\/wp\/v2\/product_brand?post=8612"},{"taxonomy":"product_cat","embeddable":true,"href":"https:\/\/ellad2.com\/italiano\/wp-json\/wp\/v2\/product_cat?post=8612"},{"taxonomy":"product_tag","embeddable":true,"href":"https:\/\/ellad2.com\/italiano\/wp-json\/wp\/v2\/product_tag?post=8612"}],"curies":[{"name":"wp","href":"https:\/\/api.w.org\/{rel}","templated":true}]}}