{"id":8466,"date":"2013-10-28T20:25:19","date_gmt":"2013-10-29T00:25:19","guid":{"rendered":"https:\/\/ellad2.com\/italiano\/?post_type=product&#038;p=8466"},"modified":"2021-04-07T12:06:22","modified_gmt":"2021-04-07T17:06:22","slug":"tutorial-pendente-super-diamond","status":"publish","type":"product","link":"https:\/\/ellad2.com\/italiano\/product\/tutorial-pendente-super-diamond\/","title":{"rendered":"Tutorial Pendente Super Diamond"},"content":{"rendered":"<p>Pendente Super Diamond<\/p>\n<p>\u00e8 un progetto immediato perline. \u00c8 necessario avere familiarit\u00e0 conla tecnica\u00a0 peyote.<\/p>\n<p>Il\u00a0 ciondolo \u00e8 quasi 5 cm senza asola e senza goccia. Si pu\u00f2 rendere pi\u00f9 piccolo o pi\u00f9 grande facilmente<\/p>\n<p>Si possono realizzare anche degli orecchini.<\/p>\nngg_shortcode_0_placeholder\n<p>Il tutorial Pendente Super Diamond \u00e8 molto dettagliato con foto passo per passo.<\/p>\n<p>Materiale necessario:<\/p>\n<p>&#8211; Miyuki roc\u00a0 8\/0, 11\/0<br \/>\n&#8211; Miyuki Delica 11\/0<br \/>\n&#8211; Superduo 2.5X5mm<br \/>\n&#8211; Swarovski Biconi 3 mm<br \/>\n&#8211; Goccia talloo qualsiasi altro pendente<br \/>\n&#8211; Fireline o nymo<br \/>\n&#8211; Aghi mis 12 o meglio ancora I tulip 11<\/p>\n<p>&nbsp;<\/p>\n<p>Istruzioni per il download:<\/p>\n<p>Una volta completato il pagamentosi\u00a0 verr\u00e0 reindirizzati a ellad2.com dove troverai i link per il download. Clicca su \u2018download\u2019 e puoi salvare il tuo tutorial<\/p>\n<p>Avrai anche un\u2019e-mail con la conferma d\u2019ordine con i link per il download. Clicca sul link e il download inizier\u00e0. Salvare il documento sul computer. Controlla la tua cartella spam \/ junk. Puoi sempre controllare lo stato dell\u2019ordine<\/p>\n<p>Siete i benvenuti a vendere tutti gli elementi che fai dai miei modelli di bordatura che hai acquistato. Vedi i Termini e Condizioni<\/p>\n<p>Copyright \u00a9 Ellad2 \u2013 2013<\/p>\n<p>&nbsp;<\/p>\n","protected":false},"excerpt":{"rendered":"<p>Pendente Super Diamond \u00e8 un progetto immediato perline. \u00c8 necessario  [&#8230;]<\/p>\n","protected":false},"featured_media":8467,"template":"","meta":{"ngg_post_thumbnail":0},"product_brand":[],"product_cat":[2279],"product_tag":[277,1923,1981,1982],"class_list":{"0":"post-8466","1":"product","2":"type-product","3":"status-publish","4":"has-post-thumbnail","6":"product_cat-ciondoli","7":"product_tag-ellad2","8":"product_tag-pendente-di-perline","9":"product_tag-schema-di-perline-pendente","10":"product_tag-schema-pendente-di-perline","12":"first","13":"instock","14":"downloadable","15":"virtual","16":"purchasable","17":"product-type-simple"},"_links":{"self":[{"href":"https:\/\/ellad2.com\/italiano\/wp-json\/wp\/v2\/product\/8466","targetHints":{"allow":["GET"]}}],"collection":[{"href":"https:\/\/ellad2.com\/italiano\/wp-json\/wp\/v2\/product"}],"about":[{"href":"https:\/\/ellad2.com\/italiano\/wp-json\/wp\/v2\/types\/product"}],"wp:featuredmedia":[{"embeddable":true,"href":"https:\/\/ellad2.com\/italiano\/wp-json\/wp\/v2\/media\/8467"}],"wp:attachment":[{"href":"https:\/\/ellad2.com\/italiano\/wp-json\/wp\/v2\/media?parent=8466"}],"wp:term":[{"taxonomy":"product_brand","embeddable":true,"href":"https:\/\/ellad2.com\/italiano\/wp-json\/wp\/v2\/product_brand?post=8466"},{"taxonomy":"product_cat","embeddable":true,"href":"https:\/\/ellad2.com\/italiano\/wp-json\/wp\/v2\/product_cat?post=8466"},{"taxonomy":"product_tag","embeddable":true,"href":"https:\/\/ellad2.com\/italiano\/wp-json\/wp\/v2\/product_tag?post=8466"}],"curies":[{"name":"wp","href":"https:\/\/api.w.org\/{rel}","templated":true}]}}