{"id":8213,"date":"2013-09-02T12:45:45","date_gmt":"2013-09-02T16:45:45","guid":{"rendered":"https:\/\/ellad2.com\/italiano\/?post_type=product&#038;p=8213"},"modified":"2021-04-07T12:06:21","modified_gmt":"2021-04-07T17:06:21","slug":"tutorial-box-ciondolo","status":"publish","type":"product","link":"https:\/\/ellad2.com\/italiano\/product\/tutorial-box-ciondolo\/","title":{"rendered":"Tutorial Out of the Box Ciondolo"},"content":{"rendered":"<p>Out of the Box Ciondolo<\/p>\n<p>Questo \u00e8 il mio piccolo contributo alla perline geometriche &#8230; molto popolare ultimamente.<\/p>\n<p>\u00c8 possibile realizzare\u00a0 il ciondolo aggiungendo qualche giro in\u00a0 pi\u00f9 sulla parte intorno al quadrato. In questo caso si otterr\u00e0 un foro pi\u00f9 grande per la collana.<\/p>\n<p>Per\u00a0 realizzare il Out of the Box Ciondolo \u00e8 necessario avere familiarit\u00e0 con il peyote.<\/p>\nngg_shortcode_0_placeholder\n<p>Il tutorial \u00e8 molto chiaro, spiega passo per passo con foto dettagliate. Dispone di 41 pagine!<\/p>\n<p>Materiale necessario (nel tutorial ho dato la lista dei negozi on-line dove \u00e8 possibile acquistare tutto il necessario per questo pendente):<\/p>\n<p>&#8211; Miyuki Delica 11\/0<br \/>\n&#8211; Miyuki rocailles 11\/0, 15\/0<br \/>\n&#8211; Swarovski navetta\u00a0 di cristallo riferimento 6110<br \/>\n&#8211; Swarovski quadrato 20 mm<br \/>\n&#8211; Swarovski Biconi 3 millimetri<br \/>\n&#8211; Fireline\u00a0 6 o Nymo D<br \/>\n&#8211; Ago misura\u00a0 12, o meglio ancora Tulip misura\u00a0 11<\/p>\n<p>&nbsp;<\/p>\n<p>Istruzioni per il download:<\/p>\n<p>Una volta completato il pagamentosi\u00a0 verr\u00e0 reindirizzati a ellad2.com dove troverai i link per il download. Clicca su \u2018download\u2019 e puoi salvare il tuo tutorial<\/p>\n<p>Avrai anche un\u2019e-mail con la conferma d\u2019ordine con i link per il download. Clicca sul link e il download inizier\u00e0. Salvare il documento sul computer. Controlla la tua cartella spam \/ junk. Puoi sempre controllare lo stato dell\u2019ordine<\/p>\n<p>Siete i benvenuti a vendere tutti gli elementi che fai dai miei modelli di bordatura che hai acquistato. Vedi i Termini e Condizioni<\/p>\n<p>Copyright \u00a9 Ellad2 \u2013 2013<\/p>\n","protected":false},"excerpt":{"rendered":"<p>Out of the Box Ciondolo Questo \u00e8 il mio piccolo  [&#8230;]<\/p>\n","protected":false},"featured_media":8214,"template":"","meta":{"ngg_post_thumbnail":0},"product_brand":[],"product_cat":[2279],"product_tag":[],"class_list":{"0":"post-8213","1":"product","2":"type-product","3":"status-publish","4":"has-post-thumbnail","6":"product_cat-ciondoli","8":"first","9":"instock","10":"downloadable","11":"virtual","12":"purchasable","13":"product-type-simple"},"_links":{"self":[{"href":"https:\/\/ellad2.com\/italiano\/wp-json\/wp\/v2\/product\/8213","targetHints":{"allow":["GET"]}}],"collection":[{"href":"https:\/\/ellad2.com\/italiano\/wp-json\/wp\/v2\/product"}],"about":[{"href":"https:\/\/ellad2.com\/italiano\/wp-json\/wp\/v2\/types\/product"}],"wp:featuredmedia":[{"embeddable":true,"href":"https:\/\/ellad2.com\/italiano\/wp-json\/wp\/v2\/media\/8214"}],"wp:attachment":[{"href":"https:\/\/ellad2.com\/italiano\/wp-json\/wp\/v2\/media?parent=8213"}],"wp:term":[{"taxonomy":"product_brand","embeddable":true,"href":"https:\/\/ellad2.com\/italiano\/wp-json\/wp\/v2\/product_brand?post=8213"},{"taxonomy":"product_cat","embeddable":true,"href":"https:\/\/ellad2.com\/italiano\/wp-json\/wp\/v2\/product_cat?post=8213"},{"taxonomy":"product_tag","embeddable":true,"href":"https:\/\/ellad2.com\/italiano\/wp-json\/wp\/v2\/product_tag?post=8213"}],"curies":[{"name":"wp","href":"https:\/\/api.w.org\/{rel}","templated":true}]}}