{"id":7699,"date":"2013-03-02T15:46:45","date_gmt":"2013-03-02T19:46:45","guid":{"rendered":"https:\/\/ellad2.com\/italiano\/?post_type=product&#038;p=7699"},"modified":"2018-07-09T21:12:55","modified_gmt":"2018-07-10T02:12:55","slug":"tutorial-anello-your-own-star","status":"publish","type":"product","link":"https:\/\/ellad2.com\/italiano\/product\/tutorial-anello-your-own-star\/","title":{"rendered":"Tutorial Anello Your Own Star"},"content":{"rendered":"<div id=\"yui_3_7_2_1_1364151245426_6891\">Anello Yout Own Star Ring<\/div>\n<div id=\"yui_3_7_2_1_1364151245426_6874\"><\/div>\n<div id=\"yui_3_7_2_1_1364151245426_6880\">Questo anello da&#8217; subito all&#8217;occhio. Si tratta di un \u00a0anello grande &#8211; 25 mm di diametro.<\/div>\n<div id=\"yui_3_7_2_1_1364151245426_6881\"><\/div>\n<div id=\"yui_3_7_2_1_1364151245426_6882\">Si pu\u00f2 rendere pi\u00f9 piccola con un cabochon pi\u00f9 piccolo (quello che \u00e8 la base di questo anello) seguendo la logica della creazione di questo.<\/div>\n<div id=\"yui_3_7_2_1_1364151245426_6883\">Tutorial \u00e8 facile da seguire, tante foto dettagliate spiegano i passaggi passo per passo.<\/div>\n<div id=\"yui_3_7_2_1_1364151245426_6884\"><\/div>\n<div id=\"yui_3_7_2_1_1364151245426_6885\">Materiale necessario:<\/div>\n<div id=\"yui_3_7_2_1_1364151245426_6886\">&#8211; Cabochon retro piatto 25 mm (legno, vetro, plastica &#8230; nel colore del colore di base, nel mio caso, che era nero). Ho comprato il mio in Perles and Co<\/div>\n<div id=\"yui_3_7_2_1_1364151245426_6887\">-Anello con la base di \u00a012 mm (o 10 mm),<\/div>\n<div id=\"yui_3_7_2_1_1364151245426_6888\">&#8211; Miyuki Delica 11\/0,<\/div>\n<div id=\"yui_3_7_2_1_1364151245426_6889\">&#8211; Perline Miyuki 15\/0,<\/div>\n<div id=\"yui_3_7_2_1_1364151245426_6890\">&#8211; Swarovski Biconi 4mm,<\/div>\n<div id=\"yui_3_7_2_1_1364151245426_6945\">&#8211; Filo Nymo \u00a0e aghi misura 12 (o Tulip \u00a011)<\/div>\n<div><\/div>\n<div>\n<p>Buon divertimento!<\/p>\n<p><em>Ellad2 and\u00a0<a href=\"http:\/\/www.betti-bijoux.blogspot.com\/\">\u00a0Betty Bijoux<\/a><\/em><\/p>\nngg_shortcode_0_placeholder\n<\/div>\n","protected":false},"excerpt":{"rendered":"<p>Anello Yout Own Star Ring Questo anello da&#8217; subito all&#8217;occhio.  [&#8230;]<\/p>\n","protected":false},"featured_media":7701,"template":"","meta":{"ngg_post_thumbnail":0},"product_brand":[],"product_cat":[2287],"product_tag":[],"class_list":{"0":"post-7699","1":"product","2":"type-product","3":"status-publish","4":"has-post-thumbnail","6":"product_cat-anelli","8":"first","9":"instock","10":"downloadable","11":"virtual","12":"purchasable","13":"product-type-simple"},"_links":{"self":[{"href":"https:\/\/ellad2.com\/italiano\/wp-json\/wp\/v2\/product\/7699","targetHints":{"allow":["GET"]}}],"collection":[{"href":"https:\/\/ellad2.com\/italiano\/wp-json\/wp\/v2\/product"}],"about":[{"href":"https:\/\/ellad2.com\/italiano\/wp-json\/wp\/v2\/types\/product"}],"wp:featuredmedia":[{"embeddable":true,"href":"https:\/\/ellad2.com\/italiano\/wp-json\/wp\/v2\/media\/7701"}],"wp:attachment":[{"href":"https:\/\/ellad2.com\/italiano\/wp-json\/wp\/v2\/media?parent=7699"}],"wp:term":[{"taxonomy":"product_brand","embeddable":true,"href":"https:\/\/ellad2.com\/italiano\/wp-json\/wp\/v2\/product_brand?post=7699"},{"taxonomy":"product_cat","embeddable":true,"href":"https:\/\/ellad2.com\/italiano\/wp-json\/wp\/v2\/product_cat?post=7699"},{"taxonomy":"product_tag","embeddable":true,"href":"https:\/\/ellad2.com\/italiano\/wp-json\/wp\/v2\/product_tag?post=7699"}],"curies":[{"name":"wp","href":"https:\/\/api.w.org\/{rel}","templated":true}]}}