{"id":7422,"date":"2013-01-02T18:38:53","date_gmt":"2013-01-02T22:38:53","guid":{"rendered":"https:\/\/ellad2.com\/italiano\/?post_type=product&#038;p=7422"},"modified":"2021-04-07T12:06:19","modified_gmt":"2021-04-07T17:06:19","slug":"tutorial-midnight-magic","status":"publish","type":"product","link":"https:\/\/ellad2.com\/italiano\/product\/tutorial-midnight-magic\/","title":{"rendered":"Tutorial Midnight Magic"},"content":{"rendered":"<p id=\"yui_3_7_2_1_1362262600309_1917\">Sono orgoglioso che la mia collana e orecchini Midnight Magic sono stati pubblicati nella rivista <a href=\"http:\/\/www.joomag.com\/magazine\/digital-beading-magazine-issue-2-feb-2013\/0817673001361426929\">Digitale Beading Australia.<\/a><\/p>\n<p id=\"yui_3_7_2_1_1362262600309_3450\">Kelly Nealon, direttore della rivista ha detto:<\/p>\n<p id=\"yui_3_7_2_1_1362262600309_1815\">&#8220;Abbiamo alcuni progetti splendidi per voi in questo numero &#8211; creato in esclusiva per voi da alcuni dei migliori designer di gioielli di perline del mondo. Sappiamo che vi innamorerete delle loro creazioni &#8211; e spero che ti ispirano a perlinare &#8220;!<\/p>\n<div><span style=\"font-size: 16px;\">La rivista \u00a0ha 158 pagine ed \u00e8 pieno di grandi progetti, idee creative, interviste &#8230; La cosa bella \u00e8 che non c&#8217;\u00e8 bisogno di aspettare per un postino i. Si pu\u00f2 immediatamente scaricare tutta la rivista dopo il pagamento. Non so voi, ma io amo questa opzione!<\/span><\/div>\n<p>E siccome io non voglio che ti manca qualcosa di quello che ho fatto (per qualsiasi motivo), \u00a0hai la possibilit\u00e0 di scaricare il mio tutorial Midnight Magic GRATIS!\u00a0<em id=\"__mceDel\">Il tutorial \u00a0per Midnight Magic \u00e8 molto dettagliato (come sempre) con le foto psso per passo.<\/em><\/p>\n<div><span style=\"font-size: 16px;\">Materiali necessari:<\/span><\/div>\n<p id=\"yui_3_7_2_1_1362262600309_3455\">&#8211; Perline Miyuki 8\/0, 11\/0, 15\/0<br \/>\n&#8211; \u00a0Swarovski perle 3mm, 4mm<br \/>\n&#8211; Swarovski pera \u00a011 \u00d7 8 mm<br \/>\n&#8211; Swarovski rivoli 14mm e 18 millimetri<br \/>\n&#8211; Swarovski bicono da 3mm e 4mm<br \/>\n&#8211; Chiusura (per la collana)<br \/>\n&#8211; Orecchini fili<br \/>\n&#8211; Fireline 6 lb trasparente<br \/>\n&#8211; Aghi misura 12<\/p>\n<p>\u00a0Buon divertimento! \u00a0<em>Ellad2 and\u00a0<a href=\"http:\/\/www.betti-bijoux.blogspot.com\/\">\u00a0Betty Bijoux<br \/>\n<\/a><\/em>ngg_shortcode_0_placeholder<\/p>\n","protected":false},"excerpt":{"rendered":"<p>Sono orgoglioso che la mia collana e orecchini Midnight Magic  [&#8230;]<\/p>\n","protected":false},"featured_media":7423,"template":"","meta":{"ngg_post_thumbnail":0},"product_brand":[],"product_cat":[2285],"product_tag":[1961,277,1963,1956,1962,1881,1964],"class_list":{"0":"post-7422","1":"product","2":"type-product","3":"status-publish","4":"has-post-thumbnail","6":"product_cat-collane","7":"product_tag-betti-bijoux","8":"product_tag-ellad2","9":"product_tag-free-tutorial","10":"product_tag-gratis-tutorial","11":"product_tag-midnight-magic","12":"product_tag-schemi-di-perline","13":"product_tag-tutorial-di-perline-gratis","15":"first","16":"instock","17":"downloadable","18":"virtual","19":"purchasable","20":"product-type-simple"},"_links":{"self":[{"href":"https:\/\/ellad2.com\/italiano\/wp-json\/wp\/v2\/product\/7422","targetHints":{"allow":["GET"]}}],"collection":[{"href":"https:\/\/ellad2.com\/italiano\/wp-json\/wp\/v2\/product"}],"about":[{"href":"https:\/\/ellad2.com\/italiano\/wp-json\/wp\/v2\/types\/product"}],"wp:featuredmedia":[{"embeddable":true,"href":"https:\/\/ellad2.com\/italiano\/wp-json\/wp\/v2\/media\/7423"}],"wp:attachment":[{"href":"https:\/\/ellad2.com\/italiano\/wp-json\/wp\/v2\/media?parent=7422"}],"wp:term":[{"taxonomy":"product_brand","embeddable":true,"href":"https:\/\/ellad2.com\/italiano\/wp-json\/wp\/v2\/product_brand?post=7422"},{"taxonomy":"product_cat","embeddable":true,"href":"https:\/\/ellad2.com\/italiano\/wp-json\/wp\/v2\/product_cat?post=7422"},{"taxonomy":"product_tag","embeddable":true,"href":"https:\/\/ellad2.com\/italiano\/wp-json\/wp\/v2\/product_tag?post=7422"}],"curies":[{"name":"wp","href":"https:\/\/api.w.org\/{rel}","templated":true}]}}