{"id":7144,"date":"2013-01-02T19:01:48","date_gmt":"2013-01-02T23:01:48","guid":{"rendered":"https:\/\/ellad2.com\/italiano\/?post_type=product&#038;p=7144"},"modified":"2021-04-07T12:06:19","modified_gmt":"2021-04-07T17:06:19","slug":"tutorial-orecchini-queeny-mini","status":"publish","type":"product","link":"https:\/\/ellad2.com\/italiano\/product\/tutorial-orecchini-queeny-mini\/","title":{"rendered":"Tutorial Orecchini Queeny Mini"},"content":{"rendered":"<p><strong>Orecchini Queeny Mini<\/strong><\/p>\n<p>sono eleganti e carini allo stesso tempo. Facile e veloce da realizzare.<\/p>\n<p>Imparerete un modo nuovo e molto interessante di incastonare i rivoli.<\/p>\n<p>Si pu\u00f2 giocare molto con questo motivo . Invece di orecchini, se si dispone di un numero sufficiente rivoli si pu\u00f2 realizzare un braccialetto o uno splendido girocollo.. Si pu\u00f2 aggiungere anche \u00a0qualche altro dettaglio &#8230;<\/p>\n<p>Il tutorial \u00e8 dettagliato, foto che mostrano passo per passo il da fare.<\/p>\n<p>Materiale necessario:<\/p>\n<p>&#8211; Perline Miyuki 11\/0, 8\/0, 6\/0, 15\/0,<br \/>\n&#8211; perline Miyuki dropi 3,4 mmi,<br \/>\n&#8211; Swarovski rivoli 12 mm,<br \/>\n&#8211; goccia Swarovski o lacrima o che cosa mai avete &#8230; monachelle ,<br \/>\n&#8211; Filo Nymo o ancora meglio Fireline 0.006,<br \/>\n&#8211; Aghi 12<\/p>\n<p>Buon divertimento!<\/p>\n<p><em>Ellad2 and\u00a0<a href=\"http:\/\/www.betti-bijoux.blogspot.com\/\">\u00a0Betty Bijoux<\/a><\/em><\/p>\nngg_shortcode_0_placeholder\n<p>&nbsp;<\/p>\n","protected":false},"excerpt":{"rendered":"<p>Orecchini Queeny Mini sono eleganti e carini allo stesso tempo.  [&#8230;]<\/p>\n","protected":false},"featured_media":7146,"template":"","meta":{"ngg_post_thumbnail":0},"product_brand":[],"product_cat":[2283],"product_tag":[804,1077,1047,277,1934,1792,1930,1935,2047,2045],"class_list":{"0":"post-7144","1":"product","2":"type-product","3":"status-publish","4":"has-post-thumbnail","6":"product_cat-orecchini","7":"product_tag-beaded-earrings","8":"product_tag-beading-tutorial","9":"product_tag-beading-tutorials","10":"product_tag-ellad2","11":"product_tag-ellad2-tutorial-di-perline","12":"product_tag-orecchini","13":"product_tag-orecchini-di-perline","14":"product_tag-orecchini-schemi-e-tutorial","15":"product_tag-orecchini-tutorial","16":"product_tag-tutorial-di-perline","18":"first","19":"instock","20":"downloadable","21":"virtual","22":"purchasable","23":"product-type-simple"},"_links":{"self":[{"href":"https:\/\/ellad2.com\/italiano\/wp-json\/wp\/v2\/product\/7144","targetHints":{"allow":["GET"]}}],"collection":[{"href":"https:\/\/ellad2.com\/italiano\/wp-json\/wp\/v2\/product"}],"about":[{"href":"https:\/\/ellad2.com\/italiano\/wp-json\/wp\/v2\/types\/product"}],"wp:featuredmedia":[{"embeddable":true,"href":"https:\/\/ellad2.com\/italiano\/wp-json\/wp\/v2\/media\/7146"}],"wp:attachment":[{"href":"https:\/\/ellad2.com\/italiano\/wp-json\/wp\/v2\/media?parent=7144"}],"wp:term":[{"taxonomy":"product_brand","embeddable":true,"href":"https:\/\/ellad2.com\/italiano\/wp-json\/wp\/v2\/product_brand?post=7144"},{"taxonomy":"product_cat","embeddable":true,"href":"https:\/\/ellad2.com\/italiano\/wp-json\/wp\/v2\/product_cat?post=7144"},{"taxonomy":"product_tag","embeddable":true,"href":"https:\/\/ellad2.com\/italiano\/wp-json\/wp\/v2\/product_tag?post=7144"}],"curies":[{"name":"wp","href":"https:\/\/api.w.org\/{rel}","templated":true}]}}