{"id":22739,"date":"2018-09-06T11:44:26","date_gmt":"2018-09-06T16:44:26","guid":{"rendered":"https:\/\/ellad2.com\/italiano\/?post_type=product&#038;p=22739"},"modified":"2018-09-06T11:44:27","modified_gmt":"2018-09-06T16:44:27","slug":"tutorial-cuckoo-flower-pendente","status":"publish","type":"product","link":"https:\/\/ellad2.com\/italiano\/product\/tutorial-cuckoo-flower-pendente\/","title":{"rendered":"Tutorial Cuckoo Flower Pendente"},"content":{"rendered":"<p>Cuckoo Flower (noto anche come &#8220;Grembiule da donna&#8221;) \u00e8 un affascinante fiore a quattro petali.<\/p>\nngg_shortcode_0_placeholder\n<p>Il <a href=\"https:\/\/en.wikipedia.org\/wiki\/Cardamine_pratensis\" target=\"_blank\" rel=\"noopener\">Cuckoo Flower<\/a> Pendente \u00e8 realizzato a peyote, quindi per farlo \u00e8 necessario avere familiarit\u00e0 con la tecnica peyote.<\/p>\n<p>Il Tutorial per Cuckoo Flower Pendente \u00e8 molto dettagliato (18 pagine), facile da seguire, passo dopo passo, con chiare istruzioni di perline e foto a colori di ogni passaggio.<\/p>\n<p>Lista materiali:<\/p>\n<ul>\n<li>Miyuki Delica 11\/0<\/li>\n<li>rocailles Miyuki 11\/0<\/li>\n<li>Swarovski biconi da 3mm e 4mm<\/li>\n<li>Fireline 6lb<\/li>\n<li>Ago per tesitura<\/li>\n<\/ul>\n<p>Il &nbsp;Tutorial del Cuckoo Flower Pendente \u00e8 un file PDF.<\/p>\n<p>Istruzioni per il download:<\/p>\n<p>Una volta completato il pagamento verrai reindirizzato su ellad2.com dove troverai i link per il download. Fare clic su &#8220;download&#8221; e salvare i tutorial sul proprio computer.<\/p>\n<p>Oltre a ci\u00f2, riceverai un&#8217;email con la conferma dell&#8217;ordine con il \/ i link \/ i per il download. Clicca sul link (s) e il download inizier\u00e0. Salva il documento sul tuo computer. Per favore, controlla la tua cartella spam \/ spazzatura.<\/p>\n<p>Inoltre, nel menu principale sotto il servizio clienti, troverai l&#8217;opzione &#8220;stato ordine&#8221;. Scrivi il numero dell&#8217;ordine e l&#8217;e-mail e riceverai i tuoi link per il download.<\/p>\n<p>Sei libero di vendere qualsiasi oggetto tu faccia dai miei schemi di perline che hai acquistato. Vedi i miei <a href=\"https:\/\/ellad2.com\/italiano\/termini-condizioni\/\" target=\"_blank\" rel=\"noopener\">termini e condizioni<\/a><\/p>\n<p>&nbsp;<\/p>\n","protected":false},"excerpt":{"rendered":"<p>Cuckoo Flower (noto anche come &#8220;Grembiule da donna&#8221;) \u00e8 un  [&#8230;]<\/p>\n","protected":false},"featured_media":22741,"template":"","meta":{"ngg_post_thumbnail":0},"product_brand":[],"product_cat":[2279],"product_tag":[988,2207],"class_list":{"0":"post-22739","1":"product","2":"type-product","3":"status-publish","4":"has-post-thumbnail","6":"product_cat-ciondoli","7":"product_tag-miyuki-delica","8":"product_tag-tecnica-peyote","10":"first","11":"instock","12":"downloadable","13":"virtual","14":"purchasable","15":"product-type-simple"},"_links":{"self":[{"href":"https:\/\/ellad2.com\/italiano\/wp-json\/wp\/v2\/product\/22739","targetHints":{"allow":["GET"]}}],"collection":[{"href":"https:\/\/ellad2.com\/italiano\/wp-json\/wp\/v2\/product"}],"about":[{"href":"https:\/\/ellad2.com\/italiano\/wp-json\/wp\/v2\/types\/product"}],"wp:featuredmedia":[{"embeddable":true,"href":"https:\/\/ellad2.com\/italiano\/wp-json\/wp\/v2\/media\/22741"}],"wp:attachment":[{"href":"https:\/\/ellad2.com\/italiano\/wp-json\/wp\/v2\/media?parent=22739"}],"wp:term":[{"taxonomy":"product_brand","embeddable":true,"href":"https:\/\/ellad2.com\/italiano\/wp-json\/wp\/v2\/product_brand?post=22739"},{"taxonomy":"product_cat","embeddable":true,"href":"https:\/\/ellad2.com\/italiano\/wp-json\/wp\/v2\/product_cat?post=22739"},{"taxonomy":"product_tag","embeddable":true,"href":"https:\/\/ellad2.com\/italiano\/wp-json\/wp\/v2\/product_tag?post=22739"}],"curies":[{"name":"wp","href":"https:\/\/api.w.org\/{rel}","templated":true}]}}