{"id":22093,"date":"2016-07-15T14:10:31","date_gmt":"2016-07-15T19:10:31","guid":{"rendered":"https:\/\/ellad2.com\/italiano\/product\/buono-regalo\/"},"modified":"2018-07-15T14:25:12","modified_gmt":"2018-07-15T19:25:12","slug":"buono-regalo","status":"publish","type":"product","link":"https:\/\/ellad2.com\/italiano\/product\/buono-regalo\/","title":{"rendered":"Buono regalo"},"content":{"rendered":"<p style=\"background: white; margin: 0in 0in 7.5pt 0in;\"><span style=\"font-size: 10.5pt; font-family: 'Arial','sans-serif'; color: #3a3a3a;\">Cerchi quel regalo perfetto, ma non sai cosa scegliere?<br style=\"box-sizing: border-box;\">Lasciali scegliere e divertiti! Fai una Gift Card di Ellad2.<\/span><\/p>\n<p style=\"background: white; box-sizing: border-box; font-variant-ligatures: normal; font-variant-caps: normal; orphans: 2; text-align: start; widows: 2; -webkit-text-stroke-width: 0px; text-decoration-style: initial; text-decoration-color: initial; word-spacing: 0px; margin: 0in 0in 7.5pt 0in;\"><span style=\"font-size: 10.5pt; font-family: 'Arial','sans-serif'; color: #3a3a3a;\">Come funziona?<\/span><\/p>\n<p style=\"background: white; box-sizing: border-box; font-variant-ligatures: normal; font-variant-caps: normal; orphans: 2; text-align: start; widows: 2; -webkit-text-stroke-width: 0px; text-decoration-style: initial; text-decoration-color: initial; word-spacing: 0px; margin: 0in 0in 7.5pt 0in;\"><span style=\"font-size: 10.5pt; font-family: 'Arial','sans-serif'; color: #3a3a3a;\">\u2013 Seleziona l\u2019importo che vuoi dare nel menu a scomparsa.<br style=\"box-sizing: border-box;\">Oppure scegli \u201cimporto diverso\u201d e inserisci un importo compreso tra 5 e 100 euro.<br style=\"box-sizing: border-box;\">\u2013 In \u201cPer\u201d Digita l\u2019indirizzo e-mail a cui desideri che venga inviato il buono regalo.<br style=\"box-sizing: border-box;\">&nbsp;\u2013 In \u201c Da\u201d&nbsp; Digita il nome del donatore&nbsp;<br style=\"box-sizing: border-box;\">\u2013 In \u201cMessaggio\u201d pioi digitare un messaggio di massimo 500 caratteri.<\/span><\/p>\n<p style=\"background: white; box-sizing: border-box; font-variant-ligatures: normal; font-variant-caps: normal; orphans: 2; text-align: start; widows: 2; -webkit-text-stroke-width: 0px; text-decoration-style: initial; text-decoration-color: initial; word-spacing: 0px; margin: 0in 0in 7.5pt 0in;\"><span style=\"font-size: 10.5pt; font-family: 'Arial','sans-serif'; color: #3a3a3a;\">\u2013 Clicca su \u201cnel carrello\u201d e controlla.<br style=\"box-sizing: border-box;\">\u2013 Al momento del pagamento, il buono regalo viene inviato per e-mail al destinatario da te specificato.<br style=\"box-sizing: border-box;\">\u2013 Riceverai la conferma d\u2019ordine della Gift Card.<\/span><\/p>\n<p style=\"background: white; box-sizing: border-box; font-variant-ligatures: normal; font-variant-caps: normal; orphans: 2; text-align: start; widows: 2; -webkit-text-stroke-width: 0px; text-decoration-style: initial; text-decoration-color: initial; word-spacing: 0px; margin: 0in 0in 7.5pt 0in;\"><span style=\"font-size: 10.5pt; font-family: 'Arial','sans-serif'; color: #3a3a3a;\">Condizioni:<\/span><\/p>\n<p style=\"background: white; box-sizing: border-box; font-variant-ligatures: normal; font-variant-caps: normal; orphans: 2; text-align: start; widows: 2; -webkit-text-stroke-width: 0px; text-decoration-style: initial; text-decoration-color: initial; word-spacing: 0px; margin: 0in 0in 7.5pt 0in;\"><span style=\"font-size: 10.5pt; font-family: 'Arial','sans-serif'; color: #3a3a3a;\">\u2013 La Gift Card pu\u00f2 essere utilizzata solo nel negozio web inglese di Ellad2.&nbsp;&nbsp;https:\/\/ellad2.com\/italiano<br style=\"box-sizing: border-box;\">\u2013 La Gift Card di Ellad2 \u00e8 venduta solo in questo negozio web.<br style=\"box-sizing: border-box;\">\u2013 La Gift Card viene inviata solo elettronicamente (tramite e-mail).<br style=\"box-sizing: border-box;\">\u2013 La Gift Card non ha data di scadenza.<br style=\"box-sizing: border-box;\">\u2013 La Gift Card non pu\u00f2 essere riscattata per contanti o altri buoni regalo.<br style=\"box-sizing: border-box;\">\u2013 Il mittente \u00e8 responsabile per l\u2019indirizzo e-mail corretto del destinatario.<br style=\"box-sizing: border-box;\">\u2013 Una carta regalo pu\u00f2 essere utilizzata pi\u00f9 volte fino a quando il saldo \u00e8 esaurito.<\/span><\/p>\n","protected":false},"excerpt":{"rendered":"<p>Cerchi quel regalo perfetto, ma non sai cosa scegliere?Lasciali scegliere  [&#8230;]<\/p>\n","protected":false},"featured_media":21729,"template":"","meta":{"ngg_post_thumbnail":0},"product_brand":[],"product_cat":[],"product_tag":[],"class_list":{"0":"post-22093","1":"product","2":"type-product","3":"status-publish","4":"has-post-thumbnail","7":"first","8":"instock","9":"product-type-simple"},"_links":{"self":[{"href":"https:\/\/ellad2.com\/italiano\/wp-json\/wp\/v2\/product\/22093","targetHints":{"allow":["GET"]}}],"collection":[{"href":"https:\/\/ellad2.com\/italiano\/wp-json\/wp\/v2\/product"}],"about":[{"href":"https:\/\/ellad2.com\/italiano\/wp-json\/wp\/v2\/types\/product"}],"wp:featuredmedia":[{"embeddable":true,"href":"https:\/\/ellad2.com\/italiano\/wp-json\/wp\/v2\/media\/21729"}],"wp:attachment":[{"href":"https:\/\/ellad2.com\/italiano\/wp-json\/wp\/v2\/media?parent=22093"}],"wp:term":[{"taxonomy":"product_brand","embeddable":true,"href":"https:\/\/ellad2.com\/italiano\/wp-json\/wp\/v2\/product_brand?post=22093"},{"taxonomy":"product_cat","embeddable":true,"href":"https:\/\/ellad2.com\/italiano\/wp-json\/wp\/v2\/product_cat?post=22093"},{"taxonomy":"product_tag","embeddable":true,"href":"https:\/\/ellad2.com\/italiano\/wp-json\/wp\/v2\/product_tag?post=22093"}],"curies":[{"name":"wp","href":"https:\/\/api.w.org\/{rel}","templated":true}]}}