{"id":16503,"date":"2018-05-20T10:24:08","date_gmt":"2018-05-20T15:24:08","guid":{"rendered":"https:\/\/ellad2.com\/italiano\/?post_type=product&#038;p=16503"},"modified":"2021-04-07T12:06:41","modified_gmt":"2021-04-07T17:06:41","slug":"tutorial-criss-cross-pendente","status":"publish","type":"product","link":"https:\/\/ellad2.com\/italiano\/product\/tutorial-criss-cross-pendente\/","title":{"rendered":"Tutorial Criss Cross Pendente"},"content":{"rendered":"<p>Un po &#8216;pi\u00f9 tutorial a forme geometriche. Giocare con le\u00a0 forme diverse e diversi con I vari tipi di forme\u00a0 \u00e8 molto interessante e a volte non ho idea di cosa otterr\u00f2 prima che lo finisca &#8230; Questa volta \u00e8 stato anche molto eccitante, perch\u00e9 anche io non avevo\u00a0 intenzione di farlo non sapevo se avessi abbastanza perline\u00a0 (Miyuki Delica 0629) fino alla fine! ? Ed ero pigra per scegliere altri colori &#8230;<\/p>\n<p>Questo \u00e8 un progetto di tessitura\u00a0 intermedio \/ avanzato.<\/p>\nngg_shortcode_0_placeholder\n<p>Il\u00a0 Tutorial per il Criss Cross Pendente\u00a0 \u00e8 molto dettagliato, facile da seguire, con spiegazioni e foto passo per passo.<\/p>\n<p>Lista materiali:<\/p>\n<ul>\n<li>Roc.\u00a0 Miyuki 11\/0<\/li>\n<li>Miyuki Delica 11\/0<\/li>\n<li>Swarovski biconi da 4mm<\/li>\n<li>Fireline 6lb<\/li>\n<li>Aghi misura 12 o I tulip\u00a0 11<\/li>\n<\/ul>\n<p>Il\u00a0 Tutorial per il Criss Cross Pendente\u00a0 \u00e8 un file PDF.<\/p>\n<p>Istruzioni per il download:<\/p>\n<p>Una volta completato il pagamento verrai reindirizzato su ellad2.com dove troverai i link per il download. Clicca su &#8220;download&#8221; e puoi salvare il tuo tutorial<\/p>\n<p>Riceverai anche un&#8217;email con la conferma dell&#8217;ordine con il \/ i link \/ i per il download. Clicca sul link (s) e il download inizier\u00e0. Salva il documento sul tuo computer. Per favore, controlla la tua cartella spam \/ spazzatura. Puoi sempre controllare lo stato dell&#8217;ordine<\/p>\n<p>Sei libero di vendere qualsiasi oggetto tu faccia dai miei schemi di perline che hai acquistato. Vedi i miei termini e condizioni<\/p>\n<p>Copyright \u00a9 Ellad2\u00ae &#8211; 2018<\/p>\n","protected":false},"excerpt":{"rendered":"<p>Un po &#8216;pi\u00f9 tutorial a forme geometriche. Giocare con le\u00a0  [&#8230;]<\/p>\n","protected":false},"featured_media":16507,"template":"","meta":{"ngg_post_thumbnail":0},"product_brand":[],"product_cat":[2279],"product_tag":[],"class_list":{"0":"post-16503","1":"product","2":"type-product","3":"status-publish","4":"has-post-thumbnail","6":"product_cat-ciondoli","8":"first","9":"instock","10":"downloadable","11":"virtual","12":"purchasable","13":"product-type-simple"},"_links":{"self":[{"href":"https:\/\/ellad2.com\/italiano\/wp-json\/wp\/v2\/product\/16503","targetHints":{"allow":["GET"]}}],"collection":[{"href":"https:\/\/ellad2.com\/italiano\/wp-json\/wp\/v2\/product"}],"about":[{"href":"https:\/\/ellad2.com\/italiano\/wp-json\/wp\/v2\/types\/product"}],"wp:featuredmedia":[{"embeddable":true,"href":"https:\/\/ellad2.com\/italiano\/wp-json\/wp\/v2\/media\/16507"}],"wp:attachment":[{"href":"https:\/\/ellad2.com\/italiano\/wp-json\/wp\/v2\/media?parent=16503"}],"wp:term":[{"taxonomy":"product_brand","embeddable":true,"href":"https:\/\/ellad2.com\/italiano\/wp-json\/wp\/v2\/product_brand?post=16503"},{"taxonomy":"product_cat","embeddable":true,"href":"https:\/\/ellad2.com\/italiano\/wp-json\/wp\/v2\/product_cat?post=16503"},{"taxonomy":"product_tag","embeddable":true,"href":"https:\/\/ellad2.com\/italiano\/wp-json\/wp\/v2\/product_tag?post=16503"}],"curies":[{"name":"wp","href":"https:\/\/api.w.org\/{rel}","templated":true}]}}