{"id":16381,"date":"2018-04-23T15:30:45","date_gmt":"2018-04-23T20:30:45","guid":{"rendered":"https:\/\/ellad2.com\/italiano\/?post_type=product&#038;p=16381"},"modified":"2021-04-07T12:06:41","modified_gmt":"2021-04-07T17:06:41","slug":"tutorial-pendente-jonquil","status":"publish","type":"product","link":"https:\/\/ellad2.com\/italiano\/product\/tutorial-pendente-jonquil\/","title":{"rendered":"Tutorial Pendente Jonquil"},"content":{"rendered":"<p>Jonquil \u00e8 una tonalit\u00e0 di giallo. \u00c8 il colore dell&#8217;interno della proiezione tubolare cilindrica centrale del fiore jonquil. Il colore prende il nome da una pianta, una specie di Narciso jonquilla, che ha grappoli di piccoli fiori gialli profumati ed \u00e8 originaria del Mediterraneo.<\/p>\n<p>Questo splendido pendente a forma di fiore \u00e8 adatto a tutti i livelli. Per i principianti un po &#8216;impegnativo, ma sono sicuro che anche loro possono farcela.<\/p>\nngg_shortcode_0_placeholder\n<p>Lista materiali:<\/p>\n<ul>\n<li>Rocailles\u00a0 Miyuki 11\/0, 8\/0<\/li>\n<li>Perle Swarovski da 6mm<\/li>\n<li>Swarovski biconi da 4mm<\/li>\n<li>Mezzicristalli da\u00a0 4mm<\/li>\n<li>Perle Superduo 2,5x5mm<\/li>\n<li>Fireline 6lb<\/li>\n<li>Aghi misura 12 o tulip\u00a0 11<\/li>\n<\/ul>\n<p>Il\u00a0 Tutorial per il Pendente Janquil\u00a0 \u00e8 molto dettagliato, facile da seguire, passo dopo passo, con spiegazioni e foto passo per passo.<\/p>\n<p>Il\u00a0 Tutorial \u00e8 un file PDF.<\/p>\n<p>Istruzioni per il download:<\/p>\n<p>Una volta completato il pagamento verrai reindirizzato su ellad2.com dove troverai i link per il download. Clicca su &#8220;download&#8221; e puoi salvare il tuo tutorial<\/p>\n<p>Riceverai anche un&#8217;email con la conferma dell&#8217;ordine con il \/ i link \/ i per il download. Clicca sul link (s) e il download inizier\u00e0. Salva il documento sul tuo computer. Per favore, controlla la tua cartella spam \/ spazzatura. Puoi sempre controllare lo stato dell&#8217;ordine<\/p>\n<p>Sei libero di vendere qualsiasi oggetto tu faccia dai miei schemi di perline che hai acquistato. Vedi i miei termini e condizioni<\/p>\n<p>Copyright \u00a9 Ellad2\u00ae &#8211; 2018<\/p>\n","protected":false},"excerpt":{"rendered":"<p>Jonquil \u00e8 una tonalit\u00e0 di giallo. \u00c8 il colore dell&#8217;interno  [&#8230;]<\/p>\n","protected":false},"featured_media":16383,"template":"","meta":{"ngg_post_thumbnail":0},"product_brand":[],"product_cat":[2279],"product_tag":[],"class_list":{"0":"post-16381","1":"product","2":"type-product","3":"status-publish","4":"has-post-thumbnail","6":"product_cat-ciondoli","8":"first","9":"instock","10":"downloadable","11":"virtual","12":"purchasable","13":"product-type-simple"},"_links":{"self":[{"href":"https:\/\/ellad2.com\/italiano\/wp-json\/wp\/v2\/product\/16381","targetHints":{"allow":["GET"]}}],"collection":[{"href":"https:\/\/ellad2.com\/italiano\/wp-json\/wp\/v2\/product"}],"about":[{"href":"https:\/\/ellad2.com\/italiano\/wp-json\/wp\/v2\/types\/product"}],"wp:featuredmedia":[{"embeddable":true,"href":"https:\/\/ellad2.com\/italiano\/wp-json\/wp\/v2\/media\/16383"}],"wp:attachment":[{"href":"https:\/\/ellad2.com\/italiano\/wp-json\/wp\/v2\/media?parent=16381"}],"wp:term":[{"taxonomy":"product_brand","embeddable":true,"href":"https:\/\/ellad2.com\/italiano\/wp-json\/wp\/v2\/product_brand?post=16381"},{"taxonomy":"product_cat","embeddable":true,"href":"https:\/\/ellad2.com\/italiano\/wp-json\/wp\/v2\/product_cat?post=16381"},{"taxonomy":"product_tag","embeddable":true,"href":"https:\/\/ellad2.com\/italiano\/wp-json\/wp\/v2\/product_tag?post=16381"}],"curies":[{"name":"wp","href":"https:\/\/api.w.org\/{rel}","templated":true}]}}