{"id":15901,"date":"2018-01-14T19:20:53","date_gmt":"2018-01-15T00:20:53","guid":{"rendered":"https:\/\/ellad2.com\/italiano\/?post_type=product&#038;p=15901"},"modified":"2021-04-07T12:06:40","modified_gmt":"2021-04-07T17:06:40","slug":"tutorial-keya-pendente","status":"publish","type":"product","link":"https:\/\/ellad2.com\/italiano\/product\/tutorial-keya-pendente\/","title":{"rendered":"Tutorial Keya Pendente"},"content":{"rendered":"<p>Il\u00a0 Tutorial per il Keya Pendente\u00a0 ti mostrer\u00e0 un altro modo interessante per realizzare un ciondolo a forma di fiore a peyote. Puoi facilmente renderlo pi\u00f9 grande o pi\u00f9 piccolo. Puoi aggiungere un rivoli di cristallo al centro al posto\u00a0 dei biconi. Puoi usare perle invece dei biconi ecc. Ecc.<\/p>\n<p>Livello del progetto: intermedio \/ avanzato. Dovresti avere familiarit\u00e0 con\u00a0 la tecnica peyote.<\/p>\nngg_shortcode_0_placeholder\n<p>Il Tutorial\u00a0 per il Keya Pendente \u00e8 molto dettagliato, facile da seguire, con spiegazioni e foto passo per passo.<\/p>\n<p>Lista materiali:<\/p>\n<ul>\n<li>Miyuki Delica 11\/0<\/li>\n<li>Rocailles\u00a0 Miyuki 11\/0, 15\/0<\/li>\n<li>Swarovski biconi 3mm<\/li>\n<li>Anellino apribile e asola\u00a0 (nel caso in cui si desidera utilizzare lo stesso come me)<\/li>\n<li>Aghi 12 o tulip\u00a0 11<\/li>\n<li>Fireline 6lb<\/li>\n<\/ul>\n<p>Il\u00a0 Tutorial\u00a0 per il pendente \u00e8 un file PDF.<\/p>\n<p>Istruzioni per il download:<\/p>\n<p>Una volta completato il pagamento verrai reindirizzato su ellad2.com dove troverai i link per il download. Clicca su &#8220;download&#8221; e puoi salvare il tuo tutorial<\/p>\n<p>Riceverai anche un&#8217;email con la conferma dell&#8217;ordine con il \/ i link \/ i per il download. Clicca sul link (s) e il download inizier\u00e0. Salva il documento sul tuo computer. Per favore, controlla la tua cartella spam \/ spazzatura. Puoi sempre controllare lo stato dell&#8217;ordine<\/p>\n<p>Sei libero di vendere qualsiasi oggetto tu faccia dai miei schemi di perline che hai acquistato. Vedi i miei termini e condizioni<\/p>\n<p>Copyright \u00a9 Ellad2\u00ae &#8211; 2018<\/p>\n","protected":false},"excerpt":{"rendered":"<p>Il\u00a0 Tutorial per il Keya Pendente\u00a0 ti mostrer\u00e0 un altro  [&#8230;]<\/p>\n","protected":false},"featured_media":15903,"template":"","meta":{"ngg_post_thumbnail":0},"product_brand":[],"product_cat":[2279],"product_tag":[],"class_list":{"0":"post-15901","1":"product","2":"type-product","3":"status-publish","4":"has-post-thumbnail","6":"product_cat-ciondoli","8":"first","9":"instock","10":"downloadable","11":"virtual","12":"purchasable","13":"product-type-simple"},"_links":{"self":[{"href":"https:\/\/ellad2.com\/italiano\/wp-json\/wp\/v2\/product\/15901","targetHints":{"allow":["GET"]}}],"collection":[{"href":"https:\/\/ellad2.com\/italiano\/wp-json\/wp\/v2\/product"}],"about":[{"href":"https:\/\/ellad2.com\/italiano\/wp-json\/wp\/v2\/types\/product"}],"wp:featuredmedia":[{"embeddable":true,"href":"https:\/\/ellad2.com\/italiano\/wp-json\/wp\/v2\/media\/15903"}],"wp:attachment":[{"href":"https:\/\/ellad2.com\/italiano\/wp-json\/wp\/v2\/media?parent=15901"}],"wp:term":[{"taxonomy":"product_brand","embeddable":true,"href":"https:\/\/ellad2.com\/italiano\/wp-json\/wp\/v2\/product_brand?post=15901"},{"taxonomy":"product_cat","embeddable":true,"href":"https:\/\/ellad2.com\/italiano\/wp-json\/wp\/v2\/product_cat?post=15901"},{"taxonomy":"product_tag","embeddable":true,"href":"https:\/\/ellad2.com\/italiano\/wp-json\/wp\/v2\/product_tag?post=15901"}],"curies":[{"name":"wp","href":"https:\/\/api.w.org\/{rel}","templated":true}]}}