{"id":14381,"date":"2017-08-09T09:05:56","date_gmt":"2017-08-09T14:05:56","guid":{"rendered":"https:\/\/ellad2.com\/italiano\/?post_type=product&#038;p=14381"},"modified":"2021-04-07T12:06:39","modified_gmt":"2021-04-07T17:06:39","slug":"tutorial-ciondolo-e-anello-welo","status":"publish","type":"product","link":"https:\/\/ellad2.com\/italiano\/product\/tutorial-ciondolo-e-anello-welo\/","title":{"rendered":"Tutorial Ciondolo e Anello Welo"},"content":{"rendered":"<p>Ciondolo Welo (e \/ o Anello) incredibilmente ricco di splendore donato dai biconi\u00a0 Swarovski AB 2x &#8230;<\/p>\n<p>Molti di voi mi hanno chiesto di fare un piccolo ciondolo. Quindi, adesso l&#8217;ho fatto.<\/p>\n<p>Questo ciondolo \u00e8 di 2,5 cm di diametro. Ecco perch\u00e9 pu\u00f2 essere facilmente utilizzata anche come anello.<\/p>\nngg_shortcode_0_placeholder\n<p>Nel tutorial, ho spiegato passo dopo passo come si possomo realzzare entrambi: un ciondolo e un anello.<\/p>\n<p>Livello di progetto: tutti i livelli &#8211; potrebbe essere una sfida per i principianti.<\/p>\n<p>Lista materiali:<\/p>\n<ul>\n<li>Miyuki roc.15\/0, 11\/0, 8\/0<\/li>\n<li>Swarovski biconi da 4mm<\/li>\n<li>Swarovski Rivoli\u00a0 da 18mm<\/li>\n<li>Fireline 6lb<\/li>\n<li>Ago misura 12 oppure I tulip\u00a0 11<\/li>\n<\/ul>\n<p>Il tutorial per il Pedente o Anello \u00e8 un file PDF.<\/p>\n<p>Istruzioni per il download:<\/p>\n<p>Una volta completato il pagamento\u00a0 si verr\u00e0 reindirizzato a ellad2.com dove troverai i link per il download. Clicca su &#8216;download&#8217; e puoi salvare il tuo tutorial<\/p>\n<p>Avrai anche un&#8217;e-mail con la conferma d&#8217;ordine con i link per il download. Fai clic sul link e il download verr\u00e0 avviato. Salvare il documento sul computer. Controlla la tua cartella spam \/ junk. Puoi sempre controllare lo stato dell&#8217;ordine<\/p>\n<p>Siete i benvenuti a vendere tutti gli elementi che fai dai miei modelli di bordatura che hai acquistato. Vedi i Termini e Condizioni<\/p>\n<p>Copyright \u00a9 Ellad2\u00ae &#8211; 2017<\/p>\n","protected":false},"excerpt":{"rendered":"<p>Ciondolo Welo (e \/ o Anello) incredibilmente ricco di splendore  [&#8230;]<\/p>\n","protected":false},"featured_media":14383,"template":"","meta":{"ngg_post_thumbnail":0},"product_brand":[],"product_cat":[],"product_tag":[],"class_list":{"0":"post-14381","1":"product","2":"type-product","3":"status-publish","4":"has-post-thumbnail","7":"first","8":"instock","9":"downloadable","10":"virtual","11":"purchasable","12":"product-type-simple"},"_links":{"self":[{"href":"https:\/\/ellad2.com\/italiano\/wp-json\/wp\/v2\/product\/14381","targetHints":{"allow":["GET"]}}],"collection":[{"href":"https:\/\/ellad2.com\/italiano\/wp-json\/wp\/v2\/product"}],"about":[{"href":"https:\/\/ellad2.com\/italiano\/wp-json\/wp\/v2\/types\/product"}],"wp:featuredmedia":[{"embeddable":true,"href":"https:\/\/ellad2.com\/italiano\/wp-json\/wp\/v2\/media\/14383"}],"wp:attachment":[{"href":"https:\/\/ellad2.com\/italiano\/wp-json\/wp\/v2\/media?parent=14381"}],"wp:term":[{"taxonomy":"product_brand","embeddable":true,"href":"https:\/\/ellad2.com\/italiano\/wp-json\/wp\/v2\/product_brand?post=14381"},{"taxonomy":"product_cat","embeddable":true,"href":"https:\/\/ellad2.com\/italiano\/wp-json\/wp\/v2\/product_cat?post=14381"},{"taxonomy":"product_tag","embeddable":true,"href":"https:\/\/ellad2.com\/italiano\/wp-json\/wp\/v2\/product_tag?post=14381"}],"curies":[{"name":"wp","href":"https:\/\/api.w.org\/{rel}","templated":true}]}}