{"id":13129,"date":"2017-02-17T10:10:00","date_gmt":"2017-02-17T15:10:00","guid":{"rendered":"https:\/\/ellad2.com\/italiano\/?post_type=product&#038;p=13129"},"modified":"2021-04-07T12:06:36","modified_gmt":"2021-04-07T17:06:36","slug":"tutorial-orecchini-cora","status":"publish","type":"product","link":"https:\/\/ellad2.com\/italiano\/product\/tutorial-orecchini-cora\/","title":{"rendered":"Tutorial Orecchini Cora"},"content":{"rendered":"<p>Questi bellissimi ed eleganti orecchini sono da realizzare. La bella forma ci d\u00e0 la possibilit\u00e0 di giocare con i colori e diversi tipi di perle, cristalli, perline &#8230; \u00c8 inoltre possibile utilizzarlo come ciondolo. Gli orecchini sono lunghi\u00a0 quattro centimetri senza gancio .<\/p>\n<p>Livello di progetto: Intermedio. \u00c8 necessario avere familiarit\u00e0 con la tecnica peyote.<\/p>\nngg_shortcode_0_placeholder\n<p>Il Tutorial per gli Orecchini\u00a0 Cora \u00e8 molto dettagliato, facile da seguire, con spiegazione e foto passo per passo.<\/p>\n<p>Lista materiali:<\/p>\n<ul>\n<li>Miyuki Delica 11\/0<\/li>\n<li>Miyuki roc. 11\/0<\/li>\n<li>Perle di vetro da 6mm, 4mm, 3 mm<\/li>\n<li>Ganci per orecchini<\/li>\n<li>Fireline 6lb<\/li>\n<li>Aghi misura 12 o Tulip 11<\/li>\n<\/ul>\n<p>Il Tutorial per gli Orecchini\u00a0 Cora \u00e8 un file in formato PDF.<\/p>\n<p>Istruzioni per il download:<\/p>\n<p>Dopo aver completato il pagamento si verr\u00e0 reindirizzati alla ellad2.com dove si trova il link (s) per il download. Clicca su &#8216;download&#8217; e si pu\u00f2 salvare il tutorial (s)<\/p>\n<p>Si ricever\u00e0 anche una e-mail con la conferma dell&#8217;ordine con il link (s) per il download. Clicca sul link (s) e download inizier\u00e0. Salvare il documento sul computer. Si prega, controllare la cartella spam \/ junk. \u00c8 sempre possibile controllare il vostro stato dell&#8217;ordine<\/p>\n<p>Siete invitati a vendere alcuni articoli si fanno da i miei modelli di bordatura che hai acquistato. Vedere i miei Termini e condizioni<\/p>\n<p>Copyright \u00a9 Ellad2<\/p>\n","protected":false},"excerpt":{"rendered":"<p>Questi bellissimi ed eleganti orecchini sono da realizzare. La bella  [&#8230;]<\/p>\n","protected":false},"featured_media":13131,"template":"","meta":{"ngg_post_thumbnail":0},"product_brand":[],"product_cat":[2283],"product_tag":[],"class_list":{"0":"post-13129","1":"product","2":"type-product","3":"status-publish","4":"has-post-thumbnail","6":"product_cat-orecchini","8":"first","9":"instock","10":"downloadable","11":"virtual","12":"purchasable","13":"product-type-simple"},"_links":{"self":[{"href":"https:\/\/ellad2.com\/italiano\/wp-json\/wp\/v2\/product\/13129","targetHints":{"allow":["GET"]}}],"collection":[{"href":"https:\/\/ellad2.com\/italiano\/wp-json\/wp\/v2\/product"}],"about":[{"href":"https:\/\/ellad2.com\/italiano\/wp-json\/wp\/v2\/types\/product"}],"wp:featuredmedia":[{"embeddable":true,"href":"https:\/\/ellad2.com\/italiano\/wp-json\/wp\/v2\/media\/13131"}],"wp:attachment":[{"href":"https:\/\/ellad2.com\/italiano\/wp-json\/wp\/v2\/media?parent=13129"}],"wp:term":[{"taxonomy":"product_brand","embeddable":true,"href":"https:\/\/ellad2.com\/italiano\/wp-json\/wp\/v2\/product_brand?post=13129"},{"taxonomy":"product_cat","embeddable":true,"href":"https:\/\/ellad2.com\/italiano\/wp-json\/wp\/v2\/product_cat?post=13129"},{"taxonomy":"product_tag","embeddable":true,"href":"https:\/\/ellad2.com\/italiano\/wp-json\/wp\/v2\/product_tag?post=13129"}],"curies":[{"name":"wp","href":"https:\/\/api.w.org\/{rel}","templated":true}]}}