{"id":12741,"date":"2017-01-04T12:38:23","date_gmt":"2017-01-04T17:38:23","guid":{"rendered":"https:\/\/ellad2.com\/italiano\/?post_type=product&#038;p=12741"},"modified":"2021-04-07T12:06:35","modified_gmt":"2021-04-07T17:06:35","slug":"ciondolo-mond","status":"publish","type":"product","link":"https:\/\/ellad2.com\/italiano\/product\/ciondolo-mond\/","title":{"rendered":"Tutorial Ciondolo Mond"},"content":{"rendered":"<p>Bellissimo ciondolo double face realizzato a peyote con \u00a0molti Swarovski luccicanti AB2X.<\/p>\n<p>Si pu\u00f2 vedere sulle foto entrambi i lati.<\/p>\n<p>Livello di progetto: Intermedio \/ avanzato .<\/p>\n<p>Anche se pu\u00f2 sembrare complicato realizzarlo , in realt\u00e0 \u00e8 molto semplice da creare. \u00c8 necessario avere familiarit\u00e0 con la tecnica peyote.<\/p>\nngg_shortcode_0_placeholder\n<p>Il Tutorial per il Ciondolo Mond\u00a0 \u00e8 molto dettagliato, facile da seguire, con spiegazioni e foto passo per passo .<\/p>\n<p>Lista materiali:<\/p>\n<ul>\n<li>Miyuki Delica 11\/0<\/li>\n<li>Miyuki roc. 15\/0 e 11\/0<\/li>\n<li>Swarovski Biconi 3mm e 4mm<\/li>\n<li>Asola<\/li>\n<li>Fireline 6lb<\/li>\n<li>Ago\u00a0 12 o ago Tulip taglia 11<\/li>\n<\/ul>\n<p>Il Tutorial per il Ciondolo \u00a0Mond \u00e8 un file in formato PDF.<\/p>\n<p>Istruzioni per il download:<\/p>\n<p>Dopoaver completato\u00a0 il pagamento \u00e8 si verr\u00e0 reindirizzati alla ellad2.com dove si trova il link (s) per il download. Clicca su &#8216;download&#8217; e si pu\u00f2 salvare il tutorial (s)<\/p>\n<p>Si ricever\u00e0 anche una e-mail con la conferma dell&#8217;ordine con il link (s) per il download. Clicca sul link (s) e download inizier\u00e0. Salvare il documento sul computer. Si prega, controllare la cartella spam \/ junk. \u00c8 sempre possibile controllare il vostro stato dell&#8217;ordine<\/p>\n<p>Siete invitati a vendere alcuni articoli si fanno da i miei modelli di bordatura che hai acquistato. Vedere i miei Termini e condizioni<\/p>\n<p>Copyright \u00a9 Ellad2<\/p>\n","protected":false},"excerpt":{"rendered":"<p>Bellissimo ciondolo double face realizzato a peyote con \u00a0molti Swarovski  [&#8230;]<\/p>\n","protected":false},"featured_media":12747,"template":"","meta":{"ngg_post_thumbnail":0},"product_brand":[],"product_cat":[2279],"product_tag":[],"class_list":{"0":"post-12741","1":"product","2":"type-product","3":"status-publish","4":"has-post-thumbnail","6":"product_cat-ciondoli","8":"first","9":"instock","10":"downloadable","11":"virtual","12":"purchasable","13":"product-type-simple"},"_links":{"self":[{"href":"https:\/\/ellad2.com\/italiano\/wp-json\/wp\/v2\/product\/12741","targetHints":{"allow":["GET"]}}],"collection":[{"href":"https:\/\/ellad2.com\/italiano\/wp-json\/wp\/v2\/product"}],"about":[{"href":"https:\/\/ellad2.com\/italiano\/wp-json\/wp\/v2\/types\/product"}],"wp:featuredmedia":[{"embeddable":true,"href":"https:\/\/ellad2.com\/italiano\/wp-json\/wp\/v2\/media\/12747"}],"wp:attachment":[{"href":"https:\/\/ellad2.com\/italiano\/wp-json\/wp\/v2\/media?parent=12741"}],"wp:term":[{"taxonomy":"product_brand","embeddable":true,"href":"https:\/\/ellad2.com\/italiano\/wp-json\/wp\/v2\/product_brand?post=12741"},{"taxonomy":"product_cat","embeddable":true,"href":"https:\/\/ellad2.com\/italiano\/wp-json\/wp\/v2\/product_cat?post=12741"},{"taxonomy":"product_tag","embeddable":true,"href":"https:\/\/ellad2.com\/italiano\/wp-json\/wp\/v2\/product_tag?post=12741"}],"curies":[{"name":"wp","href":"https:\/\/api.w.org\/{rel}","templated":true}]}}