{"id":12315,"date":"2016-12-12T10:54:06","date_gmt":"2016-12-12T15:54:06","guid":{"rendered":"https:\/\/ellad2.com\/italiano\/?post_type=product&#038;p=12315"},"modified":"2021-04-07T12:06:34","modified_gmt":"2021-04-07T17:06:34","slug":"vega-stella","status":"publish","type":"product","link":"https:\/\/ellad2.com\/italiano\/product\/vega-stella\/","title":{"rendered":"Tutorial Vega Stella"},"content":{"rendered":"<p>Ci sono molti modi per realizzare\u00a0 una stella con le perline (utilizzando diverse forme geometriche,). Vega Star \u00e8 in rilievo su entrambi i lati e le facce sono diverse. Pu\u00f2 essere utilizzato come ciondolo o come ornamento. Pu\u00f2 essere realizzato in molti colori e modelli.<\/p>\n<p>Dimensioni: 6,4 cm<\/p>\n<p>Livello di progetto: Intermedio. Anche se pu\u00f2 sembrare complicato, in realt\u00e0 \u00e8 molto semplice da realizzare.<\/p>\nngg_shortcode_0_placeholder\n<p>Il\u00a0 Tutorial per Vega Stella \u00e8 molto dettagliato (31 pagine), facile da seguire, con spiegazioni e foto passo per passo.<\/p>\n<p>Lista materiali:<\/p>\n<ul>\n<li>Miyuki rocailles 11\/0<\/li>\n<li>Miyuki Delica 11\/0<\/li>\n<li>Swarovski rivoli 14mm<\/li>\n<li>Swarovski perle 6mm (o qualsiasi perla da 6mm)<\/li>\n<li>Fireline 6lb<\/li>\n<li>Ago misura 12 o Tulip 11<\/li>\n<\/ul>\n<p>Il Tutorial per Vega Stella \u00e8 un file PDF.<\/p>\n<p>Istruzioni per il download:<\/p>\n<p>Dopo aver\u00a0 completato il pagamento\u00a0 si verr\u00e0 reindirizzati alla ellad2.com dove si trova il link (s) per il download. Clicca su &#8216;download&#8217; e si pu\u00f2 salvare il tutorial (s)<\/p>\n<p>Si ricever\u00e0 anche una e-mail con la conferma dell&#8217;ordine con il link (s) per il download. Clicca sul link (s) e download inizier\u00e0. Salvare il documento sul computer. Si prega, controllare la cartella spam \/ junk. \u00c8 sempre possibile controllare il vostro stato dell&#8217;ordine<\/p>\n<p>Siete invitati a vendere alcuni articoli si fanno da i miei modelli di bordatura che hai acquistato. Vedere i miei Termini e condizioni<\/p>\n<p>Copyright \u00a9 Ellad2<\/p>\n","protected":false},"excerpt":{"rendered":"<p>Ci sono molti modi per realizzare\u00a0 una stella con le  [&#8230;]<\/p>\n","protected":false},"featured_media":12317,"template":"","meta":{"ngg_post_thumbnail":0},"product_brand":[],"product_cat":[2279],"product_tag":[],"class_list":{"0":"post-12315","1":"product","2":"type-product","3":"status-publish","4":"has-post-thumbnail","6":"product_cat-ciondoli","8":"first","9":"instock","10":"downloadable","11":"virtual","12":"purchasable","13":"product-type-simple"},"_links":{"self":[{"href":"https:\/\/ellad2.com\/italiano\/wp-json\/wp\/v2\/product\/12315","targetHints":{"allow":["GET"]}}],"collection":[{"href":"https:\/\/ellad2.com\/italiano\/wp-json\/wp\/v2\/product"}],"about":[{"href":"https:\/\/ellad2.com\/italiano\/wp-json\/wp\/v2\/types\/product"}],"wp:featuredmedia":[{"embeddable":true,"href":"https:\/\/ellad2.com\/italiano\/wp-json\/wp\/v2\/media\/12317"}],"wp:attachment":[{"href":"https:\/\/ellad2.com\/italiano\/wp-json\/wp\/v2\/media?parent=12315"}],"wp:term":[{"taxonomy":"product_brand","embeddable":true,"href":"https:\/\/ellad2.com\/italiano\/wp-json\/wp\/v2\/product_brand?post=12315"},{"taxonomy":"product_cat","embeddable":true,"href":"https:\/\/ellad2.com\/italiano\/wp-json\/wp\/v2\/product_cat?post=12315"},{"taxonomy":"product_tag","embeddable":true,"href":"https:\/\/ellad2.com\/italiano\/wp-json\/wp\/v2\/product_tag?post=12315"}],"curies":[{"name":"wp","href":"https:\/\/api.w.org\/{rel}","templated":true}]}}