{"id":11365,"date":"2016-07-12T07:05:29","date_gmt":"2016-07-12T12:05:29","guid":{"rendered":"https:\/\/ellad2.com\/italiano\/?post_type=product&#038;p=11365"},"modified":"2021-04-07T12:06:33","modified_gmt":"2021-04-07T17:06:33","slug":"tutorial-braccialetto-diamond-duo","status":"publish","type":"product","link":"https:\/\/ellad2.com\/italiano\/product\/tutorial-braccialetto-diamond-duo\/","title":{"rendered":"Tutorial Braccialetto Diamond Duo"},"content":{"rendered":"<p>Bellissimo braccialetto realizzato con la tessitura di perle e con le bellissime Dimond Duo perline a due fori\u00a0 e O-beads.<\/p>\n<p>Progetto facile e veloce.<\/p>\n<p>Il tutorial \u00e8 molto dettagliato con foto e spiegazioni passo per passo.<\/p>\nngg_shortcode_0_placeholder\n<p>Materiali occorrenti :<\/p>\n<ul>\n<li>Miyuki roc. 15\/0, 11\/0, 8\/0<\/li>\n<li>Mezzicristalli 4mm<\/li>\n<li>Diamonds beads Duo a due fori\u00a0 5x8mm<\/li>\n<li>O-beads<\/li>\n<li>Fermaglio<\/li>\n<li>Fireline 6lb<\/li>\n<li>Aghi mis 12 o Tulip\u00a0 11<\/li>\n<\/ul>\n<p>Il Tutorial per il Braccialetto Diamond Duo \u00e8 un file in formato PDF.<\/p>\n<p>Istruzioni per il download:<\/p>\n<p>Dopo aver completato\u00a0 il pagamento si verr\u00e0 reindirizzati alla ellad2.com dove si trova il link (s) per il download. Clicca su &#8216;download&#8217; e si pu\u00f2 salvare il tutorial (s).<\/p>\n<p>Si ricever\u00e0 anche una e-mail con la conferma dell&#8217;ordine con il link (s) per il download. Clicca sul link (s) e download inizier\u00e0. Salvare il documento sul computer, perch\u00e9 si avr\u00e0 un tempo limitato per il download. Si prega, controllare la cartella spam \/ junk. \u00c8 sempre possibile controllare il vostro stato dell&#8217;ordine<\/p>\n<p>Siete invitati a vendere alcuni articoli si fanno da i miei modelli di bordatura che hai acquistato. Vedere i miei Termini e condizioni<\/p>\n<p>Copyright \u00a9 Ellad2<\/p>\n","protected":false},"excerpt":{"rendered":"<p>Bellissimo braccialetto realizzato con la tessitura di perle e con  [&#8230;]<\/p>\n","protected":false},"featured_media":11367,"template":"","meta":{"ngg_post_thumbnail":0},"product_brand":[],"product_cat":[2281],"product_tag":[],"class_list":{"0":"post-11365","1":"product","2":"type-product","3":"status-publish","4":"has-post-thumbnail","6":"product_cat-bracciali","8":"first","9":"instock","10":"downloadable","11":"virtual","12":"purchasable","13":"product-type-simple"},"_links":{"self":[{"href":"https:\/\/ellad2.com\/italiano\/wp-json\/wp\/v2\/product\/11365","targetHints":{"allow":["GET"]}}],"collection":[{"href":"https:\/\/ellad2.com\/italiano\/wp-json\/wp\/v2\/product"}],"about":[{"href":"https:\/\/ellad2.com\/italiano\/wp-json\/wp\/v2\/types\/product"}],"wp:featuredmedia":[{"embeddable":true,"href":"https:\/\/ellad2.com\/italiano\/wp-json\/wp\/v2\/media\/11367"}],"wp:attachment":[{"href":"https:\/\/ellad2.com\/italiano\/wp-json\/wp\/v2\/media?parent=11365"}],"wp:term":[{"taxonomy":"product_brand","embeddable":true,"href":"https:\/\/ellad2.com\/italiano\/wp-json\/wp\/v2\/product_brand?post=11365"},{"taxonomy":"product_cat","embeddable":true,"href":"https:\/\/ellad2.com\/italiano\/wp-json\/wp\/v2\/product_cat?post=11365"},{"taxonomy":"product_tag","embeddable":true,"href":"https:\/\/ellad2.com\/italiano\/wp-json\/wp\/v2\/product_tag?post=11365"}],"curies":[{"name":"wp","href":"https:\/\/api.w.org\/{rel}","templated":true}]}}