{"id":11283,"date":"2016-05-30T09:41:41","date_gmt":"2016-05-30T14:41:41","guid":{"rendered":"https:\/\/ellad2.com\/italiano\/?post_type=product&#038;p=11283"},"modified":"2021-04-07T12:06:32","modified_gmt":"2021-04-07T17:06:32","slug":"tutorial-braccialetto-pastelleta","status":"publish","type":"product","link":"https:\/\/ellad2.com\/italiano\/product\/tutorial-braccialetto-pastelleta\/","title":{"rendered":"Tutorial Braccialetto Pastelleta"},"content":{"rendered":"<p>Realizza il tuo Braccialetto Pastelleta con le superduo, mezzicristalli\u00a0 e O-beads. Livello di progetto: Tutti i livelli. L&#8217;unica cosa importante \u00e8 una buona tensione. Ilt utorial \u00e8 molto dettagliato con foto e spiegazioni passo per passo. ngg_shortcode_0_placeholder Lista materiali:<\/p>\n<ul>\n<li>Miyuki rocailles 11\/0 e 15\/0<\/li>\n<li>mezzicristalli 4mm<\/li>\n<li>2.5x5mm Superduo<\/li>\n<li>Perle da\u00a0 3 mm<\/li>\n<li>O-beads<\/li>\n<li>Fermaglio<\/li>\n<li>Fireline 6lb<\/li>\n<li>Aghi misura\u00a0 12 o Tulip 11<\/li>\n<\/ul>\n<p>Il tutorial del \u00a0Braccialetto Pastelleta \u00e8 un file in formato PDF. Istruzioni per il download: Dopo aver completato il\u00a0 pagamento si verr\u00e0 reindirizzati alla ellad2.com dove si trova il link (s) per il download. Clicca su &#8216;download&#8217; e si pu\u00f2 salvare il tutorial (s) Si ricever\u00e0 anche una e-mail con la conferma dell&#8217;ordine con il link (s) per il download. Clicca sul link (s) e download inizier\u00e0. Salvare il documento sul computer. Si prega, controllare la cartella spam \/ junk. \u00c8 sempre possibile controllare il vostro stato dell&#8217;ordine Siete invitati a vendere alcuni articoli si fanno da i miei modelli di bordatura che hai acquistato. Vedere i miei Termini e condizioni Copyright \u00a9 Ellad2<\/p>\n","protected":false},"excerpt":{"rendered":"<p>Realizza il tuo Braccialetto Pastelleta con le superduo, mezzicristalli\u00a0 e  [&#8230;]<\/p>\n","protected":false},"featured_media":11285,"template":"","meta":{"ngg_post_thumbnail":0},"product_brand":[],"product_cat":[2281],"product_tag":[2065,2061,2067,1881,2063],"class_list":{"0":"post-11283","1":"product","2":"type-product","3":"status-publish","4":"has-post-thumbnail","6":"product_cat-bracciali","7":"product_tag-ellad2-schemas","8":"product_tag-schema-bracciali","9":"product_tag-schemi-di-bracciali","10":"product_tag-schemi-di-perline","11":"product_tag-schmema-braccialetto","13":"first","14":"instock","15":"downloadable","16":"virtual","17":"purchasable","18":"product-type-simple"},"_links":{"self":[{"href":"https:\/\/ellad2.com\/italiano\/wp-json\/wp\/v2\/product\/11283","targetHints":{"allow":["GET"]}}],"collection":[{"href":"https:\/\/ellad2.com\/italiano\/wp-json\/wp\/v2\/product"}],"about":[{"href":"https:\/\/ellad2.com\/italiano\/wp-json\/wp\/v2\/types\/product"}],"wp:featuredmedia":[{"embeddable":true,"href":"https:\/\/ellad2.com\/italiano\/wp-json\/wp\/v2\/media\/11285"}],"wp:attachment":[{"href":"https:\/\/ellad2.com\/italiano\/wp-json\/wp\/v2\/media?parent=11283"}],"wp:term":[{"taxonomy":"product_brand","embeddable":true,"href":"https:\/\/ellad2.com\/italiano\/wp-json\/wp\/v2\/product_brand?post=11283"},{"taxonomy":"product_cat","embeddable":true,"href":"https:\/\/ellad2.com\/italiano\/wp-json\/wp\/v2\/product_cat?post=11283"},{"taxonomy":"product_tag","embeddable":true,"href":"https:\/\/ellad2.com\/italiano\/wp-json\/wp\/v2\/product_tag?post=11283"}],"curies":[{"name":"wp","href":"https:\/\/api.w.org\/{rel}","templated":true}]}}