{"id":11253,"date":"2016-05-19T17:13:21","date_gmt":"2016-05-19T22:13:21","guid":{"rendered":"https:\/\/ellad2.com\/italiano\/?post_type=product&#038;p=11253"},"modified":"2021-04-07T12:06:32","modified_gmt":"2021-04-07T17:06:32","slug":"tutorial-braccialetto-bea","status":"publish","type":"product","link":"https:\/\/ellad2.com\/italiano\/product\/tutorial-braccialetto-bea\/","title":{"rendered":"Tutorial Braccialetto Bea"},"content":{"rendered":"<p>Belle palle di\u00a0 perline con perle Honeycomb\u00a0 e Miniduo collegate con mezzi cristalli per\u00a0 formare un braccialetto splendida &#8230; Se si dispone di perline sufficient si puo\u2019 realizzare una collana splendida.<\/p>\n<p>Livello del progetto: intermedio.<\/p>\n<p>Il tutorial Braccialetto Bea \u00e8 molto dettagliato con foto e spiegazioni passo per passo.<\/p>\nngg_shortcode_0_placeholder\n<p>Lista material occorrente:<\/p>\n<ul>\n<li>Miyuki roc. 11\/0, 8\/0, 15\/0<\/li>\n<li>Perle honeycomb\u00a0 (la fila centrale con perline a nido d&#8217;ape \u00e8 possibile sostituirla\u00a0 ad esempio con icabochon a 2 fori\u00a0 e il braccialetto sar\u00e0 ancora pi\u00f9 bello). C&#8217;\u00e8 una foto nella galleria con questa variante.<\/li>\n<li>Miniduo 2x4mm (le\u00a0 Miniduo se si possono sostituire con le superduo\u00a0 2.5X5mm).<\/li>\n<li>Mezzi cristalli 4mm<\/li>\n<li>Fermaglio<\/li>\n<li>Fireline 6lb<\/li>\n<li>Aghi mis\u00a0 12 o tulip\u00a0 11<\/li>\n<\/ul>\n<p>Il Tutorial per Bea Bracelet \u00e8 un file in formato PDF.<\/p>\n<p><a href=\"https:\/\/ellad2.com\/italiano\/wp-content\/uploads\/2016\/05\/InspirationLOGO.jpg\"><img decoding=\"async\" class=\"lazyload wp-image-11257 alignnone\" src=\"https:\/\/ellad2.com\/italiano\/wp-content\/uploads\/2016\/05\/InspirationLOGO.jpg\" data-orig-src=\"https:\/\/ellad2.com\/italiano\/wp-content\/uploads\/2016\/05\/InspirationLOGO.jpg\" alt=\"InspirationLOGO\" width=\"81\" height=\"81\" srcset=\"data:image\/svg+xml,%3Csvg%20xmlns%3D%27http%3A%2F%2Fwww.w3.org%2F2000%2Fsvg%27%20width%3D%2781%27%20height%3D%2781%27%20viewBox%3D%270%200%2081%2081%27%3E%3Crect%20width%3D%2781%27%20height%3D%2781%27%20fill-opacity%3D%220%22%2F%3E%3C%2Fsvg%3E\" data-srcset=\"https:\/\/ellad2.com\/italiano\/wp-content\/uploads\/2016\/05\/InspirationLOGO-100x100.jpg 100w, https:\/\/ellad2.com\/italiano\/wp-content\/uploads\/2016\/05\/InspirationLOGO-110x110.jpg 110w, https:\/\/ellad2.com\/italiano\/wp-content\/uploads\/2016\/05\/InspirationLOGO.jpg 200w\" data-sizes=\"auto\" data-orig-sizes=\"(max-width: 81px) 100vw, 81px\" \/><\/a>Membro del BeadSmith Inspiration Squad<\/p>\n<p>Istruzioni per il download:<\/p>\n<p>Dopo aver completato il\u00a0 pagamento si verr\u00e0 reindirizzati alla ellad2.com dove si trova il link (s) per il download. Clicca su &#8216;download&#8217; e si pu\u00f2 salvare il tutorial (s)<\/p>\n<p>Si ricever\u00e0 anche una e-mail con la conferma dell&#8217;ordine con il link (s) per il download. Clicca sul link (s) e download inizier\u00e0. Salvare il documento sul computer. Si prega, controllare la cartella spam \/ junk. \u00c8 sempre possibile controllare il vostro stato dell&#8217;ordine<\/p>\n<p>Siete invitati a vendere alcuni articoli si fanno da i miei modelli di bordatura che hai acquistato. Vedere i miei Termini e condizioni<\/p>\n","protected":false},"excerpt":{"rendered":"<p>Belle palle di\u00a0 perline con perle Honeycomb\u00a0 e Miniduo collegate  [&#8230;]<\/p>\n","protected":false},"featured_media":11255,"template":"","meta":{"ngg_post_thumbnail":0},"product_brand":[],"product_cat":[2281],"product_tag":[],"class_list":{"0":"post-11253","1":"product","2":"type-product","3":"status-publish","4":"has-post-thumbnail","6":"product_cat-bracciali","8":"first","9":"instock","10":"downloadable","11":"virtual","12":"purchasable","13":"product-type-simple"},"_links":{"self":[{"href":"https:\/\/ellad2.com\/italiano\/wp-json\/wp\/v2\/product\/11253","targetHints":{"allow":["GET"]}}],"collection":[{"href":"https:\/\/ellad2.com\/italiano\/wp-json\/wp\/v2\/product"}],"about":[{"href":"https:\/\/ellad2.com\/italiano\/wp-json\/wp\/v2\/types\/product"}],"wp:featuredmedia":[{"embeddable":true,"href":"https:\/\/ellad2.com\/italiano\/wp-json\/wp\/v2\/media\/11255"}],"wp:attachment":[{"href":"https:\/\/ellad2.com\/italiano\/wp-json\/wp\/v2\/media?parent=11253"}],"wp:term":[{"taxonomy":"product_brand","embeddable":true,"href":"https:\/\/ellad2.com\/italiano\/wp-json\/wp\/v2\/product_brand?post=11253"},{"taxonomy":"product_cat","embeddable":true,"href":"https:\/\/ellad2.com\/italiano\/wp-json\/wp\/v2\/product_cat?post=11253"},{"taxonomy":"product_tag","embeddable":true,"href":"https:\/\/ellad2.com\/italiano\/wp-json\/wp\/v2\/product_tag?post=11253"}],"curies":[{"name":"wp","href":"https:\/\/api.w.org\/{rel}","templated":true}]}}