{"id":10371,"date":"2015-09-23T19:29:59","date_gmt":"2015-09-23T23:29:59","guid":{"rendered":"https:\/\/ellad2.com\/italiano\/?post_type=product&#038;p=10371"},"modified":"2021-04-07T12:06:29","modified_gmt":"2021-04-07T17:06:29","slug":"tutorial-bracciale-amaris","status":"publish","type":"product","link":"https:\/\/ellad2.com\/italiano\/product\/tutorial-bracciale-amaris\/","title":{"rendered":"Tutorial Bracciale Amaris"},"content":{"rendered":"<p>Bracciale Amaris<\/p>\n<p>Realizza questo bellissimo bracciale con pellet beads , Superduo e biconi Swarovski &#8230;<br \/>\nNon ci vuole molto a realizzarlo.<\/p>\n<p>Livello di abilit\u00e0: Intermedio. La cosa pi\u00f9 importante per questo bracciale \u00e8 la TENSIONE!<br \/>\nDimensioni del bracciale: lungo 16 cm senza chiusura, largo tre centimetri.<\/p>\nngg_shortcode_0_placeholder\n<p>Il tutorial \u00e8 molto dettagliato con spiegazioni e foto passo per passo.<\/p>\n<p><strong>Elenco dei materiali:<\/strong><\/p>\n<ul>\n<li>Rocaille (io ho usato Miyuki e Toho) 11\/0, 8\/0<\/li>\n<li>pellet beads<\/li>\n<li>Superduo<\/li>\n<li>Swarovski biconi 4 mm<\/li>\n<li>fermaglio<\/li>\n<li>Fireline 6 lb<\/li>\n<li>ago misura 12 o Tulip 11<\/li>\n<\/ul>\n<p>Il Tutorial Bracciale Amaris \u00e8 un file PDF.<\/p>\n<p>Istruzioni per il download:<br \/>\nDopo aver completato il pagamento sarete reindirizzati a ellad2.com dove si trova il link \/ s per il download. Clicca su &#8216;download&#8217; e scaricare inizier\u00e0. Salvare il documento sul computer.<\/p>\n<p>Si ricever\u00e0 anche una e-mail con la conferma d&#8217;ordine con il link \/ s per il download. Clicca sul link \/ s e download inizier\u00e0. Salvare il documento sul computer. Vi preghiamo di controllare la cartella spam \/ junk.<\/p>\n<p>Siete invitati a vendere alcuni articoli che fate dei miei modelli di bordatura che hai acquistato. Vedere i miei Condizioni<br \/>\nCopyright \u00a9 Ellad2<\/p>\n","protected":false},"excerpt":{"rendered":"<p>Bracciale Amaris Realizza questo bellissimo bracciale con pellet beads ,  [&#8230;]<\/p>\n","protected":false},"featured_media":10372,"template":"","meta":{"ngg_post_thumbnail":0},"product_brand":[],"product_cat":[2281],"product_tag":[],"class_list":{"0":"post-10371","1":"product","2":"type-product","3":"status-publish","4":"has-post-thumbnail","6":"product_cat-bracciali","8":"first","9":"instock","10":"downloadable","11":"virtual","12":"purchasable","13":"product-type-simple"},"_links":{"self":[{"href":"https:\/\/ellad2.com\/italiano\/wp-json\/wp\/v2\/product\/10371","targetHints":{"allow":["GET"]}}],"collection":[{"href":"https:\/\/ellad2.com\/italiano\/wp-json\/wp\/v2\/product"}],"about":[{"href":"https:\/\/ellad2.com\/italiano\/wp-json\/wp\/v2\/types\/product"}],"wp:featuredmedia":[{"embeddable":true,"href":"https:\/\/ellad2.com\/italiano\/wp-json\/wp\/v2\/media\/10372"}],"wp:attachment":[{"href":"https:\/\/ellad2.com\/italiano\/wp-json\/wp\/v2\/media?parent=10371"}],"wp:term":[{"taxonomy":"product_brand","embeddable":true,"href":"https:\/\/ellad2.com\/italiano\/wp-json\/wp\/v2\/product_brand?post=10371"},{"taxonomy":"product_cat","embeddable":true,"href":"https:\/\/ellad2.com\/italiano\/wp-json\/wp\/v2\/product_cat?post=10371"},{"taxonomy":"product_tag","embeddable":true,"href":"https:\/\/ellad2.com\/italiano\/wp-json\/wp\/v2\/product_tag?post=10371"}],"curies":[{"name":"wp","href":"https:\/\/api.w.org\/{rel}","templated":true}]}}