{"id":10339,"date":"2015-09-07T13:12:59","date_gmt":"2015-09-07T17:12:59","guid":{"rendered":"https:\/\/ellad2.com\/italiano\/?post_type=product&#038;p=10339"},"modified":"2021-04-07T12:06:29","modified_gmt":"2021-04-07T17:06:29","slug":"tutorial-braccialetto-rulleta","status":"publish","type":"product","link":"https:\/\/ellad2.com\/italiano\/product\/tutorial-braccialetto-rulleta\/","title":{"rendered":"Tutorial Braccialetto Rulleta"},"content":{"rendered":"<p>Braccialetto Rulleta<\/p>\n<p>Se ancora non sapete\u00a0 come usare le vostre perle Rulla e Superduo questa \u00e8 la soluzione! Invece di un braccialetto (o abbinato al braccialetto) si possono fare dei bellissimi orecchini. La costruzione \u00e8 molto solida.<\/p>\n<p>Livello di abilit\u00e0: Intermedio. La cosa pi\u00f9 importante per questo braccialetto \u00e8 la TENSIONE!<\/p>\nngg_shortcode_0_placeholder\n<p>Il tutorial Braccialetto Rulleta \u00e8 molto dettagliato con spiegazioni e foto passo per passo.<\/p>\n<p><strong>Elenco dei materiali necessary :<\/strong><\/p>\n<ul>\n<li>Miyuki roc.\u00a0 8\/0, 11\/0, 15\/0<\/li>\n<li>Rulla beds<\/li>\n<li>O-beads<\/li>\n<li>Superduo<\/li>\n<li>Mezzicristalli da 3mm<\/li>\n<li>Fireline 6lb (consigliato !!!)<\/li>\n<li>Aghi misura 12 o meglio ancora Tulip 11<\/li>\n<\/ul>\n<p>Il Tutorial\u00a0 per\u00a0 il Rulleta Bangle \u00e8 un file in formato PDF.<\/p>\n<p>Istruzioni per il download:<\/p>\n<p>Dopoaver completato\u00a0 il pagamento sarete reindirizzati a ellad2.com dove si trova il link \/ s per il download. Clicca su &#8216;download&#8217; e scaricare inizier\u00e0. Salvare il documento sul computer.<\/p>\n<p>Si ricever\u00e0 anche una e-mail con la conferma d&#8217;ordine con il link \/ s per il download. Clicca sul link \/ s e download inizier\u00e0. Salvare il documento sul computer. Vi preghiamo di controllare la cartella spam \/ junk.<\/p>\n<p>Siete invitati a vendere alcuni articoli che fate dei miei modelli di bordatura che hai acquistato. Vedere i miei Condizioni<\/p>\n<p>Copyright \u00a9 Ellad2<\/p>\n","protected":false},"excerpt":{"rendered":"<p>Braccialetto Rulleta Se ancora non sapete\u00a0 come usare le vostre  [&#8230;]<\/p>\n","protected":false},"featured_media":10340,"template":"","meta":{"ngg_post_thumbnail":0},"product_brand":[],"product_cat":[2281],"product_tag":[],"class_list":{"0":"post-10339","1":"product","2":"type-product","3":"status-publish","4":"has-post-thumbnail","6":"product_cat-bracciali","8":"first","9":"instock","10":"downloadable","11":"virtual","12":"purchasable","13":"product-type-simple"},"_links":{"self":[{"href":"https:\/\/ellad2.com\/italiano\/wp-json\/wp\/v2\/product\/10339","targetHints":{"allow":["GET"]}}],"collection":[{"href":"https:\/\/ellad2.com\/italiano\/wp-json\/wp\/v2\/product"}],"about":[{"href":"https:\/\/ellad2.com\/italiano\/wp-json\/wp\/v2\/types\/product"}],"wp:featuredmedia":[{"embeddable":true,"href":"https:\/\/ellad2.com\/italiano\/wp-json\/wp\/v2\/media\/10340"}],"wp:attachment":[{"href":"https:\/\/ellad2.com\/italiano\/wp-json\/wp\/v2\/media?parent=10339"}],"wp:term":[{"taxonomy":"product_brand","embeddable":true,"href":"https:\/\/ellad2.com\/italiano\/wp-json\/wp\/v2\/product_brand?post=10339"},{"taxonomy":"product_cat","embeddable":true,"href":"https:\/\/ellad2.com\/italiano\/wp-json\/wp\/v2\/product_cat?post=10339"},{"taxonomy":"product_tag","embeddable":true,"href":"https:\/\/ellad2.com\/italiano\/wp-json\/wp\/v2\/product_tag?post=10339"}],"curies":[{"name":"wp","href":"https:\/\/api.w.org\/{rel}","templated":true}]}}