{"id":10332,"date":"2015-09-02T10:03:21","date_gmt":"2015-09-02T14:03:21","guid":{"rendered":"https:\/\/ellad2.com\/italiano\/?post_type=product&#038;p=10332"},"modified":"2021-04-07T12:06:29","modified_gmt":"2021-04-07T17:06:29","slug":"tutorial-zahara-pendente","status":"publish","type":"product","link":"https:\/\/ellad2.com\/italiano\/product\/tutorial-zahara-pendente\/","title":{"rendered":"Tutorial Zahara Pendente"},"content":{"rendered":"<p>Zahara Pendente<\/p>\n<p>Ho creato un altro ciondolo incredibile con un\u00a0 brillante cabochon Lunasoft il quale ha sullos fondo un fogli argentato che riflette la luce\u00a0 e\u00a0 fa ancor iu\u2019 brillante l\u2019interno. La superficie opaca del cabochon \u00e8 incredibilmente morbida al tatto.<\/p>\n<p>Livello di abilit\u00e0: Intermedio. \u00c8 necessario avere familiarit\u00e0 con il peyote.\u00a0Dimensioni del ciondolo: 5,5 centimetri di diametro.<\/p>\nngg_shortcode_0_placeholder\n<p>Il tutorial Zahara Pendente \u00e8 molto dettagliato con spiegazioni e foto a colori passo per passo.<\/p>\n<p><strong>Elenco dei materiali:<\/strong><\/p>\n<ul>\n<li>Rocaille 15\/0, 11\/0<\/li>\n<li>Miyuki Delica 11\/0<\/li>\n<li>Lunasoft cabochon da\u00a0 24 mm<\/li>\n<li>Mezzicristalli da\u00a0 3mm e 4mm<\/li>\n<li>Fireline\u00a0 6lb<\/li>\n<li>Aghi misura 12 o meglio ancora I\u00a0 Tulip 11<\/li>\n<\/ul>\n<p>Il Tutorial perline per Zahara Pendente \u00e8 un file in formato PDF.<\/p>\n<p>Dopo aver completato\u00a0 il pagamento sarete reindirizzati a ellad2.com dove si trova il link \/ s per il download. Si ricever\u00e0 anche una e-mail con la conferma d&#8217;ordine e di nuovo con il link per il download. Cliccare sul link e scaricare inizier\u00e0. Salvare il documento sul computer. Vi preghiamo di controllare la cartella spam \/ junk.<\/p>\n<p>Siete invitati a vendere alcuni articoli che fate dei miei modelli di bordatura che hai acquistato. Leggere Termini e Condizioni<\/p>\n<p>Copyright \u00a9 Ellad2 2015<\/p>\n","protected":false},"excerpt":{"rendered":"<p>Zahara Pendente Ho creato un altro ciondolo incredibile con un\u00a0  [&#8230;]<\/p>\n","protected":false},"featured_media":10333,"template":"","meta":{"ngg_post_thumbnail":0},"product_brand":[],"product_cat":[2279],"product_tag":[],"class_list":{"0":"post-10332","1":"product","2":"type-product","3":"status-publish","4":"has-post-thumbnail","6":"product_cat-ciondoli","8":"first","9":"instock","10":"downloadable","11":"virtual","12":"purchasable","13":"product-type-simple"},"_links":{"self":[{"href":"https:\/\/ellad2.com\/italiano\/wp-json\/wp\/v2\/product\/10332","targetHints":{"allow":["GET"]}}],"collection":[{"href":"https:\/\/ellad2.com\/italiano\/wp-json\/wp\/v2\/product"}],"about":[{"href":"https:\/\/ellad2.com\/italiano\/wp-json\/wp\/v2\/types\/product"}],"wp:featuredmedia":[{"embeddable":true,"href":"https:\/\/ellad2.com\/italiano\/wp-json\/wp\/v2\/media\/10333"}],"wp:attachment":[{"href":"https:\/\/ellad2.com\/italiano\/wp-json\/wp\/v2\/media?parent=10332"}],"wp:term":[{"taxonomy":"product_brand","embeddable":true,"href":"https:\/\/ellad2.com\/italiano\/wp-json\/wp\/v2\/product_brand?post=10332"},{"taxonomy":"product_cat","embeddable":true,"href":"https:\/\/ellad2.com\/italiano\/wp-json\/wp\/v2\/product_cat?post=10332"},{"taxonomy":"product_tag","embeddable":true,"href":"https:\/\/ellad2.com\/italiano\/wp-json\/wp\/v2\/product_tag?post=10332"}],"curies":[{"name":"wp","href":"https:\/\/api.w.org\/{rel}","templated":true}]}}