{"id":10325,"date":"2015-08-31T10:49:07","date_gmt":"2015-08-31T14:49:07","guid":{"rendered":"https:\/\/ellad2.com\/italiano\/?post_type=product&#038;p=10325"},"modified":"2021-04-07T12:06:28","modified_gmt":"2021-04-07T17:06:28","slug":"tutorial-pendente-amarande","status":"publish","type":"product","link":"https:\/\/ellad2.com\/italiano\/product\/tutorial-pendente-amarande\/","title":{"rendered":"Tutorial Pendente Amarande"},"content":{"rendered":"<p>Pendente Amarande<\/p>\n<p>Bellissimo pendente a fiore lavorato con la tecnica peyote e brick stich.<\/p>\n<p>Livello di abilit\u00e0: Avanzato . \u00c8 necessario avere familiarit\u00e0 con il peyote e il brick stich.<\/p>\n<p>Il tutorial Pendente Amarande \u00e8 molto dettagliato con spiegazione passo per passo e foto a colori.<\/p>\nngg_shortcode_0_placeholder\n<p><strong>Elenco dei materiali:<\/strong><\/p>\n<ul>\n<li>Miyuki Delica 11\/0<\/li>\n<li>Rocailles Miyuki 15\/0, 11\/0, 8\/0<\/li>\n<li>\u00a0Swarovski rivoli 12 mm<\/li>\n<li>\u00a0Swarovski biconi 4 mm<\/li>\n<li>Fireline\u00a0 6lb<\/li>\n<li>Aghi mis\u00a0 12 o meglio ancora Tulip 11<\/li>\n<\/ul>\n<p>Il Tutorial perline per Pendente Amarande \u00e8 un file in formato PDF.<\/p>\n<p>Dopo aver completato il pagamento sarete reindirizzati a ellad2.com dove si trova il link \/ s per il download. Si ricever\u00e0 anche una e-mail con la conferma d&#8217;ordine e di nuovo con il link per il download. Cliccare sul link e scaricare inizier\u00e0. Salvare il documento sul computer. Vi preghiamo di controllare la cartella spam \/ junk.<\/p>\n<p>Siete invitati a vendere alcuni articoli che fate dei miei modelli di bordatura che hai acquistato. Vedere i miei Condizioni<\/p>\n<p>Copyright \u00a9 Ellad2<\/p>\n","protected":false},"excerpt":{"rendered":"<p>Pendente Amarande Bellissimo pendente a fiore lavorato con la tecnica  [&#8230;]<\/p>\n","protected":false},"featured_media":10326,"template":"","meta":{"ngg_post_thumbnail":0},"product_brand":[],"product_cat":[2279],"product_tag":[],"class_list":{"0":"post-10325","1":"product","2":"type-product","3":"status-publish","4":"has-post-thumbnail","6":"product_cat-ciondoli","8":"first","9":"instock","10":"downloadable","11":"virtual","12":"purchasable","13":"product-type-simple"},"_links":{"self":[{"href":"https:\/\/ellad2.com\/italiano\/wp-json\/wp\/v2\/product\/10325","targetHints":{"allow":["GET"]}}],"collection":[{"href":"https:\/\/ellad2.com\/italiano\/wp-json\/wp\/v2\/product"}],"about":[{"href":"https:\/\/ellad2.com\/italiano\/wp-json\/wp\/v2\/types\/product"}],"wp:featuredmedia":[{"embeddable":true,"href":"https:\/\/ellad2.com\/italiano\/wp-json\/wp\/v2\/media\/10326"}],"wp:attachment":[{"href":"https:\/\/ellad2.com\/italiano\/wp-json\/wp\/v2\/media?parent=10325"}],"wp:term":[{"taxonomy":"product_brand","embeddable":true,"href":"https:\/\/ellad2.com\/italiano\/wp-json\/wp\/v2\/product_brand?post=10325"},{"taxonomy":"product_cat","embeddable":true,"href":"https:\/\/ellad2.com\/italiano\/wp-json\/wp\/v2\/product_cat?post=10325"},{"taxonomy":"product_tag","embeddable":true,"href":"https:\/\/ellad2.com\/italiano\/wp-json\/wp\/v2\/product_tag?post=10325"}],"curies":[{"name":"wp","href":"https:\/\/api.w.org\/{rel}","templated":true}]}}