{"id":10127,"date":"2015-03-22T09:38:34","date_gmt":"2015-03-22T13:38:34","guid":{"rendered":"https:\/\/ellad2.com\/italiano\/?post_type=product&#038;p=10127"},"modified":"2021-04-07T12:06:27","modified_gmt":"2021-04-07T17:06:27","slug":"tutorial-girocollo-pelleta","status":"publish","type":"product","link":"https:\/\/ellad2.com\/italiano\/product\/tutorial-girocollo-pelleta\/","title":{"rendered":"Tutorial Girocollo Pelleta"},"content":{"rendered":"<p>Girocollo Pelleta<\/p>\n<p>Il bellissimo girocollo Pelleta \u00e8 realizzato con le nuove pellet beads e perline.<\/p>\n<p>Giocare con i colori \u00e8 molto semplice.<\/p>\n<p>Il tutorial \u00e8 molto dettagliato, facile da seguire, con istruzioni chiare e foto a colori passo per passo.<\/p>\n<p>Livello di progetto: tutti i livelli<\/p>\nngg_shortcode_0_placeholder\n<p><strong>Lista Materiale:<\/strong><\/p>\n<ul>\n<li>Rocaille 15\/0, 11\/0, 8\/0<\/li>\n<li>Pellet Beads<\/li>\n<li>Fermaglio<\/li>\n<li>Fireline\u00a0 6 lb<\/li>\n<li>Aghi misura\u00a0 12 o Tulip 11<\/li>\n<\/ul>\n<p>Il Tutorial \u00e8 un file PDF. Dopo aver completato il pagamento si verr\u00e0 reindirizzati alla pagina ellad2.com dove troverete il link per scaricare il vostro tutorial acquistato. Si ricever\u00e0 anche una e-mail con la conferma d&#8217;ordine e il link per il download. (per favore, controlla la tua cartella spam \/ junk)<\/p>\n<p>Siete invitati a vendere alcuni articoli che fate dei miei modelli bordare acquistati. Vedere i miei Termini e condizioni<\/p>\n<p>Copyright \u00a9 Ellad2<\/p>\n","protected":false},"excerpt":{"rendered":"<p>Girocollo Pelleta Il bellissimo girocollo Pelleta \u00e8 realizzato con le  [&#8230;]<\/p>\n","protected":false},"featured_media":10128,"template":"","meta":{"ngg_post_thumbnail":0},"product_brand":[],"product_cat":[2285],"product_tag":[],"class_list":{"0":"post-10127","1":"product","2":"type-product","3":"status-publish","4":"has-post-thumbnail","6":"product_cat-collane","8":"first","9":"instock","10":"downloadable","11":"virtual","12":"purchasable","13":"product-type-simple"},"_links":{"self":[{"href":"https:\/\/ellad2.com\/italiano\/wp-json\/wp\/v2\/product\/10127","targetHints":{"allow":["GET"]}}],"collection":[{"href":"https:\/\/ellad2.com\/italiano\/wp-json\/wp\/v2\/product"}],"about":[{"href":"https:\/\/ellad2.com\/italiano\/wp-json\/wp\/v2\/types\/product"}],"wp:featuredmedia":[{"embeddable":true,"href":"https:\/\/ellad2.com\/italiano\/wp-json\/wp\/v2\/media\/10128"}],"wp:attachment":[{"href":"https:\/\/ellad2.com\/italiano\/wp-json\/wp\/v2\/media?parent=10127"}],"wp:term":[{"taxonomy":"product_brand","embeddable":true,"href":"https:\/\/ellad2.com\/italiano\/wp-json\/wp\/v2\/product_brand?post=10127"},{"taxonomy":"product_cat","embeddable":true,"href":"https:\/\/ellad2.com\/italiano\/wp-json\/wp\/v2\/product_cat?post=10127"},{"taxonomy":"product_tag","embeddable":true,"href":"https:\/\/ellad2.com\/italiano\/wp-json\/wp\/v2\/product_tag?post=10127"}],"curies":[{"name":"wp","href":"https:\/\/api.w.org\/{rel}","templated":true}]}}