{"id":10094,"date":"2015-03-02T10:50:16","date_gmt":"2015-03-02T14:50:16","guid":{"rendered":"https:\/\/ellad2.com\/italiano\/?post_type=product&#038;p=10094"},"modified":"2021-04-07T12:06:27","modified_gmt":"2021-04-07T17:06:27","slug":"tutorial-braccialetto-caneel","status":"publish","type":"product","link":"https:\/\/ellad2.com\/italiano\/product\/tutorial-braccialetto-caneel\/","title":{"rendered":"Tutorial Braccialetto Caneel"},"content":{"rendered":"<p>Braccialetto Caneel<\/p>\n<p>Bellissimo Braccialetto Caneel realizzato con Superduo, O-beads, perle e mezzicristalli.<\/p>\n<p>Facile e si pu\u00f2 giocare con i colori delle perle.<\/p>\n<p>Progetto livello di abilit\u00e0: tutti i livelli.<\/p>\n<p>Il tutorial \u00e8 molto dettagliato con foto a colori e spiegazioni passo per passo.<\/p>\nngg_shortcode_0_placeholder\n<p><strong>Lista materiale:<\/strong><\/p>\n<ul>\n<li>Perline Miyuki 8\/0, 11\/0, 15\/0<\/li>\n<li>Perle da 4 mm<\/li>\n<li>Mezzicristalli 4 mm<\/li>\n<li>Superduo (2 colori)<\/li>\n<li>O-beads<\/li>\n<li>Fermaglio<\/li>\n<li>Fireline 6lb<\/li>\n<li>Ago mis 12 o Tulip 11<\/li>\n<\/ul>\n<p>Il perline Tutorial \u00e8 un file PDF. Dopo aver completato il pagamento si verr\u00e0 reindirizzati alla pagina ellad2.com dove troverete il link per scaricare il vostro tutorial (s) acquistati. Si ricever\u00e0 anche una e-mail con la conferma d&#8217;ordine e il link per il download. (per favore, controlla la tua cartella spam \/ junk)<\/p>\n<p>Siete invitati a vendere alcuni articoli che fate dei miei modelli bordare acquistati. Vedere i miei Termini e condizioni<\/p>\n<p>Copyright \u00a9 Ellad2<\/p>\n","protected":false},"excerpt":{"rendered":"<p>Braccialetto Caneel Bellissimo Braccialetto Caneel realizzato con Superduo, O-beads, perle  [&#8230;]<\/p>\n","protected":false},"featured_media":10095,"template":"","meta":{"ngg_post_thumbnail":0},"product_brand":[],"product_cat":[2281],"product_tag":[],"class_list":{"0":"post-10094","1":"product","2":"type-product","3":"status-publish","4":"has-post-thumbnail","6":"product_cat-bracciali","8":"first","9":"instock","10":"downloadable","11":"virtual","12":"purchasable","13":"product-type-simple"},"_links":{"self":[{"href":"https:\/\/ellad2.com\/italiano\/wp-json\/wp\/v2\/product\/10094","targetHints":{"allow":["GET"]}}],"collection":[{"href":"https:\/\/ellad2.com\/italiano\/wp-json\/wp\/v2\/product"}],"about":[{"href":"https:\/\/ellad2.com\/italiano\/wp-json\/wp\/v2\/types\/product"}],"wp:featuredmedia":[{"embeddable":true,"href":"https:\/\/ellad2.com\/italiano\/wp-json\/wp\/v2\/media\/10095"}],"wp:attachment":[{"href":"https:\/\/ellad2.com\/italiano\/wp-json\/wp\/v2\/media?parent=10094"}],"wp:term":[{"taxonomy":"product_brand","embeddable":true,"href":"https:\/\/ellad2.com\/italiano\/wp-json\/wp\/v2\/product_brand?post=10094"},{"taxonomy":"product_cat","embeddable":true,"href":"https:\/\/ellad2.com\/italiano\/wp-json\/wp\/v2\/product_cat?post=10094"},{"taxonomy":"product_tag","embeddable":true,"href":"https:\/\/ellad2.com\/italiano\/wp-json\/wp\/v2\/product_tag?post=10094"}],"curies":[{"name":"wp","href":"https:\/\/api.w.org\/{rel}","templated":true}]}}