{"id":22079,"date":"2018-07-15T12:16:56","date_gmt":"2018-07-15T17:16:56","guid":{"rendered":"https:\/\/ellad2.com\/italiano\/?page_id=22079"},"modified":"2018-07-15T12:17:26","modified_gmt":"2018-07-15T17:17:26","slug":"termini-condizioni","status":"publish","type":"page","link":"https:\/\/ellad2.com\/italiano\/termini-condizioni\/","title":{"rendered":"Termini e condizioni:"},"content":{"rendered":"<h2><em>Termini e condizioni:<\/em><\/h2>\n<p><em>I Tutorial sono per uso personale e commerciale:<\/em><\/p>\n<p><em>Acquistando un tutorial di tessitura da Ellad2.com accetti i seguenti termini e condizioni.<\/em><\/p>\n<p><em>La base \u00e8 molto semplice:<br \/>\n<\/em><em>Il tutorial di perline che hai acquistato \u00e8 solo per uso personale.<br \/>\n<\/em><em>NON hai il permesso di condividere, vendere, copiare o distribuire nulla dal tutorial di tessitura. Il copyright rimarr\u00e0 su Ellad2.com<\/em><\/p>\n<p><em>Per essere pi\u00f9 specifici che include:<\/em><\/p>\n<ul>\n<li><em> Il design dei gioielli di perline.<\/em><\/li>\n<li><em> il Tutorial (file PDF) contenente tutto il testo e le foto.<\/em><\/li>\n<\/ul>\n<p><em>Eccezioni per uso personale:<\/em><\/p>\n<ul>\n<li><em> Sei libero di vendere gli oggetti che hai realizzato con i miei tutorial di perline, che hai acquistato, purch\u00e9 non si tratti di produzione in serie.<\/em><\/li>\n<li><em> Dare credito per il design a Ellad2 quando pubblichi il tuo lavoro<\/em><\/li>\n<\/ul>\n<p><em>Pratico: dai un link a Ellad2.com<\/em><\/p>\n<p><em>Uso commerciale:<br \/>\n<\/em><em>Anche molto semplice<br \/>\n<\/em><em>Quando sei interessato:<\/em><\/p>\n<ul>\n<li><em> Ia dare corsi o altro uso commerciale, per favore contattami.<\/em><\/li>\n<\/ul>\n<p><em>Politica di rimborso dell&#8217;esercitazione:<\/em><\/p>\n<ul>\n<li><em> Poich\u00e9 il tutorial sul bordamento \u00e8 un bene digitale (file PDF), purtroppo non \u00e8 rimborsabile.<\/em><\/li>\n<li><em> Una transazione diventa definitiva una volta scaricato il file PDF dell&#8217;esercitazione di tessitura o inviato per e-mail all&#8217;acquirente.<\/em><\/li>\n<li><em> Nel caso in cui non fossi soddisfatto del tuo acquisto, ti prego di contattarmi.<\/em><\/li>\n<\/ul>\n<p><em>Modifiche a questo documento<\/em><\/p>\n<p><em>Le modifiche a questo documento possono essere apportate di volta in volta senza preavviso. Ellad2.com pu\u00f2 o meno notificarti delle modifiche. Tutte le modifiche apportate verranno pubblicate qui.<\/em><\/p>\n","protected":false},"excerpt":{"rendered":"<p>Termini e condizioni: I Tutorial sono per uso personale e  [&#8230;]<\/p>\n","protected":false},"author":375,"featured_media":0,"parent":0,"menu_order":0,"comment_status":"closed","ping_status":"closed","template":"","meta":{"ngg_post_thumbnail":0,"footnotes":""},"class_list":["post-22079","page","type-page","status-publish","hentry"],"_links":{"self":[{"href":"https:\/\/ellad2.com\/italiano\/wp-json\/wp\/v2\/pages\/22079","targetHints":{"allow":["GET"]}}],"collection":[{"href":"https:\/\/ellad2.com\/italiano\/wp-json\/wp\/v2\/pages"}],"about":[{"href":"https:\/\/ellad2.com\/italiano\/wp-json\/wp\/v2\/types\/page"}],"author":[{"embeddable":true,"href":"https:\/\/ellad2.com\/italiano\/wp-json\/wp\/v2\/users\/375"}],"replies":[{"embeddable":true,"href":"https:\/\/ellad2.com\/italiano\/wp-json\/wp\/v2\/comments?post=22079"}],"version-history":[{"count":0,"href":"https:\/\/ellad2.com\/italiano\/wp-json\/wp\/v2\/pages\/22079\/revisions"}],"wp:attachment":[{"href":"https:\/\/ellad2.com\/italiano\/wp-json\/wp\/v2\/media?parent=22079"}],"curies":[{"name":"wp","href":"https:\/\/api.w.org\/{rel}","templated":true}]}}