{"id":1998,"date":"2010-09-28T18:36:54","date_gmt":"2010-09-28T17:36:54","guid":{"rendered":"https:\/\/ellad2.com\/italiano\/"},"modified":"2018-07-14T08:47:36","modified_gmt":"2018-07-14T13:47:36","slug":"passione-di-perline","status":"publish","type":"page","link":"https:\/\/ellad2.com\/italiano\/passione-di-perline\/","title":{"rendered":"Su di me"},"content":{"rendered":"<p><strong>La mia storia \u00e8 un po &#8216;diversa &#8230;&#8230;<\/strong><\/p>\n<p>Sono nato e cresciuto a Belgrado, in Serbia. Mi sono laureato presso l&#8217;Universit\u00e0 di scienze economiche con un master in Marketing Management e PR. Accanto a quella &#8220;parte ufficiale&#8221; della mia vita, dal momento che ricordo, le mie mani sono sempre state occupate. Stavo cucendo, tessendo, lavorando a maglia &#8230; ho persino realizzato alcuni pezzi di arredamento per il mio appartamento.<\/p>\n<p>Dopo 15 anni di stress permanente e lavorando pi\u00f9 di 10 ore al giorno, ho lasciato il mio ambiente elegante e ho scelto di vivere su una barca a vela di 45 piedi per navigare intorno al mondo con Man-I-Love. Ero a met\u00e0 dei miei&nbsp; 40 anni . Prendere questa decisione non \u00e8 stato facile, ma non mi pento mai. Potrei scrivere molto di pi\u00f9 su questo argomento, ma poi lo chiameremmo &#8216;un libro&#8217; non una breve descrizione di me e del mio lavoro.<\/p>\n<p>Abbiamo lasciato l&#8217;Europa attraversando l&#8217;Oceano Atlantico, navigato nei Caraibi per alcuni anni, superato il canale di Panama e in questo momento siamo in Messico (luglio 2018).<\/p>\n<p>[ngg_images source=&#8221;galleries&#8221; container_ids=&#8221;449&#8243; display_type=&#8221;photocrati-nextgen_basic_thumbnails&#8221; override_thumbnail_settings=&#8221;0&#8243; thumbnail_width=&#8221;100&#8243; thumbnail_height=&#8221;75&#8243; thumbnail_crop=&#8221;1&#8243; images_per_page=&#8221;20&#8243; number_of_columns=&#8221;0&#8243; ajax_pagination=&#8221;0&#8243; show_all_in_lightbox=&#8221;0&#8243; use_imagebrowser_effect=&#8221;0&#8243; show_slideshow_link=&#8221;0&#8243; slideshow_link_text=&#8221;[slideshow]&#8221; order_by=&#8221;sortorder&#8221; order_direction=&#8221;ASC&#8221; returns=&#8221;included&#8221; maximum_entity_count=&#8221;500&#8243;]<\/p>\n<p><strong>Come ho iniziato?<\/strong><\/p>\n<p>Sulle isole Canarie ho incontrato una donna dalla Germania che mi ha mostrato i suoi gioielli con perline. ME ne sono innamorata!! Mi ha mostrato in due ore un punto base: il peyote. Dopo di ci\u00f2 trascinai mio marito in tutti i tipi di negozi di artigianato, comprai perline di plastica e cominciai. Ho trascorso settimane sull&#8217;apprendimento di Internet. Ho fatto un&#8217;enorme quantit\u00e0 di pezzi, li ho distrutti e ne ho fatti altri. E poi \u00e8 stato il momento di usare le vere perline &#8211; perline di vetro! Ero inarrestabile ?<\/p>\n<p>Per me, mi \u00e8 sembrato un pulsante creativo nascosto, quello che stava aspettando da molto tempo, \u00e8 stato premuto di nuovo.<\/p>\n<p>E la mia nuova passione, professione e un modo per guadagnarmi da vivere sono nati!<\/p>\n<p>&nbsp;<\/p>\n<p><strong>Informazioni sul mio processo creativo:<\/strong><\/p>\n<p>Non faccio disegni e per la maggior parte del tempo non so cosa far\u00f2.<\/p>\n<p><img decoding=\"async\" class=\"lazyload size-full wp-image-22045 alignright\" src=\"https:\/\/ellad2.com\/italiano\/wp-content\/uploads\/2018\/07\/Ellad2-beading-creative-explosion.png\" data-orig-src=\"https:\/\/ellad2.com\/italiano\/wp-content\/uploads\/2018\/07\/Ellad2-beading-creative-explosion.png\" alt=\"Ellad2-beading-creative-explosion\" width=\"300\" height=\"193\" srcset=\"data:image\/svg+xml,%3Csvg%20xmlns%3D%27http%3A%2F%2Fwww.w3.org%2F2000%2Fsvg%27%20width%3D%27300%27%20height%3D%27193%27%20viewBox%3D%270%200%20300%20193%27%3E%3Crect%20width%3D%27300%27%20height%3D%27193%27%20fill-opacity%3D%220%22%2F%3E%3C%2Fsvg%3E\" data-srcset=\"https:\/\/ellad2.com\/italiano\/wp-content\/uploads\/2018\/07\/Ellad2-beading-creative-explosion-200x129.png 200w, https:\/\/ellad2.com\/italiano\/wp-content\/uploads\/2018\/07\/Ellad2-beading-creative-explosion.png 300w\" data-sizes=\"auto\" data-orig-sizes=\"(max-width: 300px) 100vw, 300px\" \/><\/p>\n<p>L&#8217;inizio \u00e8 la parte pi\u00f9 difficile &#8230; inizio a tessere e poi il mio cervello e le mie mani prendono il sopravvento.<\/p>\n<p>Le forme appaiono e scompaiono, un mix di tecniche, ogni tipo di perline e un gran casino intorno a me (mio marito chiama &#8220;l&#8217;esplosione creativa&#8221;) e improvvisamente in quel processo, \u00e8 chiaro per me cosa sto per fare. Non \u00e8 solo il risultato che mi piace, ma anche il viaggio verso di esso. Quando il mio nuovo design \u00e8 nato, devo fare il tutorial. Cos\u00ec lo faccio di nuovo e ogni tanto mi pongo la domanda: &#8220;Hey donna, come hai fatto?&#8221; ?<\/p>\n<p><strong>Ispirazione?<\/strong><\/p>\n<p>Direi che il pi\u00f9 delle volte i colori e la forma delle perle sono la fonte della mia ispirazione.<\/p>\n<p>Ho anche ricevuto l&#8217;ispirazione dalla natura, naturalmente, perch\u00e9 siamo molto legati alla natura nella nostra vita quotidiana.<\/p>\n<p>Sono sempre sorpresa quando vedo il mio gioiello finito come ci arrivo? Ho cos\u00ec tante idee e sicuramente non ho abbastanza tempo per fare tutto ci\u00f2 che voglio e pensare. Questo \u00e8 particolarmente frustrato nel tempo in cui stiamo navigando, spostandoci da un posto all&#8217;altro in un altro &#8230; E questo pu\u00f2 durare a volte qualche mese. Durante la navigazione non riesco a tallonare. I movimenti della barca sono semplicemente troppo ?<\/p>\n<p><strong>Informazioni sui miei disegni:<\/strong><\/p>\n<p>Non ho uno stile specifico. I miei disegni sono tutti diversi. Puoi trovare vittoriano, moderno e contemporaneo nel mio lavoro e puoi trovarli tutti in un unico pezzo. Io uso molti colori e sfumature viola e blu. Certo, l&#8217;oro, l&#8217;argento e il bronzo vanno d&#8217;accordo.<\/p>\n<p><strong>Colore \/ i preferito:<\/strong><\/p>\n<p>Il colore conta. Tutti quelli che conoscono il mio lavoro hanno notato che tutte le sfumature del viola sono i miei colori &#8230; Il viola \u00e8 molto raro in natura e forse proprio per questo lo coinvolgo nelle mie creazioni come il mio subconscio cerco di creare un qualche tipo di equilibrio nella mia mente. E s\u00ec, mi piacciono anche tutte le sfumature di blu. Tutta l&#8217;acqua intorno a noi ha fatto il suo lavoro ?<\/p>\n<p>Ultimamente, i colori pastello sono diventati interessanti per me. L&#8217;unico problema che ho con loro \u00e8 &#8211; come fare una buona foto ?<\/p>\n<p><strong>Perline o forme di perline preferite:<\/strong><\/p>\n<p>Sono tutti preferiti e li amo profondamente ? Solo alcune perle che uso pi\u00f9 degli altri.<\/p>\n<p><strong>Punto bordatura preferito:<\/strong><\/p>\n<p>Non ho il punto di perline preferito. Li amo tutti soprattutto quando &#8220;lavorano per me&#8221; in momenti creativi.<\/p>\n<p><strong>Il design \/ modello pi\u00f9 popolare fino ad oggi?<\/strong><\/p>\n<p>Braccialetto marrone, pendente Morning Glory, pendente Eau de Source, bracciale Annelies e orecchini Super square.<\/p>\n<p><a href=\"https:\/\/ellad2.com\/italiano\/product\/tutorial-bracciale-maroon\/\"><img decoding=\"async\" class=\"lazyload wp-image-4944 alignleft\" src=\"https:\/\/ellad2.com\/italiano\/wp-content\/uploads\/2010\/09\/Maroon-Bracelet-tutorial-Ellad2.jpg\" data-orig-src=\"https:\/\/ellad2.com\/italiano\/wp-content\/uploads\/2010\/09\/Maroon-Bracelet-tutorial-Ellad2.jpg\" alt=\"https:\/\/ellad2.com\/italiano\/product\/tutorial-bracciale-maroon\/\" width=\"150\" height=\"124\" srcset=\"data:image\/svg+xml,%3Csvg%20xmlns%3D%27http%3A%2F%2Fwww.w3.org%2F2000%2Fsvg%27%20width%3D%27150%27%20height%3D%27124%27%20viewBox%3D%270%200%20150%20124%27%3E%3Crect%20width%3D%27150%27%20height%3D%27124%27%20fill-opacity%3D%220%22%2F%3E%3C%2Fsvg%3E\" data-srcset=\"https:\/\/ellad2.com\/italiano\/wp-content\/uploads\/2010\/09\/Maroon-Bracelet-tutorial-Ellad2-300x248.jpg 300w, https:\/\/ellad2.com\/italiano\/wp-content\/uploads\/2010\/09\/Maroon-Bracelet-tutorial-Ellad2-400x331.jpg 400w, https:\/\/ellad2.com\/italiano\/wp-content\/uploads\/2010\/09\/Maroon-Bracelet-tutorial-Ellad2.jpg 500w\" data-sizes=\"auto\" data-orig-sizes=\"(max-width: 150px) 100vw, 150px\" \/><\/a><\/p>\n<p><a href=\"https:\/\/ellad2.com\/italiano\/product\/tutorial-morning-glory-pendente\/\"><img decoding=\"async\" class=\"lazyload alignleft wp-image-9315\" src=\"https:\/\/ellad2.com\/italiano\/wp-content\/uploads\/2014\/04\/schemi-di-perline-morning-glory-pendente.jpg\" data-orig-src=\"https:\/\/ellad2.com\/italiano\/wp-content\/uploads\/2014\/04\/schemi-di-perline-morning-glory-pendente.jpg\" alt=\"schemi-di-perline-morning-glory-pendente\" width=\"150\" height=\"129\" srcset=\"data:image\/svg+xml,%3Csvg%20xmlns%3D%27http%3A%2F%2Fwww.w3.org%2F2000%2Fsvg%27%20width%3D%27150%27%20height%3D%27129%27%20viewBox%3D%270%200%20150%20129%27%3E%3Crect%20width%3D%27150%27%20height%3D%27129%27%20fill-opacity%3D%220%22%2F%3E%3C%2Fsvg%3E\" data-srcset=\"https:\/\/ellad2.com\/italiano\/wp-content\/uploads\/2014\/04\/schemi-di-perline-morning-glory-pendente-300x258.jpg 300w, https:\/\/ellad2.com\/italiano\/wp-content\/uploads\/2014\/04\/schemi-di-perline-morning-glory-pendente-400x344.jpg 400w, https:\/\/ellad2.com\/italiano\/wp-content\/uploads\/2014\/04\/schemi-di-perline-morning-glory-pendente.jpg 500w\" data-sizes=\"auto\" data-orig-sizes=\"(max-width: 150px) 100vw, 150px\" \/><\/a><\/p>\n<p><a href=\"https:\/\/ellad2.com\/italiano\/product\/pendente-eau-de-source\/\"><img decoding=\"async\" class=\"lazyload alignleft wp-image-7119\" src=\"https:\/\/ellad2.com\/italiano\/wp-content\/uploads\/2013\/01\/Tutorial-Eau-de-souce-pendant-Ellad2.jpg\" data-orig-src=\"https:\/\/ellad2.com\/italiano\/wp-content\/uploads\/2013\/01\/Tutorial-Eau-de-souce-pendant-Ellad2.jpg\" alt=\"\" width=\"150\" height=\"129\" srcset=\"data:image\/svg+xml,%3Csvg%20xmlns%3D%27http%3A%2F%2Fwww.w3.org%2F2000%2Fsvg%27%20width%3D%27150%27%20height%3D%27129%27%20viewBox%3D%270%200%20150%20129%27%3E%3Crect%20width%3D%27150%27%20height%3D%27129%27%20fill-opacity%3D%220%22%2F%3E%3C%2Fsvg%3E\" data-srcset=\"https:\/\/ellad2.com\/italiano\/wp-content\/uploads\/2013\/01\/Tutorial-Eau-de-souce-pendant-Ellad2-300x257.jpg 300w, https:\/\/ellad2.com\/italiano\/wp-content\/uploads\/2013\/01\/Tutorial-Eau-de-souce-pendant-Ellad2-400x343.jpg 400w, https:\/\/ellad2.com\/italiano\/wp-content\/uploads\/2013\/01\/Tutorial-Eau-de-souce-pendant-Ellad2.jpg 500w\" data-sizes=\"auto\" data-orig-sizes=\"(max-width: 150px) 100vw, 150px\" \/><\/a><\/p>\n<p><a href=\"https:\/\/ellad2.com\/italiano\/product\/tutorial-braccialetto-annelies\/\"><img decoding=\"async\" class=\"lazyload alignleft wp-image-7653\" src=\"https:\/\/ellad2.com\/italiano\/wp-content\/uploads\/2013\/03\/Tutorial-Annelies-bracelet-Ellad2.jpg\" data-orig-src=\"https:\/\/ellad2.com\/italiano\/wp-content\/uploads\/2013\/03\/Tutorial-Annelies-bracelet-Ellad2.jpg\" alt=\"Braccialetto Annelies\" width=\"150\" height=\"129\" srcset=\"data:image\/svg+xml,%3Csvg%20xmlns%3D%27http%3A%2F%2Fwww.w3.org%2F2000%2Fsvg%27%20width%3D%27150%27%20height%3D%27129%27%20viewBox%3D%270%200%20150%20129%27%3E%3Crect%20width%3D%27150%27%20height%3D%27129%27%20fill-opacity%3D%220%22%2F%3E%3C%2Fsvg%3E\" data-srcset=\"https:\/\/ellad2.com\/italiano\/wp-content\/uploads\/2013\/03\/Tutorial-Annelies-bracelet-Ellad2-300x259.jpg 300w, https:\/\/ellad2.com\/italiano\/wp-content\/uploads\/2013\/03\/Tutorial-Annelies-bracelet-Ellad2-400x345.jpg 400w, https:\/\/ellad2.com\/italiano\/wp-content\/uploads\/2013\/03\/Tutorial-Annelies-bracelet-Ellad2.jpg 500w\" data-sizes=\"auto\" data-orig-sizes=\"(max-width: 150px) 100vw, 150px\" \/><\/a><a href=\"https:\/\/ellad2.com\/italiano\/product\/tutorial-orecchini-super-square\/\"><img decoding=\"async\" class=\"lazyload alignnone wp-image-7034\" src=\"https:\/\/ellad2.com\/italiano\/wp-content\/uploads\/2013\/01\/Super-Square-earrings-Ellad2-tutorial.jpg\" data-orig-src=\"https:\/\/ellad2.com\/italiano\/wp-content\/uploads\/2013\/01\/Super-Square-earrings-Ellad2-tutorial.jpg\" alt=\"\" width=\"150\" height=\"130\" srcset=\"data:image\/svg+xml,%3Csvg%20xmlns%3D%27http%3A%2F%2Fwww.w3.org%2F2000%2Fsvg%27%20width%3D%27150%27%20height%3D%27130%27%20viewBox%3D%270%200%20150%20130%27%3E%3Crect%20width%3D%27150%27%20height%3D%27130%27%20fill-opacity%3D%220%22%2F%3E%3C%2Fsvg%3E\" data-srcset=\"https:\/\/ellad2.com\/italiano\/wp-content\/uploads\/2013\/01\/Super-Square-earrings-Ellad2-tutorial-300x260.jpg 300w, https:\/\/ellad2.com\/italiano\/wp-content\/uploads\/2013\/01\/Super-Square-earrings-Ellad2-tutorial-400x347.jpg 400w, https:\/\/ellad2.com\/italiano\/wp-content\/uploads\/2013\/01\/Super-Square-earrings-Ellad2-tutorial.jpg 500w\" data-sizes=\"auto\" data-orig-sizes=\"(max-width: 150px) 100vw, 150px\" \/><\/a><\/p>\n<p><strong>Cosa succeder\u00e0:<\/strong><\/p>\n<p>Bene, oltre alle nuove avventure veliche ho molte idee sui nuovi progetti. Ma prima devo scoprire come trovare il tempo per tutti i miei trigger. E ho rinunciato a pianificare molti anni fa. Ho scoperto che non corrisponde alla nostra vita di crociera ? Anche sulla nostra carta nautica \u00e8 scritto: &#8220;I piani sono solo linee guida per fare qualcos&#8217;altro&#8221; Preferisco vivere ogni giorno come un giorno speciale con tanto di perline.<\/p>\n<p><strong>Cosa mi fa andare avanti?<\/strong><\/p>\n<p>I miei migliori incentivi vengono da te, miei clienti. Mi piace vedere le foto dei gioielli che hai realizzato usando i miei tutorial. Il miglior feedback che posso ottenere. Questo \u00e8 qualcosa che mi dice che ho fatto un buon lavoro, il mio cuore \u00e8 pieno e ho l&#8217;energia per continuare. Il modo in cui ti rendo felice, mi rendi felice. \u00c8 una strada a doppio senso.<\/p>\n<p><strong>Che cosa ha portato per la mia vita?<\/strong><\/p>\n<p>Mi ha portato un fantastico gruppo di amici di perline in tutto il mondo, la mia creativit\u00e0 ha avuto una possibilit\u00e0 e sta crescendo ogni giorno. Bordare mi rende pi\u00f9 calmo, mi soddisfa e mi d\u00e0 la possibilit\u00e0 di navigare in tutto il mondo. Inoltre, bordare mi ha portato dolore al collo e alla schiena e un paio di chili in pi\u00f9 ?<\/p>\n<p>&nbsp;<\/p>\n<p>Ti invito a continuare a seguirmi in un mio viaggio di perline!<\/p>\n<p>Buon perline!<\/p>\n<p>&nbsp;<\/p>\n<p>&nbsp;<\/p>\n","protected":false},"excerpt":{"rendered":"<p>La mia storia \u00e8 un po &#8216;diversa &#8230;&#8230; Sono nato  [&#8230;]<\/p>\n","protected":false},"author":375,"featured_media":0,"parent":0,"menu_order":4,"comment_status":"closed","ping_status":"closed","template":"","meta":{"footnotes":""},"class_list":["post-1998","page","type-page","status-publish","hentry"],"_links":{"self":[{"href":"https:\/\/ellad2.com\/italiano\/wp-json\/wp\/v2\/pages\/1998","targetHints":{"allow":["GET"]}}],"collection":[{"href":"https:\/\/ellad2.com\/italiano\/wp-json\/wp\/v2\/pages"}],"about":[{"href":"https:\/\/ellad2.com\/italiano\/wp-json\/wp\/v2\/types\/page"}],"author":[{"embeddable":true,"href":"https:\/\/ellad2.com\/italiano\/wp-json\/wp\/v2\/users\/375"}],"replies":[{"embeddable":true,"href":"https:\/\/ellad2.com\/italiano\/wp-json\/wp\/v2\/comments?post=1998"}],"version-history":[{"count":0,"href":"https:\/\/ellad2.com\/italiano\/wp-json\/wp\/v2\/pages\/1998\/revisions"}],"wp:attachment":[{"href":"https:\/\/ellad2.com\/italiano\/wp-json\/wp\/v2\/media?parent=1998"}],"curies":[{"name":"wp","href":"https:\/\/api.w.org\/{rel}","templated":true}]}}