{"id":993,"date":"2014-10-23T17:59:07","date_gmt":"2014-10-23T16:59:07","guid":{"rendered":"https:\/\/ellad2.com\/es\/?post_type=product&#038;p=993"},"modified":"2018-07-12T04:16:07","modified_gmt":"2018-07-12T03:16:07","slug":"tutorial-aretes-cleo","status":"publish","type":"product","link":"https:\/\/ellad2.com\/es\/tienda\/tutorial-aretes-cleo\/","title":{"rendered":"Tutorial Aretes Cleo"},"content":{"rendered":"<p>Aretes Cleo<\/p>\n<p>Hermosos y elegantes que sin duda se har\u00e1n notar. Son r\u00e1pidos y divertidos de hacer.<\/p>\n<p>Usted se encontrar\u00e1 haciendo estos incre\u00edbles aretes en varios colores, con o sin cuentas drop&#8230;<\/p>\n<p>Se requiere un conocimiento b\u00e1sico de puntada Peyote.<\/p>\n<p>El Tutorial de los Aretes Cleo es muy detallado, f\u00e1cil de seguir, paso a paso, con instrucciones claras y con fotos a color de cada paso.<\/p>\n<p>Se le explicaran ambas variaciones en el Tutorial. (Modelo 1 y 2).<\/p>\nngg_shortcode_0_placeholder\n<p>Material necesario:<\/p>\n<p>\u2013 Cuentas Miyuki seed 8\/0, 11\/0, 15\/0<br \/>\n\u2013 Rivoli Swarovski 14mm<br \/>\n\u2013 Bicones Swarovski 3mm (o perlas, o cuentas fire-polished\u2026 tama\u00f1o 3 mm).<br \/>\n\u2013 Para los aretes con cuenta Drop \u2013 Cuentas Drop Swarovski o cualquier otra cuenta decorativa que tenga.<br \/>\n\u2013 Ganchos para aretes<br \/>\n\u2013 FireLine 6 lb (0.008)<br \/>\n\u2013 Aguja para enfilar tama\u00f1o 12 o aguja Tulip 11<\/p>\n<p>El Tutorial de abalorios es un archivo PDF. Despu\u00e9s de que se haya realizado el pago ser\u00e1 dirigida a ellad2.com otra vez, donde encontrar\u00e1 el enlace para la descargar. Adem\u00e1s recibir\u00e1 un correo electr\u00f3nico (por favor, tambi\u00e9n revise la bandeja de correo no deseado\/spam) con el mismo enlace para su descarga.<\/p>\n<p>La invitamos a vender los art\u00edculos que usted ha hecho de los tutoriales que me ha comprado.<br \/>\nVea aqu\u00ed mis: <a href=\"https:\/\/ellad2.com\/es\/terminos-y-condiciones-ellad2\/\"><strong><em>T\u00e9rminos y Condiciones<\/em><\/strong><\/a><\/p>\n<p>Derechos de Autor\u00a9Ellad2<\/p>\n","protected":false},"excerpt":{"rendered":"<p>Aretes Cleo Hermosos y elegantes que sin duda se har\u00e1n notar. Son r\u00e1pidos y divertidos de hacer. Usted se encontrar\u00e1 haciendo estos incre\u00edbles aretes en varios colores, con o sin cuentas drop&#8230; Se requiere un conocimiento b\u00e1sico de puntada Peyote. El Tutorial de los Aretes Cleo es muy detallado, f\u00e1cil de seguir, paso a paso,&hellip;&nbsp;<a href=\"https:\/\/ellad2.com\/es\/tienda\/tutorial-aretes-cleo\/\" rel=\"bookmark\">Read More &raquo;<span class=\"screen-reader-text\">Tutorial Aretes Cleo<\/span><\/a><\/p>\n","protected":false},"featured_media":994,"template":"","meta":{"neve_meta_sidebar":"","neve_meta_container":"","neve_meta_enable_content_width":"","neve_meta_content_width":0,"neve_meta_title_alignment":"","neve_meta_author_avatar":"","neve_post_elements_order":"","neve_meta_disable_header":"","neve_meta_disable_footer":"","neve_meta_disable_title":"","neve_meta_reading_time":"","ngg_post_thumbnail":0},"product_brand":[],"product_cat":[321],"product_tag":[],"class_list":{"0":"post-993","1":"product","2":"type-product","3":"status-publish","4":"has-post-thumbnail","6":"product_cat-aretes","8":"first","9":"instock","10":"downloadable","11":"virtual","12":"purchasable","13":"product-type-simple"},"_links":{"self":[{"href":"https:\/\/ellad2.com\/es\/wp-json\/wp\/v2\/product\/993","targetHints":{"allow":["GET"]}}],"collection":[{"href":"https:\/\/ellad2.com\/es\/wp-json\/wp\/v2\/product"}],"about":[{"href":"https:\/\/ellad2.com\/es\/wp-json\/wp\/v2\/types\/product"}],"wp:featuredmedia":[{"embeddable":true,"href":"https:\/\/ellad2.com\/es\/wp-json\/wp\/v2\/media\/994"}],"wp:attachment":[{"href":"https:\/\/ellad2.com\/es\/wp-json\/wp\/v2\/media?parent=993"}],"wp:term":[{"taxonomy":"product_brand","embeddable":true,"href":"https:\/\/ellad2.com\/es\/wp-json\/wp\/v2\/product_brand?post=993"},{"taxonomy":"product_cat","embeddable":true,"href":"https:\/\/ellad2.com\/es\/wp-json\/wp\/v2\/product_cat?post=993"},{"taxonomy":"product_tag","embeddable":true,"href":"https:\/\/ellad2.com\/es\/wp-json\/wp\/v2\/product_tag?post=993"}],"curies":[{"name":"wp","href":"https:\/\/api.w.org\/{rel}","templated":true}]}}