{"id":955,"date":"2014-09-21T13:07:07","date_gmt":"2014-09-21T12:07:07","guid":{"rendered":"https:\/\/ellad2.com\/es\/?post_type=product&#038;p=955"},"modified":"2018-07-12T04:16:05","modified_gmt":"2018-07-12T03:16:05","slug":"tutorial-anillo-square-set","status":"publish","type":"product","link":"https:\/\/ellad2.com\/es\/tienda\/tutorial-anillo-square-set\/","title":{"rendered":"Tutorial Anillo Square-Set"},"content":{"rendered":"<p>Anillo Square-Set<\/p>\n<p>Es otro proyecto de abalorios con cuentas Pinch.<\/p>\n<p>F\u00e1cilmente puede jugar con los colores de las cuentas Pinch y las cuentas Seed, obteniendo \u00e9ste maravilloso anillo que llamar\u00e1 la atenci\u00f3n.<\/p>\n<p>El Tutorial para el anillo Square-Set es muy detallado, f\u00e1cil de seguir, paso a paso, con claras instrucciones y con fotograf\u00edas a color de cada paso.<\/p>\n<p>Nivel del Proyecto: intermedio<\/p>\nngg_shortcode_0_placeholder\n<p>Material necesario:<\/p>\n<p>\u2013 Cuentas Seed Miyuki \u00a011\/0, 15\/0<br \/>\n\u2013 Lunasoft Cabochon 18mm<br \/>\n\u2013 Cuentas Pinch<br \/>\n\u2013 FireLine 6 lb (0.008) \u2013 Altamente recomendable<br \/>\n\u2013 Aguja para enfilar tama\u00f1o 12 o aguja Tulip 11<\/p>\n<p>La invitamos a vender los art\u00edculos que usted ha hecho de los tutoriales que me ha comprado.<br \/>\nVea aqu\u00ed mis: <a href=\"https:\/\/ellad2.com\/es\/terminos-y-condiciones-ellad2\/\">T\u00e9rminos y Condiciones<\/a><\/p>\n","protected":false},"excerpt":{"rendered":"<p>Anillo Square-Set Es otro proyecto de abalorios con cuentas Pinch. F\u00e1cilmente puede jugar con los colores de las cuentas Pinch y las cuentas Seed, obteniendo \u00e9ste maravilloso anillo que llamar\u00e1 la atenci\u00f3n. El Tutorial para el anillo Square-Set es muy detallado, f\u00e1cil de seguir, paso a paso, con claras instrucciones y con fotograf\u00edas a color&hellip;&nbsp;<a href=\"https:\/\/ellad2.com\/es\/tienda\/tutorial-anillo-square-set\/\" rel=\"bookmark\">Read More &raquo;<span class=\"screen-reader-text\">Tutorial Anillo Square-Set<\/span><\/a><\/p>\n","protected":false},"featured_media":957,"template":"","meta":{"neve_meta_sidebar":"","neve_meta_container":"","neve_meta_enable_content_width":"","neve_meta_content_width":0,"neve_meta_title_alignment":"","neve_meta_author_avatar":"","neve_post_elements_order":"","neve_meta_disable_header":"","neve_meta_disable_footer":"","neve_meta_disable_title":"","neve_meta_reading_time":"","ngg_post_thumbnail":0},"product_brand":[],"product_cat":[323],"product_tag":[],"class_list":{"0":"post-955","1":"product","2":"type-product","3":"status-publish","4":"has-post-thumbnail","6":"product_cat-anillos","8":"first","9":"instock","10":"downloadable","11":"virtual","12":"purchasable","13":"product-type-simple"},"_links":{"self":[{"href":"https:\/\/ellad2.com\/es\/wp-json\/wp\/v2\/product\/955","targetHints":{"allow":["GET"]}}],"collection":[{"href":"https:\/\/ellad2.com\/es\/wp-json\/wp\/v2\/product"}],"about":[{"href":"https:\/\/ellad2.com\/es\/wp-json\/wp\/v2\/types\/product"}],"wp:featuredmedia":[{"embeddable":true,"href":"https:\/\/ellad2.com\/es\/wp-json\/wp\/v2\/media\/957"}],"wp:attachment":[{"href":"https:\/\/ellad2.com\/es\/wp-json\/wp\/v2\/media?parent=955"}],"wp:term":[{"taxonomy":"product_brand","embeddable":true,"href":"https:\/\/ellad2.com\/es\/wp-json\/wp\/v2\/product_brand?post=955"},{"taxonomy":"product_cat","embeddable":true,"href":"https:\/\/ellad2.com\/es\/wp-json\/wp\/v2\/product_cat?post=955"},{"taxonomy":"product_tag","embeddable":true,"href":"https:\/\/ellad2.com\/es\/wp-json\/wp\/v2\/product_tag?post=955"}],"curies":[{"name":"wp","href":"https:\/\/api.w.org\/{rel}","templated":true}]}}