{"id":9361,"date":"2018-12-16T18:25:28","date_gmt":"2018-12-16T17:25:28","guid":{"rendered":"https:\/\/ellad2.com\/es\/?post_type=product&#038;p=9361"},"modified":"2018-12-16T18:25:28","modified_gmt":"2018-12-16T17:25:28","slug":"tutorial-colgante-copo-de-nieve-y-ornamento-de-navidad","status":"publish","type":"product","link":"https:\/\/ellad2.com\/es\/tienda\/tutorial-colgante-copo-de-nieve-y-ornamento-de-navidad\/","title":{"rendered":"Tutorial Colgante Copo de Nieve y Ornamento de Navidad"},"content":{"rendered":"<p>Abrace la Navidad con estilo con este festivo y sofisticado Colgante Copo de Nieve y con el Ornamento Navide\u00f1o hecho en <strong><em>cuentas Eva, cuentas RounDuo mini<\/em><\/strong>&nbsp;y por supuesto cuentas Delica Miyuki.<\/p>\nngg_shortcode_0_placeholder\n<p>Puede optar por hacer el Colgante Copo de nieve en forma de estrella (7 cm de di\u00e1metro) y jugar con los colores o puede hacer un Ornamento de Navidad (8 cm de di\u00e1metro). Escrib\u00ed el Tutorial con ambas opciones. La Tutor\u00eda tiene 17 p\u00e1ginas. Divertido y relativamente r\u00e1pido de hacer.<\/p>\n<p>El Ornamento Copo de nieve es un gran regalo de Navidad para sus seres queridos y super mono para su fiesta de navidad o para la decoraci\u00f3n del \u00e1rbol.<\/p>\n<p>Nivel del Proyecto: Intermedio. Deber\u00e1 estar familiar con la puntada Peyote.<\/p>\n<p>La Tutor\u00eda de abalorios para el Colgante Copo de Nieve y Ornamento de Navidad es muy detallada, f\u00e1cil de seguir, paso a paso, con instrucciones claras y con fotos a color de cada paso.<\/p>\n<p>Lista de Materiales:<\/p>\n<ul>\n<li>Delica Miyuki 11\/0<\/li>\n<li>Seed Miyuki 11\/0&nbsp;<\/li>\n<li>Cuentas <a href=\"https:\/\/www.potomacbeads.com\/EVA-Beads-s\/3968.htm\" target=\"_blank\" rel=\"noopener\">Eva Czech 2-orificios<\/a> 7x4mm<\/li>\n<li>Cuentas <a href=\"https:\/\/www.potomacbeads.com\/RounDuo-Mini-Beads-s\/3966.htm\" target=\"_blank\" rel=\"noopener\">Mini RounDuo Czech 2-orificios<\/a> (4mm)<\/li>\n<li>Bicones Swarovski 4mm<\/li>\n<li>Fireline 6lb<\/li>\n<li>Aguja para abalorios # 12 o aguja Tulip # 11<\/li>\n<\/ul>\n<p>El tutorial de abalorios para el Colgante Copo de Nieve y Ornamento de Navidad es un archivo PDF<\/p>\n<p><strong><em>Instrucciones para la descarga:<\/em><\/strong><\/p>\n<p>Despu\u00e9s de que el pago se haya completado, ser\u00e1 redirigida a Ellad2.com en donde encontrar\u00e1 el (los) enlace (s) para su descarga. Haga clic en &#8216;descargar&#8217; y salve la tutor\u00eda (tutor\u00edas) en su computadora.<\/p>\n<p>Tambi\u00e9n, recibir\u00e1 un correo electr\u00f3nico con la confirmaci\u00f3n de su pedido con el enlace(s) para su descarga.&nbsp; Haga clic en el (los) enlace (s) y se iniciar\u00e1 la descarga. Salve el documento en su computadora<strong>. <\/strong>Por favor, verifique su correo spam\/correo no deseado.&nbsp;<\/p>\n<p>Puede vender cualquier art\u00edculo que realice con los patrones que me ha comprado. Vea aqu\u00ed mis <a href=\"http:\/\/ellad2.com\/es\/terminos-y-condiciones-ellad2\/\">T\u00e9rminos y condiciones<\/a><\/p>\n<p>Derechos de Autor\u00a9Ellad2\u00ae \u2013 2018<\/p>\n","protected":false},"excerpt":{"rendered":"<p>Abrace la Navidad con estilo con este festivo y sofisticado Colgante Copo de Nieve y con el Ornamento Navide\u00f1o hecho en cuentas Eva, cuentas RounDuo mini&nbsp;y por supuesto cuentas Delica Miyuki. Puede optar por hacer el Colgante Copo de nieve en forma de estrella (7 cm de di\u00e1metro) y jugar con los colores o puede&hellip;&nbsp;<a href=\"https:\/\/ellad2.com\/es\/tienda\/tutorial-colgante-copo-de-nieve-y-ornamento-de-navidad\/\" rel=\"bookmark\">Read More &raquo;<span class=\"screen-reader-text\">Tutorial Colgante Copo de Nieve y Ornamento de Navidad<\/span><\/a><\/p>\n","protected":false},"featured_media":9363,"template":"","meta":{"neve_meta_sidebar":"","neve_meta_container":"","neve_meta_enable_content_width":"","neve_meta_content_width":0,"neve_meta_title_alignment":"","neve_meta_author_avatar":"","neve_post_elements_order":"","neve_meta_disable_header":"","neve_meta_disable_footer":"","neve_meta_disable_title":"","neve_meta_reading_time":"","ngg_post_thumbnail":0},"product_brand":[],"product_cat":[327,333],"product_tag":[421,411,417,413,423,415,419],"class_list":{"0":"post-9361","1":"product","2":"type-product","3":"status-publish","4":"has-post-thumbnail","6":"product_cat-colgantes","7":"product_cat-diverso","8":"product_tag-copo-de-nieve","9":"product_tag-eva-beads","10":"product_tag-mini","11":"product_tag-mini-rounduo","12":"product_tag-ornamentos","13":"product_tag-rounduo","14":"product_tag-snowflake","16":"first","17":"instock","18":"downloadable","19":"virtual","20":"purchasable","21":"product-type-simple"},"_links":{"self":[{"href":"https:\/\/ellad2.com\/es\/wp-json\/wp\/v2\/product\/9361","targetHints":{"allow":["GET"]}}],"collection":[{"href":"https:\/\/ellad2.com\/es\/wp-json\/wp\/v2\/product"}],"about":[{"href":"https:\/\/ellad2.com\/es\/wp-json\/wp\/v2\/types\/product"}],"wp:featuredmedia":[{"embeddable":true,"href":"https:\/\/ellad2.com\/es\/wp-json\/wp\/v2\/media\/9363"}],"wp:attachment":[{"href":"https:\/\/ellad2.com\/es\/wp-json\/wp\/v2\/media?parent=9361"}],"wp:term":[{"taxonomy":"product_brand","embeddable":true,"href":"https:\/\/ellad2.com\/es\/wp-json\/wp\/v2\/product_brand?post=9361"},{"taxonomy":"product_cat","embeddable":true,"href":"https:\/\/ellad2.com\/es\/wp-json\/wp\/v2\/product_cat?post=9361"},{"taxonomy":"product_tag","embeddable":true,"href":"https:\/\/ellad2.com\/es\/wp-json\/wp\/v2\/product_tag?post=9361"}],"curies":[{"name":"wp","href":"https:\/\/api.w.org\/{rel}","templated":true}]}}