{"id":9327,"date":"2018-12-03T17:22:43","date_gmt":"2018-12-03T16:22:43","guid":{"rendered":"https:\/\/ellad2.com\/es\/?post_type=product&#038;p=9327"},"modified":"2018-12-03T17:22:43","modified_gmt":"2018-12-03T16:22:43","slug":"tutorial-ornamento-rodolfo-el-reno-nariz-roja","status":"publish","type":"product","link":"https:\/\/ellad2.com\/es\/tienda\/tutorial-ornamento-rodolfo-el-reno-nariz-roja\/","title":{"rendered":"Tutorial Ornamento Rodolfo el Reno Nariz Roja"},"content":{"rendered":"<p>Estrella 3D cosida en puntada Peyote de nuevo con 2-caras: En un lado \u00abEl noveno reno de Santa\u00bb y el otro lado un \u201c\u00c1rbol de Navidad\u201d. H\u00e1galo para su \u00e1rbol (o decoraci\u00f3n para su casa) o como regalo para familiares y amigos.<\/p>\nngg_shortcode_0_placeholder\n<p>La estrella tiene un di\u00e1metro de 10.5 cm y tiene 20\/21 filas. Este tutorial consta de 16 p\u00e1ginas. Las primeras p\u00e1ginas son instrucciones paso a paso de c\u00f3mo comenzar a rebordear la estrella (y c\u00f3mo conectar las piezas) y para el resto usted tendr\u00e1 las graficas de cuentas y palabras.<\/p>\n<p>Nivel del Proyecto: Intermedio. Deber\u00e1 estar familiarizada con la puntada Peyote.<\/p>\n<p>Lista de Materiales:<\/p>\n<ul>\n<li>Cuentas Delica Miyuki 11\/0<\/li>\n<li>Cuentas Seed Miyuki 11\/0&nbsp;<\/li>\n<li>Argolla<\/li>\n<li>Fireline 6lb<\/li>\n<li>Aguja para abalorios # 12 o aguja Tulip # 11<\/li>\n<\/ul>\n<p>El tutorial de abalorios para el Ornamento Rodolfo el Reno Nariz Roja es un archivo PDF.<\/p>\n<p><strong><em>Instrucciones para la descarga:<\/em><\/strong><\/p>\n<p>Despu\u00e9s de que el pago se haya completado, ser\u00e1 redirigida a Ellad2.com en donde encontrar\u00e1 el (los) enlace (s) para su descarga. Haga clic en &#8216;descargar&#8217; y salve la tutor\u00eda (tutor\u00edas) en su computadora.<\/p>\n<p>Tambi\u00e9n, recibir\u00e1 un correo electr\u00f3nico con la confirmaci\u00f3n de su pedido con el enlace(s) para su descarga.&nbsp; Haga clic en el (los) enlace (s) y se iniciar\u00e1 la descarga. Salve el documento en su computadora<strong>. <\/strong>Por favor, verifique su correo spam\/correo no deseado.&nbsp;<\/p>\n<p>Puede vender cualquier art\u00edculo que realice con los patrones que me ha comprado. Vea aqu\u00ed mis <a href=\"http:\/\/ellad2.com\/es\/terminos-y-condiciones-ellad2\/\">T\u00e9rminos y condiciones<\/a><\/p>\n<p>Derechos de Autor\u00a9Ellad2\u00ae \u2013 2018<\/p>\n<p>&nbsp;<\/p>\n","protected":false},"excerpt":{"rendered":"<p>Estrella 3D cosida en puntada Peyote de nuevo con 2-caras: En un lado \u00abEl noveno reno de Santa\u00bb y el otro lado un \u201c\u00c1rbol de Navidad\u201d. H\u00e1galo para su \u00e1rbol (o decoraci\u00f3n para su casa) o como regalo para familiares y amigos. La estrella tiene un di\u00e1metro de 10.5 cm y tiene 20\/21 filas. Este&hellip;&nbsp;<a href=\"https:\/\/ellad2.com\/es\/tienda\/tutorial-ornamento-rodolfo-el-reno-nariz-roja\/\" rel=\"bookmark\">Read More &raquo;<span class=\"screen-reader-text\">Tutorial Ornamento Rodolfo el Reno Nariz Roja<\/span><\/a><\/p>\n","protected":false},"featured_media":9329,"template":"","meta":{"neve_meta_sidebar":"","neve_meta_container":"","neve_meta_enable_content_width":"","neve_meta_content_width":0,"neve_meta_title_alignment":"","neve_meta_author_avatar":"","neve_post_elements_order":"","neve_meta_disable_header":"","neve_meta_disable_footer":"","neve_meta_disable_title":"","neve_meta_reading_time":"","ngg_post_thumbnail":0},"product_brand":[],"product_cat":[333],"product_tag":[373,407],"class_list":{"0":"post-9327","1":"product","2":"type-product","3":"status-publish","4":"has-post-thumbnail","6":"product_cat-diverso","7":"product_tag-3d-estrella","8":"product_tag-estrellas","10":"first","11":"instock","12":"downloadable","13":"virtual","14":"purchasable","15":"product-type-simple"},"_links":{"self":[{"href":"https:\/\/ellad2.com\/es\/wp-json\/wp\/v2\/product\/9327","targetHints":{"allow":["GET"]}}],"collection":[{"href":"https:\/\/ellad2.com\/es\/wp-json\/wp\/v2\/product"}],"about":[{"href":"https:\/\/ellad2.com\/es\/wp-json\/wp\/v2\/types\/product"}],"wp:featuredmedia":[{"embeddable":true,"href":"https:\/\/ellad2.com\/es\/wp-json\/wp\/v2\/media\/9329"}],"wp:attachment":[{"href":"https:\/\/ellad2.com\/es\/wp-json\/wp\/v2\/media?parent=9327"}],"wp:term":[{"taxonomy":"product_brand","embeddable":true,"href":"https:\/\/ellad2.com\/es\/wp-json\/wp\/v2\/product_brand?post=9327"},{"taxonomy":"product_cat","embeddable":true,"href":"https:\/\/ellad2.com\/es\/wp-json\/wp\/v2\/product_cat?post=9327"},{"taxonomy":"product_tag","embeddable":true,"href":"https:\/\/ellad2.com\/es\/wp-json\/wp\/v2\/product_tag?post=9327"}],"curies":[{"name":"wp","href":"https:\/\/api.w.org\/{rel}","templated":true}]}}