{"id":9283,"date":"2018-11-23T17:38:49","date_gmt":"2018-11-23T16:38:49","guid":{"rendered":"https:\/\/ellad2.com\/es\/?post_type=product&#038;p=9283"},"modified":"2018-11-23T17:38:51","modified_gmt":"2018-11-23T16:38:51","slug":"tutorial-estrella-santa-claus","status":"publish","type":"product","link":"https:\/\/ellad2.com\/es\/tienda\/tutorial-estrella-santa-claus\/","title":{"rendered":"Tutorial Estrella Santa Claus"},"content":{"rendered":"<p>Los d\u00edas festivos se acercan y esta es mi contribuci\u00f3n para sus decoraciones navide\u00f1as.<\/p>\nngg_shortcode_0_placeholder\n<p>El Ornamento Santa Claus tiene doble cara: Santa Claus en un lado y Copos de Nieve al otro lado\u2026 &nbsp;Perfecto regalo para sus familiares y amigos.<\/p>\n<p>Nivel del Proyecto: Intermedio. Deber\u00e1 estar familiarizada con la puntada Peyote.<\/p>\n<p>La Tutor\u00eda de abalorios para el Ornamento Santa Claus es f\u00e1cil de seguir, paso a paso, con instrucciones claras y con fotos a color de cada paso.<\/p>\n<p>Material Necesario:<\/p>\n<ul>\n<li>Cuentas Delica Miyuki 11\/0<\/li>\n<li>Cuentas Seed Miyuki 11\/0<\/li>\n<li>Argolla<\/li>\n<li>Fireline 6lb<\/li>\n<li>Aguja para abalorios # 12 o aguja Tulip # 11<\/li>\n<\/ul>\n<p>El tutorial de abalorios para el Ornamento Santa Claus es un archivo PDF.<\/p>\n<p><strong><em>Instrucciones para la descarga:<\/em><\/strong><\/p>\n<p>Despu\u00e9s de que el pago se haya completado, ser\u00e1 redirigida a Ellad2.com en donde encontrar\u00e1 el (los) enlace (s) para su descarga. Haga clic en &#8216;descargar&#8217; y salve la tutor\u00eda (tutor\u00edas) en su computadora.<\/p>\n<p>Tambi\u00e9n, recibir\u00e1 un correo electr\u00f3nico con la confirmaci\u00f3n de su pedido con el enlace(s) para su descarga.&nbsp; Haga clic en el (los) enlace (s) y se iniciar\u00e1 la descarga. Salve el documento en su computadora<strong>. <\/strong>Por favor, verifique su correo spam\/correo no deseado.&nbsp;<\/p>\n<p>Puede vender cualquier art\u00edculo que realice con los patrones que me ha comprado. Vea aqu\u00ed mis <a href=\"http:\/\/ellad2.com\/es\/terminos-y-condiciones-ellad2\/\">T\u00e9rminos y condiciones<\/a><\/p>\n<p>Derechos de Autor\u00a9Ellad2\u00ae \u2013 2018<\/p>\n","protected":false},"excerpt":{"rendered":"<p>Los d\u00edas festivos se acercan y esta es mi contribuci\u00f3n para sus decoraciones navide\u00f1as. El Ornamento Santa Claus tiene doble cara: Santa Claus en un lado y Copos de Nieve al otro lado\u2026 &nbsp;Perfecto regalo para sus familiares y amigos. Nivel del Proyecto: Intermedio. Deber\u00e1 estar familiarizada con la puntada Peyote. La Tutor\u00eda de abalorios&hellip;&nbsp;<a href=\"https:\/\/ellad2.com\/es\/tienda\/tutorial-estrella-santa-claus\/\" rel=\"bookmark\">Read More &raquo;<span class=\"screen-reader-text\">Tutorial Estrella Santa Claus<\/span><\/a><\/p>\n","protected":false},"featured_media":9285,"template":"","meta":{"neve_meta_sidebar":"","neve_meta_container":"","neve_meta_enable_content_width":"","neve_meta_content_width":0,"neve_meta_title_alignment":"","neve_meta_author_avatar":"","neve_post_elements_order":"","neve_meta_disable_header":"","neve_meta_disable_footer":"","neve_meta_disable_title":"","neve_meta_reading_time":"","ngg_post_thumbnail":0},"product_brand":[],"product_cat":[333],"product_tag":[409,407,403,405],"class_list":{"0":"post-9283","1":"product","2":"type-product","3":"status-publish","4":"has-post-thumbnail","6":"product_cat-diverso","7":"product_tag-estrella-santa-claus","8":"product_tag-estrellas","9":"product_tag-ornamento","10":"product_tag-santa-claus","12":"first","13":"instock","14":"downloadable","15":"virtual","16":"purchasable","17":"product-type-simple"},"_links":{"self":[{"href":"https:\/\/ellad2.com\/es\/wp-json\/wp\/v2\/product\/9283","targetHints":{"allow":["GET"]}}],"collection":[{"href":"https:\/\/ellad2.com\/es\/wp-json\/wp\/v2\/product"}],"about":[{"href":"https:\/\/ellad2.com\/es\/wp-json\/wp\/v2\/types\/product"}],"wp:featuredmedia":[{"embeddable":true,"href":"https:\/\/ellad2.com\/es\/wp-json\/wp\/v2\/media\/9285"}],"wp:attachment":[{"href":"https:\/\/ellad2.com\/es\/wp-json\/wp\/v2\/media?parent=9283"}],"wp:term":[{"taxonomy":"product_brand","embeddable":true,"href":"https:\/\/ellad2.com\/es\/wp-json\/wp\/v2\/product_brand?post=9283"},{"taxonomy":"product_cat","embeddable":true,"href":"https:\/\/ellad2.com\/es\/wp-json\/wp\/v2\/product_cat?post=9283"},{"taxonomy":"product_tag","embeddable":true,"href":"https:\/\/ellad2.com\/es\/wp-json\/wp\/v2\/product_tag?post=9283"}],"curies":[{"name":"wp","href":"https:\/\/api.w.org\/{rel}","templated":true}]}}