{"id":9267,"date":"2018-11-05T18:14:08","date_gmt":"2018-11-05T17:14:08","guid":{"rendered":"https:\/\/ellad2.com\/es\/?post_type=product&#038;p=9267"},"modified":"2018-11-05T18:14:08","modified_gmt":"2018-11-05T17:14:08","slug":"tutorial-colgante-tasha","status":"publish","type":"product","link":"https:\/\/ellad2.com\/es\/tienda\/tutorial-colgante-tasha\/","title":{"rendered":"Tutorial Colgante Tasha"},"content":{"rendered":"<p>Haga este elegante y chispeante Colgante y\/o Aretes.<\/p>\nngg_shortcode_0_placeholder\n<p>Puede crear su propio collar y hacerlo a\u00fan m\u00e1s bello y extravagante. El Colgante Tasha le debe su aspecto chispeante al hermoso Cabuch\u00f3n 25mm Par Puca y a los fant\u00e1sticos <a href=\"https:\/\/www.potomacbeads.com\/Potomax-Antique-Silver-2-Hole-Spacer-Bezel-p\/200017.htm\">Biseles espaciadores de 2-orificios para Chatones<\/a>.<\/p>\n<p>La mayor parte del material para este proyecto de abalorios los puede encontrar en la <a href=\"https:\/\/www.potomacbeads.com\/\">Compa\u00f1\u00eda de cuentas Potomac<\/a>. Tiene Biseles espaciadores en colores <a href=\"https:\/\/www.potomacbeads.com\/Gun-Metal2-hole-Spacer-Bezel-p\/200315.htm\">metalizado<\/a>, <a href=\"https:\/\/www.potomacbeads.com\/Gold2-hole-Spacer-Bezel-p\/200294.htm\">oro<\/a>, <a href=\"https:\/\/www.potomacbeads.com\/Potomax-Antique-Silver-2-Hole-Spacer-Bezel-p\/200017.htm\">plata antigua<\/a> y <a href=\"https:\/\/www.potomacbeads.com\/product-p\/200240.htm\">lat\u00f3n antiguo<\/a>.<\/p>\n<p>Nivel del Proyecto: Intermedio. Deber\u00e1 estar familiarizada con la puntada Peyote.<\/p>\n<p>El Tutorial de abalorios para el Colgante Tasha es muy detallado, f\u00e1cil de seguir, con instrucciones claras; paso a paso y con fotograf\u00edas a color de cada paso.<\/p>\n<p>Lista de Materiales:<\/p>\n<ul>\n<li>Cuentas Delica Miyuki 11\/0<\/li>\n<li>Cuentas Seed Miyuki 15\/0, 11\/0, 8\/0<\/li>\n<li>Biseles espaciadores 2-orificios para Chatones 5.4 mm<\/li>\n<li>Chatones 5.4mm<\/li>\n<li>Cuentas Amos Par Puca 5x8mm.<\/li>\n<li>Cabuch\u00f3n Par Puca 25mm<\/li>\n<li>Argolla\/Tirilla para el colgante\/Ganchos para aretes (en caso de que utilice el mismo m\u00e9todo de conexi\u00f3n que hice).<\/li>\n<li>Fireline 6lb<\/li>\n<li>Aguja para enfilar # 12 o aguja Tulip # 11<\/li>\n<\/ul>\n<p>El tutorial de abalorios para el Colgante Tasha es un archivo PDF.<\/p>\n<p><strong><em>Instrucciones para la descarga:<\/em><\/strong><\/p>\n<p>Despu\u00e9s de que el pago se haya completado, ser\u00e1 redirigida a Ellad2.com en donde encontrar\u00e1 el (los) enlace (s) para su descarga. Haga clic en &#8216;descargar&#8217; y salve la tutor\u00eda (tutor\u00edas) en su computadora.<\/p>\n<p>Tambi\u00e9n, recibir\u00e1 un correo electr\u00f3nico con la confirmaci\u00f3n de su pedido con el enlace(s) para su descarga.&nbsp; Haga clic en el (los) enlace (s) y se iniciar\u00e1 la descarga. Salve el documento en su computadora<strong>. <\/strong>Por favor, verifique su correo spam\/correo no deseado.&nbsp;<\/p>\n<p>Puede vender cualquier art\u00edculo que realice con los patrones que me ha comprado. Vea aqu\u00ed mis <a href=\"http:\/\/ellad2.com\/es\/terminos-y-condiciones-ellad2\/\"><em>T\u00e9rminos y condiciones<\/em><\/a><\/p>\n<p>Derechos de Autor\u00a9Ellad2\u00ae \u2013 2018<\/p>\n","protected":false},"excerpt":{"rendered":"<p>Haga este elegante y chispeante Colgante y\/o Aretes. Puede crear su propio collar y hacerlo a\u00fan m\u00e1s bello y extravagante. El Colgante Tasha le debe su aspecto chispeante al hermoso Cabuch\u00f3n 25mm Par Puca y a los fant\u00e1sticos Biseles espaciadores de 2-orificios para Chatones. La mayor parte del material para este proyecto de abalorios los&hellip;&nbsp;<a href=\"https:\/\/ellad2.com\/es\/tienda\/tutorial-colgante-tasha\/\" rel=\"bookmark\">Read More &raquo;<span class=\"screen-reader-text\">Tutorial Colgante Tasha<\/span><\/a><\/p>\n","protected":false},"featured_media":9269,"template":"","meta":{"neve_meta_sidebar":"","neve_meta_container":"","neve_meta_enable_content_width":"","neve_meta_content_width":0,"neve_meta_title_alignment":"","neve_meta_author_avatar":"","neve_post_elements_order":"","neve_meta_disable_header":"","neve_meta_disable_footer":"","neve_meta_disable_title":"","neve_meta_reading_time":"","ngg_post_thumbnail":0},"product_brand":[],"product_cat":[327],"product_tag":[399,395,401,397],"class_list":{"0":"post-9267","1":"product","2":"type-product","3":"status-publish","4":"has-post-thumbnail","6":"product_cat-colgantes","7":"product_tag-amos-par-puca-5x8mm","8":"product_tag-biseles-espaciadores-2-orificios-para-chatones-5-4-mm","9":"product_tag-cabuchon-par-puca-25mm","10":"product_tag-chatones-5-4mm","12":"first","13":"instock","14":"downloadable","15":"virtual","16":"purchasable","17":"product-type-simple"},"_links":{"self":[{"href":"https:\/\/ellad2.com\/es\/wp-json\/wp\/v2\/product\/9267","targetHints":{"allow":["GET"]}}],"collection":[{"href":"https:\/\/ellad2.com\/es\/wp-json\/wp\/v2\/product"}],"about":[{"href":"https:\/\/ellad2.com\/es\/wp-json\/wp\/v2\/types\/product"}],"wp:featuredmedia":[{"embeddable":true,"href":"https:\/\/ellad2.com\/es\/wp-json\/wp\/v2\/media\/9269"}],"wp:attachment":[{"href":"https:\/\/ellad2.com\/es\/wp-json\/wp\/v2\/media?parent=9267"}],"wp:term":[{"taxonomy":"product_brand","embeddable":true,"href":"https:\/\/ellad2.com\/es\/wp-json\/wp\/v2\/product_brand?post=9267"},{"taxonomy":"product_cat","embeddable":true,"href":"https:\/\/ellad2.com\/es\/wp-json\/wp\/v2\/product_cat?post=9267"},{"taxonomy":"product_tag","embeddable":true,"href":"https:\/\/ellad2.com\/es\/wp-json\/wp\/v2\/product_tag?post=9267"}],"curies":[{"name":"wp","href":"https:\/\/api.w.org\/{rel}","templated":true}]}}