{"id":9193,"date":"2018-09-15T18:07:45","date_gmt":"2018-09-15T17:07:45","guid":{"rendered":"https:\/\/ellad2.com\/es\/?post_type=product&#038;p=9193"},"modified":"2018-09-15T18:21:45","modified_gmt":"2018-09-15T17:21:45","slug":"tutorial-pulsera-alaska","status":"publish","type":"product","link":"https:\/\/ellad2.com\/es\/tienda\/tutorial-pulsera-alaska\/","title":{"rendered":"Tutorial Pulsera Alaska"},"content":{"rendered":"<p>Pulsera Alaska \u2013 el&nbsp;<em>azul<\/em> representa el cielo, el mar y los lagos en las monta\u00f1as, as\u00ed como las flores silvestres de Alaska (<a href=\"https:\/\/www.florespedia.com\/nomeolvides\" target=\"_blank\" rel=\"noopener\">flor \u00abno me olvides\u00bb<\/a>).<\/p>\nngg_shortcode_0_placeholder\n<p>La Pulsera est\u00e1 hecha con las hermosas cuentas&nbsp;<strong><em>Zoliduo<\/em>&nbsp;<\/strong>y&nbsp;<strong><em>Diamonduo<\/em><\/strong>.<\/p>\n<p>Nivel del Proyecto: Apto para todos los niveles. Aunque para principiantes podr\u00eda ser un reto.<\/p>\n<p>La Tutor\u00eda de abalorios para la Pulsera Alaska es muy detallada (15 p\u00e1ginas), f\u00e1cil de seguir, paso a paso con instrucciones claras y con fotograf\u00edas a color de cada paso.<\/p>\n<p>Lista de Materiales:<\/p>\n<ul>\n<li>Seed Miyuki 15\/0, 11\/0, 8\/0<\/li>\n<li>Zoliduo Izquierda y Derecha<\/li>\n<li>Cuentas Diamonduo<\/li>\n<li>Bicones Swarovski 4mm<\/li>\n<li>Broche (3-hilos)<\/li>\n<li>Fireline 6lb<\/li>\n<li>Aguja para abalorios # 12<\/li>\n<\/ul>\n<p>La Tutor\u00eda de Abalorios para el Brazalete Alaska es un archivo PDF<\/p>\n<p><strong><em>Instrucciones para la descarga<\/em><\/strong><strong><em>:<\/em><\/strong><\/p>\n<p>Despu\u00e9s de que el pago se haya completado, ser\u00e1 redirigida a Ellad2.com en donde encontrar\u00e1 el (los) enlace (s) para su descarga. Haga clic en &#8216;descargar&#8217; y salve la tutor\u00eda (tutor\u00edas) en su computadora.<\/p>\n<p>Tambi\u00e9n, recibir\u00e1 un correo electr\u00f3nico con la confirmaci\u00f3n de su pedido con el enlace(s) para su descarga.&nbsp; Haga clic en el (los) enlace (s) y se iniciar\u00e1 la descarga. Salve el documento en su computadora<strong>. <\/strong>Por favor, verifique su correo spam\/correo no deseado. Siempre puede comprobar el estado de su pedido aqu\u00ed \u2018<a href=\"https:\/\/ellad2.com\/es\/estado-de-tu-orden\/\">Estado de tu orden<\/a>\u2018<\/p>\n<p>Como siempre puede ponerse <a href=\"https:\/\/ellad2.com\/beading-tutorials-patterns\/\">en contacto conmigo<\/a>&nbsp;si alg\u00fan problema ocurre.<\/p>\n<p>Puede vender cualquier art\u00edculo que realice con los patrones que me ha comprado. Vea aqu\u00ed mis <a href=\"http:\/\/ellad2.com\/es\/terminos-y-condiciones-ellad2\/\"><em>T\u00e9rminos y condiciones<\/em><\/a><\/p>\n<p>Derechos de Autor \u00a9Ellad2 \u2013 2018<\/p>\n","protected":false},"excerpt":{"rendered":"<p>Pulsera Alaska \u2013 el&nbsp;azul representa el cielo, el mar y los lagos en las monta\u00f1as, as\u00ed como las flores silvestres de Alaska (flor \u00abno me olvides\u00bb). \u00bb order_by=\u00bbsortorder\u00bb order_direction=\u00bbASC\u00bb returns=\u00bbincluded\u00bb maximum_entity_count=\u00bb500&#8243;] La Pulsera est\u00e1 hecha con las hermosas cuentas&nbsp;Zoliduo&nbsp;y&nbsp;Diamonduo. Nivel del Proyecto: Apto para todos los niveles. Aunque para principiantes podr\u00eda ser un reto. La&hellip;&nbsp;<a href=\"https:\/\/ellad2.com\/es\/tienda\/tutorial-pulsera-alaska\/\" rel=\"bookmark\">Read More &raquo;<span class=\"screen-reader-text\">Tutorial Pulsera Alaska<\/span><\/a><\/p>\n","protected":false},"featured_media":9195,"template":"","meta":{"neve_meta_sidebar":"","neve_meta_container":"","neve_meta_enable_content_width":"","neve_meta_content_width":0,"neve_meta_title_alignment":"","neve_meta_author_avatar":"","neve_post_elements_order":"","neve_meta_disable_header":"","neve_meta_disable_footer":"","neve_meta_disable_title":"","neve_meta_reading_time":"","ngg_post_thumbnail":0},"product_brand":[],"product_cat":[325],"product_tag":[253,393,193,207],"class_list":{"0":"post-9193","1":"product","2":"type-product","3":"status-publish","4":"has-post-thumbnail","6":"product_cat-brazaletes","7":"product_tag-diamonduo","8":"product_tag-pulsera-con-diamonduo","9":"product_tag-pulsera-con-zoliduo","10":"product_tag-zoliduo","12":"first","13":"instock","14":"downloadable","15":"virtual","16":"purchasable","17":"product-type-simple"},"_links":{"self":[{"href":"https:\/\/ellad2.com\/es\/wp-json\/wp\/v2\/product\/9193","targetHints":{"allow":["GET"]}}],"collection":[{"href":"https:\/\/ellad2.com\/es\/wp-json\/wp\/v2\/product"}],"about":[{"href":"https:\/\/ellad2.com\/es\/wp-json\/wp\/v2\/types\/product"}],"wp:featuredmedia":[{"embeddable":true,"href":"https:\/\/ellad2.com\/es\/wp-json\/wp\/v2\/media\/9195"}],"wp:attachment":[{"href":"https:\/\/ellad2.com\/es\/wp-json\/wp\/v2\/media?parent=9193"}],"wp:term":[{"taxonomy":"product_brand","embeddable":true,"href":"https:\/\/ellad2.com\/es\/wp-json\/wp\/v2\/product_brand?post=9193"},{"taxonomy":"product_cat","embeddable":true,"href":"https:\/\/ellad2.com\/es\/wp-json\/wp\/v2\/product_cat?post=9193"},{"taxonomy":"product_tag","embeddable":true,"href":"https:\/\/ellad2.com\/es\/wp-json\/wp\/v2\/product_tag?post=9193"}],"curies":[{"name":"wp","href":"https:\/\/api.w.org\/{rel}","templated":true}]}}