{"id":919,"date":"2012-04-13T13:16:28","date_gmt":"2012-04-13T12:16:28","guid":{"rendered":"https:\/\/ellad2.com\/es\/?post_type=product&#038;p=919"},"modified":"2018-07-12T04:16:02","modified_gmt":"2018-07-12T03:16:02","slug":"tutorial-pulsera-ladies-bangle","status":"publish","type":"product","link":"https:\/\/ellad2.com\/es\/tienda\/tutorial-pulsera-ladies-bangle\/","title":{"rendered":"Tutorial Pulsera Ladies Bangle"},"content":{"rendered":"<p><strong>Pulsera Ladies Bangle<\/strong><\/p>\n<p>Es f\u00e1cil y r\u00e1pida de hacer.<br \/>\nSe sorprender\u00e1 de lo f\u00e1cil y de lo r\u00e1pido en que usted puede hacer su propia Pulsera Ladies.<\/p>\n<p>En lugar de cuentas fire-polished usted puede usar cuentas redondas 4mm.<br \/>\nLe va a encantar, porque es r\u00e1pido \u00a0y a lo mejor le gustar\u00eda hacerla con diferentes colores\u2026<\/p>\n<p>Para m\u00e1s inspiraci\u00f3n con\u00e9ctese a: \u00a0<a href=\"https:\/\/ellad2.com\/ladies-bangle-bracelet-beaded\/\" target=\"_blank\" rel=\"noopener\">hermoso trabajo<\/a>\u00a0 que mis amigas de bordado en cuentas han hecho.<\/p>\nngg_shortcode_0_placeholder\n<p><strong>Material necesario:<\/strong><\/p>\n<p>&#8211; Cuentas Twin 2.5 x 5 mm. \u00a0En la tienda Etsy: <a href=\"http:\/\/www.etsy.com\/shop\/GotBeadsNY?ref=shop_sugg\"><strong>GotBeadsNY<\/strong><\/a> tiene una gran variedad de cuentas Twin Seed<br \/>\n&#8211; Cuentas Seed tama\u00f1o\u00a0 8 y 11<br \/>\n&#8211; Cuentas Fire-polished 4 mm<br \/>\n&#8211; Broche<br \/>\n&#8211; Hilo Nymo D<br \/>\n&#8211; Aguja para enfilar tama\u00f1o 12<\/p>\n<p>La invitamos a vender los art\u00edculos que usted ha hecho de los tutoriales que me ha comprado.<br \/>\nVea mis T\u00e9rminos y Condiciones aqu\u00ed:<em>\u00a0<\/em><a href=\"https:\/\/ellad2.com\/es\/terminos-y-condiciones-ellad2\/\" target=\"_blank\" rel=\"noopener\"><strong>Terms&amp;Conditions<\/strong><\/a><\/p>\n","protected":false},"excerpt":{"rendered":"<p>Pulsera Ladies Bangle Es f\u00e1cil y r\u00e1pida de hacer. Se sorprender\u00e1 de lo f\u00e1cil y de lo r\u00e1pido en que usted puede hacer su propia Pulsera Ladies. En lugar de cuentas fire-polished usted puede usar cuentas redondas 4mm. Le va a encantar, porque es r\u00e1pido \u00a0y a lo mejor le gustar\u00eda hacerla con diferentes colores\u2026&hellip;&nbsp;<a href=\"https:\/\/ellad2.com\/es\/tienda\/tutorial-pulsera-ladies-bangle\/\" rel=\"bookmark\">Read More &raquo;<span class=\"screen-reader-text\">Tutorial Pulsera Ladies Bangle<\/span><\/a><\/p>\n","protected":false},"featured_media":920,"template":"","meta":{"neve_meta_sidebar":"","neve_meta_container":"","neve_meta_enable_content_width":"","neve_meta_content_width":0,"neve_meta_title_alignment":"","neve_meta_author_avatar":"","neve_post_elements_order":"","neve_meta_disable_header":"","neve_meta_disable_footer":"","neve_meta_disable_title":"","neve_meta_reading_time":"","ngg_post_thumbnail":0},"product_brand":[],"product_cat":[325],"product_tag":[],"class_list":{"0":"post-919","1":"product","2":"type-product","3":"status-publish","4":"has-post-thumbnail","6":"product_cat-brazaletes","8":"first","9":"instock","10":"downloadable","11":"virtual","12":"purchasable","13":"product-type-simple"},"_links":{"self":[{"href":"https:\/\/ellad2.com\/es\/wp-json\/wp\/v2\/product\/919","targetHints":{"allow":["GET"]}}],"collection":[{"href":"https:\/\/ellad2.com\/es\/wp-json\/wp\/v2\/product"}],"about":[{"href":"https:\/\/ellad2.com\/es\/wp-json\/wp\/v2\/types\/product"}],"wp:featuredmedia":[{"embeddable":true,"href":"https:\/\/ellad2.com\/es\/wp-json\/wp\/v2\/media\/920"}],"wp:attachment":[{"href":"https:\/\/ellad2.com\/es\/wp-json\/wp\/v2\/media?parent=919"}],"wp:term":[{"taxonomy":"product_brand","embeddable":true,"href":"https:\/\/ellad2.com\/es\/wp-json\/wp\/v2\/product_brand?post=919"},{"taxonomy":"product_cat","embeddable":true,"href":"https:\/\/ellad2.com\/es\/wp-json\/wp\/v2\/product_cat?post=919"},{"taxonomy":"product_tag","embeddable":true,"href":"https:\/\/ellad2.com\/es\/wp-json\/wp\/v2\/product_tag?post=919"}],"curies":[{"name":"wp","href":"https:\/\/api.w.org\/{rel}","templated":true}]}}