{"id":916,"date":"2014-09-13T18:27:04","date_gmt":"2014-09-13T17:27:04","guid":{"rendered":"https:\/\/ellad2.com\/es\/?post_type=product&#038;p=916"},"modified":"2018-07-12T04:16:02","modified_gmt":"2018-07-12T03:16:02","slug":"tutorial-caterpillar-brazalete","status":"publish","type":"product","link":"https:\/\/ellad2.com\/es\/tienda\/tutorial-caterpillar-brazalete\/","title":{"rendered":"Tutorial Caterpillar Brazalete"},"content":{"rendered":"<p>Caterpillar\u00a0Brazalete<\/p>\n<p>Resalta la belleza de las nuevas <strong>cuentas Pinch<\/strong>\u2026<\/p>\n<p>No toma mucho tiempo para hacerlo y usted tendr\u00e1 un atractivo brazalete alrededor de su mu\u00f1eca que llamara la atenci\u00f3n.<\/p>\n<p>Nivel del Proyecto: Intermedio.<\/p>\n<p>El Tutorial para la pulsera Caterpillar es muy detallado, f\u00e1cil de seguir, paso a paso, con instrucciones claras y con fotograf\u00edas en color de cada paso.<\/p>\nngg_shortcode_0_placeholder\n<p><strong>Material necesario:<\/strong><\/p>\n<p>&#8211; Cuentas Seed 15\/0, 11\/0, 8\/0<br \/>\n&#8211; Cuentas Fire-polished 4mm<br \/>\n&#8211; Cuentas Pinch<br \/>\n&#8211; Broche<br \/>\n&#8211; Fireline 6lb<br \/>\n&#8211; Aguja para enfilar tama\u00f1o 12 o aguja Tulip 11<\/p>\n<p>La invitamos a vender los art\u00edculos que usted ha hecho de los tutoriales que me ha comprado.<\/p>\n<p>Vea aqu\u00ed mis: <a href=\"https:\/\/ellad2.com\/es\/terminos-y-condiciones-ellad2\/\">T\u00e9rminos y Condiciones<\/a><\/p>\n","protected":false},"excerpt":{"rendered":"<p>Caterpillar\u00a0Brazalete Resalta la belleza de las nuevas cuentas Pinch\u2026 No toma mucho tiempo para hacerlo y usted tendr\u00e1 un atractivo brazalete alrededor de su mu\u00f1eca que llamara la atenci\u00f3n. Nivel del Proyecto: Intermedio. El Tutorial para la pulsera Caterpillar es muy detallado, f\u00e1cil de seguir, paso a paso, con instrucciones claras y con fotograf\u00edas en&hellip;&nbsp;<a href=\"https:\/\/ellad2.com\/es\/tienda\/tutorial-caterpillar-brazalete\/\" rel=\"bookmark\">Read More &raquo;<span class=\"screen-reader-text\">Tutorial Caterpillar Brazalete<\/span><\/a><\/p>\n","protected":false},"featured_media":917,"template":"","meta":{"neve_meta_sidebar":"","neve_meta_container":"","neve_meta_enable_content_width":"","neve_meta_content_width":0,"neve_meta_title_alignment":"","neve_meta_author_avatar":"","neve_post_elements_order":"","neve_meta_disable_header":"","neve_meta_disable_footer":"","neve_meta_disable_title":"","neve_meta_reading_time":"","ngg_post_thumbnail":0},"product_brand":[],"product_cat":[325],"product_tag":[],"class_list":{"0":"post-916","1":"product","2":"type-product","3":"status-publish","4":"has-post-thumbnail","6":"product_cat-brazaletes","8":"first","9":"instock","10":"downloadable","11":"virtual","12":"purchasable","13":"product-type-simple"},"_links":{"self":[{"href":"https:\/\/ellad2.com\/es\/wp-json\/wp\/v2\/product\/916","targetHints":{"allow":["GET"]}}],"collection":[{"href":"https:\/\/ellad2.com\/es\/wp-json\/wp\/v2\/product"}],"about":[{"href":"https:\/\/ellad2.com\/es\/wp-json\/wp\/v2\/types\/product"}],"wp:featuredmedia":[{"embeddable":true,"href":"https:\/\/ellad2.com\/es\/wp-json\/wp\/v2\/media\/917"}],"wp:attachment":[{"href":"https:\/\/ellad2.com\/es\/wp-json\/wp\/v2\/media?parent=916"}],"wp:term":[{"taxonomy":"product_brand","embeddable":true,"href":"https:\/\/ellad2.com\/es\/wp-json\/wp\/v2\/product_brand?post=916"},{"taxonomy":"product_cat","embeddable":true,"href":"https:\/\/ellad2.com\/es\/wp-json\/wp\/v2\/product_cat?post=916"},{"taxonomy":"product_tag","embeddable":true,"href":"https:\/\/ellad2.com\/es\/wp-json\/wp\/v2\/product_tag?post=916"}],"curies":[{"name":"wp","href":"https:\/\/api.w.org\/{rel}","templated":true}]}}