{"id":9141,"date":"2018-09-04T15:15:17","date_gmt":"2018-09-04T14:15:17","guid":{"rendered":"https:\/\/ellad2.com\/es\/?post_type=product&#038;p=9141"},"modified":"2018-09-04T15:15:17","modified_gmt":"2018-09-04T14:15:17","slug":"tutorial-colgante-flor-cuckoo","status":"publish","type":"product","link":"https:\/\/ellad2.com\/es\/tienda\/tutorial-colgante-flor-cuckoo\/","title":{"rendered":"Tutorial Colgante Flor Cuckoo"},"content":{"rendered":"<p><a href=\"https:\/\/en.wikipedia.org\/wiki\/Cardamine_pratensis\">Cuckoo Flower<\/a>&nbsp;o Flor Cuckoo (tambi\u00e9n conocida como \u201cLady\u2019s Smock\u201d) es una encantadora flor campestre de cuatro p\u00e9talos.<\/p>\nngg_shortcode_0_placeholder\n<p>El Colgante Flor Cuckoo est\u00e1 hecha en puntada Peyote, as\u00ed que deber\u00e1 estar familiarizada con la puntada Peyote.<\/p>\n<p>La Tutor\u00eda de abalorios para el Colgante Cuckoo es muy detallada (18 p\u00e1ginas), f\u00e1cil de seguir, paso a paso con instrucciones claras y con fotograf\u00edas a color de cada paso.<\/p>\n<p>Lista de Materiales:<\/p>\n<ul>\n<li>Delica Miyuki 11\/0<\/li>\n<li>Cuentas Seed Miyuki 11\/0<\/li>\n<li>Bicones Swarovski 3mm y 4mm<\/li>\n<li>Fireline 6lb<\/li>\n<li>Aguja para abalorios<\/li>\n<\/ul>\n<p>La Tutor\u00eda de abalorios para el Colgante Cuckoo es un archivo PDF.<\/p>\n<p><strong><em>Instrucciones para la descarga:<\/em><\/strong><\/p>\n<p>Despu\u00e9s de que realice el pago, ser\u00e1 dirigida a ella2.com. En donde encontrar\u00e1 el enlace(s) para la descarga. Teclear en \u2018download\u2019 y empezar\u00e1 la descarga.<\/p>\n<p>Adem\u00e1s de eso, recibir\u00e1 un correo electr\u00f3nico con la confirmaci\u00f3n de su pedido con el enlace(s) para la descarga. Teclear en el enlace(s) y la descarga comenzar\u00e1. Salve el documento en su computadora<strong>. Por favor, verifique su correo spam\/correo no deseado.<\/strong><\/p>\n<p>Tambi\u00e9n, en el Men\u00fa principal bajo \u2018Servicio al cliente\u2019, encontrar\u00e1 la opci\u00f3n \u2018<a href=\"https:\/\/ellad2.com\/es\/estado-de-tu-orden\/\">Estado de tu orden<\/a>\u2018. Escribe tu n\u00famero de pedido y la direcci\u00f3n de tu correo electr\u00f3nico y recibir\u00e1 el enlace\/s para la descarga.<\/p>\n<p>Puede vender cualquier art\u00edculo que realice con los patrones que me ha comprado. Vea aqu\u00ed mis <a href=\"http:\/\/ellad2.com\/es\/terminos-y-condiciones-ellad2\/\"><em>T\u00e9rminos y condiciones<\/em><\/a><\/p>\n<p>Derechos de Autor \u00a9Ellad2 \u2013 2018<\/p>\n","protected":false},"excerpt":{"rendered":"<p>Cuckoo Flower&nbsp;o Flor Cuckoo (tambi\u00e9n conocida como \u201cLady\u2019s Smock\u201d) es una encantadora flor campestre de cuatro p\u00e9talos. \u00bb order_by=\u00bbsortorder\u00bb order_direction=\u00bbASC\u00bb returns=\u00bbincluded\u00bb maximum_entity_count=\u00bb500&#8243;] El Colgante Flor Cuckoo est\u00e1 hecha en puntada Peyote, as\u00ed que deber\u00e1 estar familiarizada con la puntada Peyote. La Tutor\u00eda de abalorios para el Colgante Cuckoo es muy detallada (18 p\u00e1ginas), f\u00e1cil de&hellip;&nbsp;<a href=\"https:\/\/ellad2.com\/es\/tienda\/tutorial-colgante-flor-cuckoo\/\" rel=\"bookmark\">Read More &raquo;<span class=\"screen-reader-text\">Tutorial Colgante Flor Cuckoo<\/span><\/a><\/p>\n","protected":false},"featured_media":9143,"template":"","meta":{"neve_meta_sidebar":"","neve_meta_container":"","neve_meta_enable_content_width":"","neve_meta_content_width":0,"neve_meta_title_alignment":"","neve_meta_author_avatar":"","neve_post_elements_order":"","neve_meta_disable_header":"","neve_meta_disable_footer":"","neve_meta_disable_title":"","neve_meta_reading_time":"","ngg_post_thumbnail":0},"product_brand":[],"product_cat":[327],"product_tag":[125],"class_list":{"0":"post-9141","1":"product","2":"type-product","3":"status-publish","4":"has-post-thumbnail","6":"product_cat-colgantes","7":"product_tag-puntada-peyote","9":"first","10":"instock","11":"downloadable","12":"virtual","13":"purchasable","14":"product-type-simple"},"_links":{"self":[{"href":"https:\/\/ellad2.com\/es\/wp-json\/wp\/v2\/product\/9141","targetHints":{"allow":["GET"]}}],"collection":[{"href":"https:\/\/ellad2.com\/es\/wp-json\/wp\/v2\/product"}],"about":[{"href":"https:\/\/ellad2.com\/es\/wp-json\/wp\/v2\/types\/product"}],"wp:featuredmedia":[{"embeddable":true,"href":"https:\/\/ellad2.com\/es\/wp-json\/wp\/v2\/media\/9143"}],"wp:attachment":[{"href":"https:\/\/ellad2.com\/es\/wp-json\/wp\/v2\/media?parent=9141"}],"wp:term":[{"taxonomy":"product_brand","embeddable":true,"href":"https:\/\/ellad2.com\/es\/wp-json\/wp\/v2\/product_brand?post=9141"},{"taxonomy":"product_cat","embeddable":true,"href":"https:\/\/ellad2.com\/es\/wp-json\/wp\/v2\/product_cat?post=9141"},{"taxonomy":"product_tag","embeddable":true,"href":"https:\/\/ellad2.com\/es\/wp-json\/wp\/v2\/product_tag?post=9141"}],"curies":[{"name":"wp","href":"https:\/\/api.w.org\/{rel}","templated":true}]}}