{"id":9091,"date":"2018-08-25T17:10:03","date_gmt":"2018-08-25T16:10:03","guid":{"rendered":"https:\/\/ellad2.com\/es\/?post_type=product&#038;p=9091"},"modified":"2018-11-14T19:41:46","modified_gmt":"2018-11-14T18:41:46","slug":"tutorial-porta-vela-de-te","status":"publish","type":"product","link":"https:\/\/ellad2.com\/es\/tienda\/tutorial-porta-vela-de-te\/","title":{"rendered":"Tutorial Porta Vela de t\u00e9"},"content":{"rendered":"<p>\u00a1Nada dice ambiente como una llama parpadeante! Este peque\u00f1o <em><strong>Porta Vela de T\u00e9<\/strong><\/em>&nbsp;(p<span lang=\"es\">ara una vela de 37 mm de di\u00e1metro y aproximadamente 14 mm de altura.)<\/span><\/p>\n<p>es un gran art\u00edculo para decorar su interior (o exterior).<\/p>\nngg_shortcode_0_placeholder\n<p>Puede hacer muchos de ellos y crear un ambiente lleno de un brillo caliente y elegante. Tambi\u00e9n, puede ser un gran regalo.<\/p>\n<p>Nivel del Proyecto: Intermedio. Deber\u00e1 estar familiarizada con la puntada Peyote.<\/p>\n<p>La Tutor\u00eda de abalorios para&nbsp;Porta Vela de T\u00e9 es muy detallada, f\u00e1cil de seguir, paso a paso con instrucciones claras de rebordeo y con fotograf\u00edas a color de cada paso.<\/p>\n<p>Lista de Materiales:<\/p>\n<ul>\n<li>Cuentas Delica Miyuki Delica 11\/0<\/li>\n<li>Fireline 6lb<\/li>\n<li>Aguja para abalorios # 12 o aguja Tulip # 11<\/li>\n<li>Tambi\u00e9n deber\u00e1 tener vela de t\u00e9 \u2026<\/li>\n<\/ul>\n<p>El tutorial de abalorios para el Porta Vela de T\u00e9 es un archivo PDF.<\/p>\n<p><strong><em>Instrucciones para la descarga:<\/em><\/strong><\/p>\n<p>Despu\u00e9s de que realice el pago, ser\u00e1 dirigida a ella2.com. En donde encontrar\u00e1 el enlace(s) para la descarga. Teclear en \u2018download\u2019 y empezar\u00e1 la descarga. Salve su tutor\u00eda(s).<\/p>\n<p>Tambi\u00e9n recibir\u00e1 un correo electr\u00f3nico con la confirmaci\u00f3n de su pedido con el enlace(s) para la descarga. Teclear en el enlace(s) y la descarga comenzar\u00e1. Salve el documento en su computadora. Por favor, verifique su correo spam\/correo no deseado.<\/p>\n<p>Puede vender cualquier art\u00edculo que realice con los patrones que me ha comprado. Vea aqu\u00ed mis <a href=\"http:\/\/ellad2.com\/es\/terminos-y-condiciones-ellad2\/\"><em>T\u00e9rminos y condiciones<\/em><\/a><\/p>\n<p>Derechos de Autor \u00a9Ellad2\u00ae \u2013 2018<\/p>\n","protected":false},"excerpt":{"rendered":"<p>\u00a1Nada dice ambiente como una llama parpadeante! Este peque\u00f1o Porta Vela de T\u00e9&nbsp;(para una vela de 37 mm de di\u00e1metro y aproximadamente 14 mm de altura.) es un gran art\u00edculo para decorar su interior (o exterior). \u00bb order_by=\u00bbsortorder\u00bb order_direction=\u00bbASC\u00bb returns=\u00bbincluded\u00bb maximum_entity_count=\u00bb500&#8243;] Puede hacer muchos de ellos y crear un ambiente lleno de un brillo caliente&hellip;&nbsp;<a href=\"https:\/\/ellad2.com\/es\/tienda\/tutorial-porta-vela-de-te\/\" rel=\"bookmark\">Read More &raquo;<span class=\"screen-reader-text\">Tutorial Porta Vela de t\u00e9<\/span><\/a><\/p>\n","protected":false},"featured_media":9093,"template":"","meta":{"neve_meta_sidebar":"","neve_meta_container":"","neve_meta_enable_content_width":"","neve_meta_content_width":0,"neve_meta_title_alignment":"","neve_meta_author_avatar":"","neve_post_elements_order":"","neve_meta_disable_header":"","neve_meta_disable_footer":"","neve_meta_disable_title":"","neve_meta_reading_time":"","ngg_post_thumbnail":0},"product_brand":[],"product_cat":[333],"product_tag":[389,387,125],"class_list":{"0":"post-9091","1":"product","2":"type-product","3":"status-publish","4":"has-post-thumbnail","6":"product_cat-diverso","7":"product_tag-miyuki-delica","8":"product_tag-punta-peyote","9":"product_tag-puntada-peyote","11":"first","12":"instock","13":"downloadable","14":"virtual","15":"purchasable","16":"product-type-simple"},"_links":{"self":[{"href":"https:\/\/ellad2.com\/es\/wp-json\/wp\/v2\/product\/9091","targetHints":{"allow":["GET"]}}],"collection":[{"href":"https:\/\/ellad2.com\/es\/wp-json\/wp\/v2\/product"}],"about":[{"href":"https:\/\/ellad2.com\/es\/wp-json\/wp\/v2\/types\/product"}],"wp:featuredmedia":[{"embeddable":true,"href":"https:\/\/ellad2.com\/es\/wp-json\/wp\/v2\/media\/9093"}],"wp:attachment":[{"href":"https:\/\/ellad2.com\/es\/wp-json\/wp\/v2\/media?parent=9091"}],"wp:term":[{"taxonomy":"product_brand","embeddable":true,"href":"https:\/\/ellad2.com\/es\/wp-json\/wp\/v2\/product_brand?post=9091"},{"taxonomy":"product_cat","embeddable":true,"href":"https:\/\/ellad2.com\/es\/wp-json\/wp\/v2\/product_cat?post=9091"},{"taxonomy":"product_tag","embeddable":true,"href":"https:\/\/ellad2.com\/es\/wp-json\/wp\/v2\/product_tag?post=9091"}],"curies":[{"name":"wp","href":"https:\/\/api.w.org\/{rel}","templated":true}]}}