{"id":8957,"date":"2018-08-04T22:15:41","date_gmt":"2018-08-04T21:15:41","guid":{"rendered":"https:\/\/ellad2.com\/es\/?post_type=product&#038;p=8957"},"modified":"2024-04-10T06:52:47","modified_gmt":"2024-04-10T05:52:47","slug":"tutorial-pulsera-sara","status":"publish","type":"product","link":"https:\/\/ellad2.com\/es\/tienda\/tutorial-pulsera-sara\/","title":{"rendered":"Tutorial Pulsera Sara"},"content":{"rendered":"<p>Nuevo Proyecto de abalorios en puntada Peyote; apto para todos los niveles. Haga su propia hermosa y elegante pulsera con <em><strong>Cabujones de 2-orificios<\/strong><\/em> y cuentas Delica de Miyuki.<\/p>\n<p>ngg_shortcode_0_placeholderLa Tutor\u00eda de abalorios para la Pulsera Sara es muy detallada, f\u00e1cil de seguir, paso a paso con instrucciones claras de rebordeo y con fotograf\u00edas a color de cada paso.<\/p>\n<p>Lista de Materiales:<\/p>\n<ul>\n<li>Cuentas Delica Miyuki 11\/0<\/li>\n<li>Cabuj\u00f3n 2-orificios 6mm,&nbsp;<\/li>\n<li>Broche<\/li>\n<li>Fireline 6lb<\/li>\n<li>Aguja para abalorios #12 o aguja Tulip # 11<\/li>\n<\/ul>\n<p>La Tutor\u00eda de abalorios para la Pulsera Sara es un archivo PDF.<\/p>\n<p><strong><em>Instrucciones para la descarga:<\/em><\/strong><\/p>\n<p>Despu\u00e9s de que realice el pago, ser\u00e1 dirigida a ella2.com. En donde encontrar\u00e1 el enlace(s) para la descarga. Teclear en \u2018download\u2019 y empezar\u00e1 la descarga. Salve su tutor\u00eda(s).<\/p>\n<p>Tambi\u00e9n recibir\u00e1 un correo electr\u00f3nico con la confirmaci\u00f3n de su pedido con el enlace(s) para la descarga. Teclear en el enlace(s) y la descarga comenzar\u00e1. Salve el documento en su computadora. Por favor, verifique su correo spam\/correo no deseado.<\/p>\n<p>Puede vender cualquier art\u00edculo que realice con los patrones que me ha comprado. Vea aqu\u00ed mis <a href=\"https:\/\/ellad2.com\/es\/terminos-y-condiciones-ellad2\/\"><em>T\u00e9rminos y condiciones<\/em><\/a><\/p>\n<p>Derechos de Autor \u00a9Ellad2 \u2013 2018<\/p>\n","protected":false},"excerpt":{"rendered":"<p>Nuevo Proyecto de abalorios en puntada Peyote; apto para todos los niveles. Haga su propia hermosa y elegante pulsera con Cabujones de 2-orificios y cuentas Delica de Miyuki. \u00bb order_by=\u00bbsortorder\u00bb order_direction=\u00bbASC\u00bb returns=\u00bbincluded\u00bb maximum_entity_count=\u00bb500&#8243;]La Tutor\u00eda de abalorios para la Pulsera Sara es muy detallada, f\u00e1cil de seguir, paso a paso con instrucciones claras de rebordeo y&hellip;&nbsp;<a href=\"https:\/\/ellad2.com\/es\/tienda\/tutorial-pulsera-sara\/\" rel=\"bookmark\">Read More &raquo;<span class=\"screen-reader-text\">Tutorial Pulsera Sara<\/span><\/a><\/p>\n","protected":false},"featured_media":8959,"template":"","meta":{"neve_meta_sidebar":"","neve_meta_container":"","neve_meta_enable_content_width":"off","neve_meta_content_width":100,"neve_meta_title_alignment":"","neve_meta_author_avatar":"","neve_post_elements_order":"","neve_meta_disable_header":"","neve_meta_disable_footer":"","neve_meta_disable_title":"","neve_meta_reading_time":"","ngg_post_thumbnail":0},"product_brand":[],"product_cat":[325],"product_tag":[379,125],"class_list":{"0":"post-8957","1":"product","2":"type-product","3":"status-publish","4":"has-post-thumbnail","6":"product_cat-brazaletes","7":"product_tag-cabujones-de-2-orificios","8":"product_tag-puntada-peyote","10":"first","11":"instock","12":"downloadable","13":"virtual","14":"purchasable","15":"product-type-simple"},"_links":{"self":[{"href":"https:\/\/ellad2.com\/es\/wp-json\/wp\/v2\/product\/8957","targetHints":{"allow":["GET"]}}],"collection":[{"href":"https:\/\/ellad2.com\/es\/wp-json\/wp\/v2\/product"}],"about":[{"href":"https:\/\/ellad2.com\/es\/wp-json\/wp\/v2\/types\/product"}],"wp:featuredmedia":[{"embeddable":true,"href":"https:\/\/ellad2.com\/es\/wp-json\/wp\/v2\/media\/8959"}],"wp:attachment":[{"href":"https:\/\/ellad2.com\/es\/wp-json\/wp\/v2\/media?parent=8957"}],"wp:term":[{"taxonomy":"product_brand","embeddable":true,"href":"https:\/\/ellad2.com\/es\/wp-json\/wp\/v2\/product_brand?post=8957"},{"taxonomy":"product_cat","embeddable":true,"href":"https:\/\/ellad2.com\/es\/wp-json\/wp\/v2\/product_cat?post=8957"},{"taxonomy":"product_tag","embeddable":true,"href":"https:\/\/ellad2.com\/es\/wp-json\/wp\/v2\/product_tag?post=8957"}],"curies":[{"name":"wp","href":"https:\/\/api.w.org\/{rel}","templated":true}]}}