{"id":8881,"date":"2018-07-27T16:17:45","date_gmt":"2018-07-27T15:17:45","guid":{"rendered":"https:\/\/ellad2.com\/es\/?post_type=product&#038;p=8881"},"modified":"2018-08-25T17:13:06","modified_gmt":"2018-08-25T16:13:06","slug":"tutorial-colgante-estrella","status":"publish","type":"product","link":"https:\/\/ellad2.com\/es\/tienda\/tutorial-colgante-estrella\/","title":{"rendered":"Tutorial Colgante Estrella"},"content":{"rendered":"<p>S\u00e9 que puede encontrar en el internet un mont\u00f3n de tutoriales y patrones de estrellas con abalorios, pero he creado esta entre dos proyectos de abalorios. En realidad, a menudo despu\u00e9s de terminar un tutorial termino rebordeando una estrella o un tri\u00e1ngulo, u otras formas geom\u00e9tricas.<\/p>\n<p>Algunas de ellas se convierten en tutoriales con algunas modificaciones y otras se convierten en regalos para la familia y amigos.<\/p>\n<p>Cuando creo y rebordeo una <strong><em>E<strong>s<\/strong>trella 3D<\/em><\/strong> u otra forma geom\u00e9trica me relaja y me da tiempo para llegar a nuevos dise\u00f1os de algo m\u00e1s. Incluso estaba pensando en abrir una nueva categor\u00eda de productos \u00abIntermedios\u00bb.<\/p>\nngg_shortcode_0_placeholder\n<p>El tutorial est\u00e1 pensado para aquellos que nunca han hecho una estrella, sino que tambi\u00e9n para tejedores de abalorios quienes son fanes de estrellas. El Tutorial es f\u00e1cil de seguir, con fotos y gr\u00e1ficas.<\/p>\n<p>Lo hice como un colgante, lo puede hacer como un adorno. Su elecci\u00f3n.<\/p>\n<p>Nivel del Proyecto: Intermedio. Deber\u00e1 estar familiarizada con la puntada Peyote.<\/p>\n<p>Lista de Materiales (7.3 cm):<\/p>\n<ul>\n<li>Cuentas Delica Miyuki 11\/0<\/li>\n<li>Cuentas Seed Miyuki 11\/0, 15\/0<\/li>\n<li>Chat\u00f3n Swarovski&nbsp;1088; 8mm<\/li>\n<li>Bicones Swarovski 3mm y 4mm<\/li>\n<li>Fireline 6lb<\/li>\n<li>Aguja para abalorios # 12 o a\u00fan mejor aguja Tulip # 11<\/li>\n<li>Cuenta 25mm<\/li>\n<\/ul>\n<p>La Tutor\u00eda de abalorios para el Colgante Estrella Beadwoven es un archivo PDF.<\/p>\n<p><strong><em>Instrucciones para la descarga:<\/em><\/strong><\/p>\n<p>Despu\u00e9s de que realice el pago, ser\u00e1 dirigida a ella2.com. En donde encontrar\u00e1 el enlace(s) para la descarga. Teclear en \u2018download\u2019 y empezar\u00e1 la descarga. Salve su tutor\u00eda(s).<\/p>\n<p>Tambi\u00e9n recibir\u00e1 un correo electr\u00f3nico con la confirmaci\u00f3n de su pedido con el enlace(s) para la descarga. Teclear en el enlace(s) y la descarga comenzar\u00e1. Salve el documento en su computadora. Por favor, verifique su correo spam\/correo no deseado.<\/p>\n<p>Siempre puede comprobar aqu\u00ed <a href=\"http:\/\/ellad2.com\/problems-download\/\"><em>estado del pedido<\/em><\/a><em>.<\/em><\/p>\n<p>Puede vender cualquier art\u00edculo que realice con los patrones que me ha comprado. Vea aqu\u00ed mis <a href=\"http:\/\/ellad2.com\/es\/terminos-y-condiciones-ellad2\/\"><em>T\u00e9rminos y condiciones<\/em><\/a><\/p>\n<p>Derechos de Autor \u00a9Ellad2 \u2013 2018<\/p>\n","protected":false},"excerpt":{"rendered":"<p>S\u00e9 que puede encontrar en el internet un mont\u00f3n de tutoriales y patrones de estrellas con abalorios, pero he creado esta entre dos proyectos de abalorios. En realidad, a menudo despu\u00e9s de terminar un tutorial termino rebordeando una estrella o un tri\u00e1ngulo, u otras formas geom\u00e9tricas. Algunas de ellas se convierten en tutoriales con algunas&hellip;&nbsp;<a href=\"https:\/\/ellad2.com\/es\/tienda\/tutorial-colgante-estrella\/\" rel=\"bookmark\">Read More &raquo;<span class=\"screen-reader-text\">Tutorial Colgante Estrella<\/span><\/a><\/p>\n","protected":false},"featured_media":8883,"template":"","meta":{"neve_meta_sidebar":"","neve_meta_container":"","neve_meta_enable_content_width":"","neve_meta_content_width":0,"neve_meta_title_alignment":"","neve_meta_author_avatar":"","neve_post_elements_order":"","neve_meta_disable_header":"","neve_meta_disable_footer":"","neve_meta_disable_title":"","neve_meta_reading_time":"","ngg_post_thumbnail":0},"product_brand":[],"product_cat":[327,333],"product_tag":[373,371,369,375],"class_list":{"0":"post-8881","1":"product","2":"type-product","3":"status-publish","4":"has-post-thumbnail","6":"product_cat-colgantes","7":"product_cat-diverso","8":"product_tag-3d-estrella","9":"product_tag-chaton-8mm","10":"product_tag-chaton-swarovski-1088","11":"product_tag-colgante-estrella","13":"first","14":"instock","15":"downloadable","16":"virtual","17":"purchasable","18":"product-type-simple"},"_links":{"self":[{"href":"https:\/\/ellad2.com\/es\/wp-json\/wp\/v2\/product\/8881","targetHints":{"allow":["GET"]}}],"collection":[{"href":"https:\/\/ellad2.com\/es\/wp-json\/wp\/v2\/product"}],"about":[{"href":"https:\/\/ellad2.com\/es\/wp-json\/wp\/v2\/types\/product"}],"wp:featuredmedia":[{"embeddable":true,"href":"https:\/\/ellad2.com\/es\/wp-json\/wp\/v2\/media\/8883"}],"wp:attachment":[{"href":"https:\/\/ellad2.com\/es\/wp-json\/wp\/v2\/media?parent=8881"}],"wp:term":[{"taxonomy":"product_brand","embeddable":true,"href":"https:\/\/ellad2.com\/es\/wp-json\/wp\/v2\/product_brand?post=8881"},{"taxonomy":"product_cat","embeddable":true,"href":"https:\/\/ellad2.com\/es\/wp-json\/wp\/v2\/product_cat?post=8881"},{"taxonomy":"product_tag","embeddable":true,"href":"https:\/\/ellad2.com\/es\/wp-json\/wp\/v2\/product_tag?post=8881"}],"curies":[{"name":"wp","href":"https:\/\/api.w.org\/{rel}","templated":true}]}}