{"id":888,"date":"2013-01-12T15:48:38","date_gmt":"2013-01-12T14:48:38","guid":{"rendered":"https:\/\/ellad2.com\/es\/?post_type=product&#038;p=888"},"modified":"2018-07-12T04:16:01","modified_gmt":"2018-07-12T03:16:01","slug":"tutorial-collar-senora-mariposa","status":"publish","type":"product","link":"https:\/\/ellad2.com\/es\/tienda\/tutorial-collar-senora-mariposa\/","title":{"rendered":"Tutorial Collar Se\u00f1ora Mariposa"},"content":{"rendered":"<p><strong>Collar Se\u00f1ora Mariposa (Madame Butterfly)<\/strong><strong><br \/>\n<\/strong>Este es un proyecto para nivel avanzado.<\/p>\n<p>Me enamore de los rivolis Swarovski crystal volcano\u2026 Empec\u00e9 con aretes, despu\u00e9s decid\u00ed hacer un brazalete y finalmente hice el collar\u00a0:)<\/p>\n<p>El Tutorial es muy detallado con fotograf\u00edas de cada paso.\u00a0 En el Tutorial encontrar\u00e1 la lista de los\u00a0 \u00a0materiales que usar\u00e1 para el collar Se\u00f1ora Mariposa. He incluido \u00a0enlaces \u00a0conectado a las tiendas que us\u00e9, en caso de que quiera usar los mismos colores.<\/p>\nngg_shortcode_0_placeholder\n<p><strong>Material necesario:<\/strong><\/p>\n<p>&#8211; Cuentas Miyuki seed 11\/0<br \/>\n&#8211; Rivolis Swarovski 14mm y 12mm<br \/>\n&#8211; Bicones Swarovski \u00a04mm<br \/>\n&#8211; Cuentas Round 2 colores<br \/>\n&#8211; Swarovski Margaritas 10mm<br \/>\n&#8211; Drop, Swarovski crystal, Crystal Passions\u00ae, crystal copper, 13\u00d76.5mm faceted briolette pendant<br \/>\n&#8211; Broche<br \/>\n&#8211; FireLine (recomendado) o hilo Nymo<br \/>\n&#8211; Aguja para enfilar # 12 (Aguja Tulip recomendada).<\/p>\n<p>Le invitamos a vender los art\u00edculos que usted ha hecho de los tutoriales que me ha comprado.<br \/>\nVea mis T\u00e9rminos y Condiciones aqu\u00ed:<em>\u00a0<\/em><a href=\"https:\/\/ellad2.com\/products-page\/terms-and-conditions\/\"><strong><em>Terms&amp;Conditions<\/em><\/strong><\/a><\/p>\n","protected":false},"excerpt":{"rendered":"<p>Collar Se\u00f1ora Mariposa (Madame Butterfly) Este es un proyecto para nivel avanzado. Me enamore de los rivolis Swarovski crystal volcano\u2026 Empec\u00e9 con aretes, despu\u00e9s decid\u00ed hacer un brazalete y finalmente hice el collar\u00a0:) El Tutorial es muy detallado con fotograf\u00edas de cada paso.\u00a0 En el Tutorial encontrar\u00e1 la lista de los\u00a0 \u00a0materiales que usar\u00e1 para&hellip;&nbsp;<a href=\"https:\/\/ellad2.com\/es\/tienda\/tutorial-collar-senora-mariposa\/\" rel=\"bookmark\">Read More &raquo;<span class=\"screen-reader-text\">Tutorial Collar Se\u00f1ora Mariposa<\/span><\/a><\/p>\n","protected":false},"featured_media":889,"template":"","meta":{"neve_meta_sidebar":"","neve_meta_container":"","neve_meta_enable_content_width":"","neve_meta_content_width":0,"neve_meta_title_alignment":"","neve_meta_author_avatar":"","neve_post_elements_order":"","neve_meta_disable_header":"","neve_meta_disable_footer":"","neve_meta_disable_title":"","neve_meta_reading_time":"","ngg_post_thumbnail":0},"product_brand":[],"product_cat":[329],"product_tag":[],"class_list":{"0":"post-888","1":"product","2":"type-product","3":"status-publish","4":"has-post-thumbnail","6":"product_cat-collares","8":"first","9":"instock","10":"downloadable","11":"virtual","12":"purchasable","13":"product-type-simple"},"_links":{"self":[{"href":"https:\/\/ellad2.com\/es\/wp-json\/wp\/v2\/product\/888","targetHints":{"allow":["GET"]}}],"collection":[{"href":"https:\/\/ellad2.com\/es\/wp-json\/wp\/v2\/product"}],"about":[{"href":"https:\/\/ellad2.com\/es\/wp-json\/wp\/v2\/types\/product"}],"wp:featuredmedia":[{"embeddable":true,"href":"https:\/\/ellad2.com\/es\/wp-json\/wp\/v2\/media\/889"}],"wp:attachment":[{"href":"https:\/\/ellad2.com\/es\/wp-json\/wp\/v2\/media?parent=888"}],"wp:term":[{"taxonomy":"product_brand","embeddable":true,"href":"https:\/\/ellad2.com\/es\/wp-json\/wp\/v2\/product_brand?post=888"},{"taxonomy":"product_cat","embeddable":true,"href":"https:\/\/ellad2.com\/es\/wp-json\/wp\/v2\/product_cat?post=888"},{"taxonomy":"product_tag","embeddable":true,"href":"https:\/\/ellad2.com\/es\/wp-json\/wp\/v2\/product_tag?post=888"}],"curies":[{"name":"wp","href":"https:\/\/api.w.org\/{rel}","templated":true}]}}