{"id":885,"date":"2012-02-04T15:11:40","date_gmt":"2012-02-04T14:11:40","guid":{"rendered":"https:\/\/ellad2.com\/es\/?post_type=product&#038;p=885"},"modified":"2018-07-12T04:15:56","modified_gmt":"2018-07-12T03:15:56","slug":"tutorial-collar-pavo-real","status":"publish","type":"product","link":"https:\/\/ellad2.com\/es\/tienda\/tutorial-collar-pavo-real\/","title":{"rendered":"Tutorial Collar Pavo Real"},"content":{"rendered":"<p><strong>Tutorial Collar Pavo Real (Peacock Necklace)<\/strong><\/p>\n<p>Para este espl\u00e9ndido Collar Pavo Real, realmente necesitar\u00e1 tiempo.<\/p>\n<p>Usted debe estar familiarizada con la puntada Peyote.<br \/>\nLa puntada Herringbone la explicar\u00e9 en el tutorial, paso a paso as\u00ed que incluso principiantes pueden realizarla\u2026<\/p>\n<p><span style=\"color: #333333;\">El Tutorial de bordado para el collar Pavo Real (Peacock necklace) es muy detallado (m\u00e1s de 40 p\u00e1ginas\u2026), f\u00e1cil de seguir, paso a paso, con instrucciones claras y con fotograf\u00edas a color de cada paso.<\/span><\/p>\nngg_shortcode_0_placeholder\n<p><strong>Material necesario:<\/strong><\/p>\n<p>&#8211; Cuentas Miyuki seed 8\/0, 11\/0, 15\/0,<br \/>\n&#8211; Perlas 4mm,<br \/>\n&#8211; Broche,<br \/>\n&#8211; Hilo Nymo y seria genial si usted tiene una aguja <a href=\"http:\/\/www.etsy.com\/listing\/89243460\/tulip-beading-needles-size-11\"><strong>Tulip.<\/strong><\/a><\/p>\n<p>La invitamos a vender los art\u00edculos que usted ha hecho de los tutoriales que me ha comprado.<br \/>\nVea mis T\u00e9rminos y Condiciones aqu\u00ed:<em>\u00a0<\/em><a href=\"https:\/\/ellad2.com\/es\/terminos-y-condiciones-ellad2\/\" target=\"_blank\"><strong>Terms&amp;Conditions<\/strong><\/a><\/p>\n","protected":false},"excerpt":{"rendered":"<p>Tutorial Collar Pavo Real (Peacock Necklace) Para este espl\u00e9ndido Collar Pavo Real, realmente necesitar\u00e1 tiempo. Usted debe estar familiarizada con la puntada Peyote. La puntada Herringbone la explicar\u00e9 en el tutorial, paso a paso as\u00ed que incluso principiantes pueden realizarla\u2026 El Tutorial de bordado para el collar Pavo Real (Peacock necklace) es muy detallado (m\u00e1s&hellip;&nbsp;<a href=\"https:\/\/ellad2.com\/es\/tienda\/tutorial-collar-pavo-real\/\" rel=\"bookmark\">Read More &raquo;<span class=\"screen-reader-text\">Tutorial Collar Pavo Real<\/span><\/a><\/p>\n","protected":false},"featured_media":886,"template":"","meta":{"neve_meta_sidebar":"","neve_meta_container":"","neve_meta_enable_content_width":"","neve_meta_content_width":0,"neve_meta_title_alignment":"","neve_meta_author_avatar":"","neve_post_elements_order":"","neve_meta_disable_header":"","neve_meta_disable_footer":"","neve_meta_disable_title":"","neve_meta_reading_time":"","ngg_post_thumbnail":0},"product_brand":[],"product_cat":[329],"product_tag":[],"class_list":{"0":"post-885","1":"product","2":"type-product","3":"status-publish","4":"has-post-thumbnail","6":"product_cat-collares","8":"first","9":"instock","10":"downloadable","11":"virtual","12":"purchasable","13":"product-type-simple"},"_links":{"self":[{"href":"https:\/\/ellad2.com\/es\/wp-json\/wp\/v2\/product\/885","targetHints":{"allow":["GET"]}}],"collection":[{"href":"https:\/\/ellad2.com\/es\/wp-json\/wp\/v2\/product"}],"about":[{"href":"https:\/\/ellad2.com\/es\/wp-json\/wp\/v2\/types\/product"}],"wp:featuredmedia":[{"embeddable":true,"href":"https:\/\/ellad2.com\/es\/wp-json\/wp\/v2\/media\/886"}],"wp:attachment":[{"href":"https:\/\/ellad2.com\/es\/wp-json\/wp\/v2\/media?parent=885"}],"wp:term":[{"taxonomy":"product_brand","embeddable":true,"href":"https:\/\/ellad2.com\/es\/wp-json\/wp\/v2\/product_brand?post=885"},{"taxonomy":"product_cat","embeddable":true,"href":"https:\/\/ellad2.com\/es\/wp-json\/wp\/v2\/product_cat?post=885"},{"taxonomy":"product_tag","embeddable":true,"href":"https:\/\/ellad2.com\/es\/wp-json\/wp\/v2\/product_tag?post=885"}],"curies":[{"name":"wp","href":"https:\/\/api.w.org\/{rel}","templated":true}]}}