{"id":882,"date":"2013-08-13T14:27:11","date_gmt":"2013-08-13T13:27:11","guid":{"rendered":"https:\/\/ellad2.com\/es\/?post_type=product&#038;p=882"},"modified":"2018-07-12T04:15:55","modified_gmt":"2018-07-12T03:15:55","slug":"tutorial-collar-atardecer-magico","status":"publish","type":"product","link":"https:\/\/ellad2.com\/es\/tienda\/tutorial-collar-atardecer-magico\/","title":{"rendered":"Tutorial Collar Atardecer M\u00e1gico"},"content":{"rendered":"<p>Collar Atardecer M\u00e1gico (Sunset Magic)<\/p>\n<p>Este es un hermoso collar con un colgante hecho con diferentes puntadas. Es un proyecto intermedio. Usted deber\u00e1 estar familiarizada con puntada Peyote y otras puntadas que explicar\u00e9 en el tutorial.<\/p>\n<p>Las instrucciones de bordado para el collar Atardecer M\u00e1gico \u00a0son muy detalladas,\u00a0 paso a paso con fotograf\u00edas de cada paso.<\/p>\nngg_shortcode_0_placeholder\n<p><strong>Material necesario:<\/strong><\/p>\n<p>&#8211; Cuentas Miyuki seed 15\/0, 11\/0<br \/>\n&#8211; Cuentas Miyuki Delica 11\/0<br \/>\n&#8211; Bicones Swarovski \u00a03mm<br \/>\n&#8211; Cuentas Polaris 6mm (o cualquiera otras cuentas \/ perlas que tenga), 2 piezas.<br \/>\n&#8211; Lunasoft cabochon 24mm\u00a0 redonda<br \/>\n&#8211; Fireline 6 lb o hilo Nymo D<br \/>\n&#8211; Broche<br \/>\n&#8211; Aguja para enfilar tama\u00f1o 12 o aguja Tulip tama\u00f1o 11<\/p>\n<p>Por ejemplo en los Estados Unidos puede encontrar Lunasoft cabs aqu\u00ed:<\/p>\n<p>&#8211; <a href=\"http:\/\/www.beadaholique.com\/c-65358-round-cabochons-24mm.aspx\"><strong>Beadaholique\u00a0<\/strong><\/a><\/p>\n<p>En Europa puede encontrarlo aqu\u00ed:<br \/>\n&#8211;\u00a0<a href=\"http:\/\/createpottery.nl\/webshop\/categories\/Lunasoft-Cabs\/\"><strong>Beadhouse<\/strong><\/a>\u00a0(Holanda)<br \/>\n&#8211;\u00a0<a href=\"http:\/\/www.bricolart.com\/index.php\/it\/perline\/perline-fantasia\/perline-luna-soft.html\"><strong>Bricolart<\/strong><\/a>\u00a0(B\u00e9lgica)<\/p>\n<p>Le invitamos a vender los art\u00edculos que usted ha hecho de los tutoriales que me ha comprado.<br \/>\nVea mis T\u00e9rminos y Condiciones aqu\u00ed:<em>\u00a0<\/em><a href=\"https:\/\/ellad2.com\/products-page\/terms-and-conditions\/\"><strong><em>Terms&amp;Conditions<\/em><\/strong><\/a><\/p>\n","protected":false},"excerpt":{"rendered":"<p>Collar Atardecer M\u00e1gico (Sunset Magic) Este es un hermoso collar con un colgante hecho con diferentes puntadas. Es un proyecto intermedio. Usted deber\u00e1 estar familiarizada con puntada Peyote y otras puntadas que explicar\u00e9 en el tutorial. Las instrucciones de bordado para el collar Atardecer M\u00e1gico \u00a0son muy detalladas,\u00a0 paso a paso con fotograf\u00edas de cada&hellip;&nbsp;<a href=\"https:\/\/ellad2.com\/es\/tienda\/tutorial-collar-atardecer-magico\/\" rel=\"bookmark\">Read More &raquo;<span class=\"screen-reader-text\">Tutorial Collar Atardecer M\u00e1gico<\/span><\/a><\/p>\n","protected":false},"featured_media":883,"template":"","meta":{"neve_meta_sidebar":"","neve_meta_container":"","neve_meta_enable_content_width":"","neve_meta_content_width":0,"neve_meta_title_alignment":"","neve_meta_author_avatar":"","neve_post_elements_order":"","neve_meta_disable_header":"","neve_meta_disable_footer":"","neve_meta_disable_title":"","neve_meta_reading_time":"","ngg_post_thumbnail":0},"product_brand":[],"product_cat":[329],"product_tag":[],"class_list":{"0":"post-882","1":"product","2":"type-product","3":"status-publish","4":"has-post-thumbnail","6":"product_cat-collares","8":"first","9":"instock","10":"downloadable","11":"virtual","12":"purchasable","13":"product-type-simple"},"_links":{"self":[{"href":"https:\/\/ellad2.com\/es\/wp-json\/wp\/v2\/product\/882","targetHints":{"allow":["GET"]}}],"collection":[{"href":"https:\/\/ellad2.com\/es\/wp-json\/wp\/v2\/product"}],"about":[{"href":"https:\/\/ellad2.com\/es\/wp-json\/wp\/v2\/types\/product"}],"wp:featuredmedia":[{"embeddable":true,"href":"https:\/\/ellad2.com\/es\/wp-json\/wp\/v2\/media\/883"}],"wp:attachment":[{"href":"https:\/\/ellad2.com\/es\/wp-json\/wp\/v2\/media?parent=882"}],"wp:term":[{"taxonomy":"product_brand","embeddable":true,"href":"https:\/\/ellad2.com\/es\/wp-json\/wp\/v2\/product_brand?post=882"},{"taxonomy":"product_cat","embeddable":true,"href":"https:\/\/ellad2.com\/es\/wp-json\/wp\/v2\/product_cat?post=882"},{"taxonomy":"product_tag","embeddable":true,"href":"https:\/\/ellad2.com\/es\/wp-json\/wp\/v2\/product_tag?post=882"}],"curies":[{"name":"wp","href":"https:\/\/api.w.org\/{rel}","templated":true}]}}