{"id":879,"date":"2014-08-23T14:03:00","date_gmt":"2014-08-23T13:03:00","guid":{"rendered":"https:\/\/ellad2.com\/es\/?post_type=product&#038;p=879"},"modified":"2018-07-12T04:15:55","modified_gmt":"2018-07-12T03:15:55","slug":"tutorial-colgante-caprichoso","status":"publish","type":"product","link":"https:\/\/ellad2.com\/es\/tienda\/tutorial-colgante-caprichoso\/","title":{"rendered":"Tutorial Colgante Caprichoso"},"content":{"rendered":"<p>Colgante Caprichoso (Colgante Whimsical)<\/p>\n<p>Es un hermoso colgante en forma de flor.<\/p>\n<p>Para hacerlo usted debe estar familiarizada con la puntada peyote.<\/p>\n<p>Puede jugar con los colores, y puede hacerlo m\u00e1s grande f\u00e1cilmente\u2026<\/p>\n<p>Di\u00e1metro del Colgante es de 5.4 cm\/2.1\u201d<\/p>\nngg_shortcode_0_placeholder\n<p>El Tutorial para el Colgante Caprichoso \u00a0es muy detallado (42 p\u00e1ginas), f\u00e1cil de seguir, paso a paso con claras instrucciones de tejido en cuentas y con fotograf\u00edas en color de cada paso.<\/p>\n<p><strong>Material necesario:<\/strong><\/p>\n<p>&#8211; Cuentas Miyuki Delica 11\/0 (2 colores),<br \/>\n&#8211; Cuentas Miyuki seed 11\/0 y 15\/0,<br \/>\n&#8211; Bicones Swarovski 3mm (2 colores),<br \/>\n&#8211; Chaton Swarovski 8mm,<br \/>\n&#8211; FireLine 6lb,<br \/>\n&#8211; Aguja para enfilar tama\u00f1o 12 o mucho mejor aguja Tulip tama\u00f1o 11<\/p>\n<p>La invitamos a vender los art\u00edculos que usted ha hecho de los tutoriales que me ha comprado.<br \/>\nVea mis <a title=\"T\u00e9rminos y Condiciones\" href=\"https:\/\/ellad2.com\/es\/terminos-y-condiciones-ellad2\/\" target=\"_blank\" rel=\"noopener\">T\u00e9rminos y Condiciones\u00a0<\/a><\/p>\n","protected":false},"excerpt":{"rendered":"<p>Colgante Caprichoso (Colgante Whimsical) Es un hermoso colgante en forma de flor. Para hacerlo usted debe estar familiarizada con la puntada peyote. Puede jugar con los colores, y puede hacerlo m\u00e1s grande f\u00e1cilmente\u2026 Di\u00e1metro del Colgante es de 5.4 cm\/2.1\u201d El Tutorial para el Colgante Caprichoso \u00a0es muy detallado (42 p\u00e1ginas), f\u00e1cil de seguir, paso&hellip;&nbsp;<a href=\"https:\/\/ellad2.com\/es\/tienda\/tutorial-colgante-caprichoso\/\" rel=\"bookmark\">Read More &raquo;<span class=\"screen-reader-text\">Tutorial Colgante Caprichoso<\/span><\/a><\/p>\n","protected":false},"featured_media":880,"template":"","meta":{"neve_meta_sidebar":"","neve_meta_container":"","neve_meta_enable_content_width":"","neve_meta_content_width":0,"neve_meta_title_alignment":"","neve_meta_author_avatar":"","neve_post_elements_order":"","neve_meta_disable_header":"","neve_meta_disable_footer":"","neve_meta_disable_title":"","neve_meta_reading_time":"","ngg_post_thumbnail":0},"product_brand":[],"product_cat":[327],"product_tag":[],"class_list":{"0":"post-879","1":"product","2":"type-product","3":"status-publish","4":"has-post-thumbnail","6":"product_cat-colgantes","8":"first","9":"instock","10":"downloadable","11":"virtual","12":"purchasable","13":"product-type-simple"},"_links":{"self":[{"href":"https:\/\/ellad2.com\/es\/wp-json\/wp\/v2\/product\/879","targetHints":{"allow":["GET"]}}],"collection":[{"href":"https:\/\/ellad2.com\/es\/wp-json\/wp\/v2\/product"}],"about":[{"href":"https:\/\/ellad2.com\/es\/wp-json\/wp\/v2\/types\/product"}],"wp:featuredmedia":[{"embeddable":true,"href":"https:\/\/ellad2.com\/es\/wp-json\/wp\/v2\/media\/880"}],"wp:attachment":[{"href":"https:\/\/ellad2.com\/es\/wp-json\/wp\/v2\/media?parent=879"}],"wp:term":[{"taxonomy":"product_brand","embeddable":true,"href":"https:\/\/ellad2.com\/es\/wp-json\/wp\/v2\/product_brand?post=879"},{"taxonomy":"product_cat","embeddable":true,"href":"https:\/\/ellad2.com\/es\/wp-json\/wp\/v2\/product_cat?post=879"},{"taxonomy":"product_tag","embeddable":true,"href":"https:\/\/ellad2.com\/es\/wp-json\/wp\/v2\/product_tag?post=879"}],"curies":[{"name":"wp","href":"https:\/\/api.w.org\/{rel}","templated":true}]}}