{"id":8775,"date":"2018-07-19T21:41:22","date_gmt":"2018-07-19T20:41:22","guid":{"rendered":"https:\/\/ellad2.com\/es\/?post_type=product&#038;p=8775"},"modified":"2018-07-19T21:41:23","modified_gmt":"2018-07-19T20:41:23","slug":"tutorial-colgante-triangular-maya","status":"publish","type":"product","link":"https:\/\/ellad2.com\/es\/tienda\/tutorial-colgante-triangular-maya\/","title":{"rendered":"Tutorial Colgante Triangular Maya"},"content":{"rendered":"ngg_shortcode_0_placeholder\n<p>El Colgante Triangular Maya es otro proyecto m\u00e1s de abalorios de mi biblioteca en <em>bordados geom\u00e9tricos<\/em>. El Colgante tiene forma de tri\u00e1ngulo en puntada Peyote, tiene como base un <strong>Tri\u00e1ngulo Cosmos Swarovski <\/strong>(4737) 20mm. Me llev\u00f3 tiempo en dise\u00f1arlo, hasta que averig\u00fce lo que quer\u00eda hacer con ese tri\u00e1ngulo que ten\u00eda en mi escondite de cuentas. Realmente, no sab\u00eda que lo ten\u00eda ?&nbsp;<\/p>\n<p>Nivel del Proyecto: intermedio. Deber\u00e1 estar familiarizada con la puntada Peyote.<\/p>\n<p>La Tutor\u00eda de abalorios para el Colgante Triangular Maya es muy detallada, f\u00e1cil de seguir, paso a paso con instrucciones claras de rebordeo y con fotograf\u00edas a color de cada paso.<\/p>\n<p>Lista de Materiales:<\/p>\n<ul>\n<li>Cuentas Delica Miyuki 11\/0<\/li>\n<li>Cuentas Seed Miyuki 15\/0, 8\/0<\/li>\n<li>Triangulo Cosmos Swarovski 4737, 20mm; Puede encontrar algunos tri\u00e1ngulos en la tienda Etsy,&nbsp;<a href=\"https:\/\/www.etsystudio.com\/shop\/JBCBeads\/?q=triangle\">JBCBeads<\/a>,&nbsp;<a href=\"https:\/\/www.perlesandco.co.uk\/Swarovski-Triangle-4737-20mm-Crystal-Copper-CAL-p-15108.html\">Perlesandco<\/a>,&nbsp;<a href=\"https:\/\/www.artbeads.com\/jewelry-supplies\/swarovski-4737-20mm-cosmic-triangle-crystal-4737-cry20\/\">Artbeads<\/a>,&nbsp;<a href=\"https:\/\/www.ebay.com\/itm\/1x-SWAROVSKI-4737-BERMUDA-BLUE-COSMIC-TRIANGLE-FRAME-20mm-CRYSTAL-PENDANT\/312169739648?hash=item48aec43580:g:yvcAAOxyuCJRcIgc\">eBay<\/a>.<\/li>\n<li>Fireline 6lb<\/li>\n<li>Aguja para abalorios # 12 o aguja Tulip # 11<\/li>\n<\/ul>\n<p>La Tutor\u00eda de abalorios para el Colgante Triangular Maya es un archivo PDF.<\/p>\n<p><strong><em>Instrucciones para la descarga:<\/em><\/strong><\/p>\n<p>Despu\u00e9s de que realice el pago, ser\u00e1 dirigida a ella2.com. En donde encontrar\u00e1 el enlace(s) para la descarga. Teclear en \u2018download\u2019 y empezar\u00e1 la descarga. Salve su tutor\u00eda(s).<\/p>\n<p>Tambi\u00e9n recibir\u00e1 un correo electr\u00f3nico con la confirmaci\u00f3n de su pedido con el enlace(s) para la descarga. Teclear en el enlace(s) y la descarga comenzar\u00e1. Salve el documento en su computadora. Por favor, verifique su correo spam\/correo no deseado.<\/p>\n<p>Puede vender cualquier art\u00edculo que realice con los patrones que me ha comprado. Vea aqu\u00ed mis <a href=\"http:\/\/ellad2.com\/es\/terminos-y-condiciones-ellad2\/\"><em>T\u00e9rminos y condiciones<\/em><\/a><\/p>\n<p>Derechos de Autor \u00a9Ellad2 \u2013 2018<\/p>\n<p>&nbsp;<\/p>\n","protected":false},"excerpt":{"rendered":"<p>\u00bb order_by=\u00bbsortorder\u00bb order_direction=\u00bbASC\u00bb returns=\u00bbincluded\u00bb maximum_entity_count=\u00bb500&#8243;] El Colgante Triangular Maya es otro proyecto m\u00e1s de abalorios de mi biblioteca en bordados geom\u00e9tricos. El Colgante tiene forma de tri\u00e1ngulo en puntada Peyote, tiene como base un Tri\u00e1ngulo Cosmos Swarovski (4737) 20mm. Me llev\u00f3 tiempo en dise\u00f1arlo, hasta que averig\u00fce lo que quer\u00eda hacer con ese tri\u00e1ngulo que&hellip;&nbsp;<a href=\"https:\/\/ellad2.com\/es\/tienda\/tutorial-colgante-triangular-maya\/\" rel=\"bookmark\">Read More &raquo;<span class=\"screen-reader-text\">Tutorial Colgante Triangular Maya<\/span><\/a><\/p>\n","protected":false},"featured_media":8777,"template":"","meta":{"neve_meta_sidebar":"","neve_meta_container":"","neve_meta_enable_content_width":"","neve_meta_content_width":0,"neve_meta_title_alignment":"","neve_meta_author_avatar":"","neve_post_elements_order":"","neve_meta_disable_header":"","neve_meta_disable_footer":"","neve_meta_disable_title":"","neve_meta_reading_time":"","ngg_post_thumbnail":0},"product_brand":[],"product_cat":[327],"product_tag":[361],"class_list":{"0":"post-8775","1":"product","2":"type-product","3":"status-publish","4":"has-post-thumbnail","6":"product_cat-colgantes","7":"product_tag-triangulo-cosmos-swarovski-4737","9":"first","10":"instock","11":"downloadable","12":"virtual","13":"purchasable","14":"product-type-simple"},"_links":{"self":[{"href":"https:\/\/ellad2.com\/es\/wp-json\/wp\/v2\/product\/8775","targetHints":{"allow":["GET"]}}],"collection":[{"href":"https:\/\/ellad2.com\/es\/wp-json\/wp\/v2\/product"}],"about":[{"href":"https:\/\/ellad2.com\/es\/wp-json\/wp\/v2\/types\/product"}],"wp:featuredmedia":[{"embeddable":true,"href":"https:\/\/ellad2.com\/es\/wp-json\/wp\/v2\/media\/8777"}],"wp:attachment":[{"href":"https:\/\/ellad2.com\/es\/wp-json\/wp\/v2\/media?parent=8775"}],"wp:term":[{"taxonomy":"product_brand","embeddable":true,"href":"https:\/\/ellad2.com\/es\/wp-json\/wp\/v2\/product_brand?post=8775"},{"taxonomy":"product_cat","embeddable":true,"href":"https:\/\/ellad2.com\/es\/wp-json\/wp\/v2\/product_cat?post=8775"},{"taxonomy":"product_tag","embeddable":true,"href":"https:\/\/ellad2.com\/es\/wp-json\/wp\/v2\/product_tag?post=8775"}],"curies":[{"name":"wp","href":"https:\/\/api.w.org\/{rel}","templated":true}]}}