{"id":8745,"date":"2018-07-15T16:34:20","date_gmt":"2018-07-15T15:34:20","guid":{"rendered":"https:\/\/ellad2.com\/es\/?post_type=product&#038;p=8745"},"modified":"2018-07-15T16:35:14","modified_gmt":"2018-07-15T15:35:14","slug":"tutorial-collar-katja","status":"publish","type":"product","link":"https:\/\/ellad2.com\/es\/tienda\/tutorial-collar-katja\/","title":{"rendered":"Tutorial Collar Katja"},"content":{"rendered":"ngg_shortcode_0_placeholder\n<p>El Collar Katja es un hermoso y elegante collar tejido en cuentas. El proyecto de abalorios es interesante y divertido. F\u00e1cilmente puede hacer una pulsera y aretes, por lo tanto, puede hacer un juego de joyer\u00eda adorable.<\/p>\n<p>El collar est\u00e1 hecho con dos modelos diferentes, por tanto, le ser\u00e1 interesante cambiar de uno al otro.<\/p>\n<p>Nivel del Proyecto: Este patr\u00f3n es para intermedios.<\/p>\n<p>El Tutorial de abalorios para el Collar Katja es muy detallado, f\u00e1cil de seguir, paso a paso, con instrucciones claras de rebordeo y con fotos a color de cada paso.<\/p>\n<p><strong>Lista<\/strong> <strong>de<\/strong> <strong>Materiales:<\/strong><\/p>\n<ul>\n<li>Cuentas Seed Miyuki 11\/0, 15\/0&nbsp;<\/li>\n<li>Chat\u00f3n Swarovski piedra redonda 1088, 8mm<\/li>\n<li>Cuentas Fire-polished 4mm<\/li>\n<li>Cuentas Crescent<\/li>\n<li>Broche de 3-hilos<\/li>\n<li>Fireline 6lb<\/li>\n<li>Aguja para abalorios # 12 o aguja Tulip # 11<\/li>\n<\/ul>\n<p>La Tutor\u00eda de Abalorios para el Collar Katja es un archivo PDF.<\/p>\n<p><strong><em>Instrucciones para la descarga:<\/em><\/strong><\/p>\n<p>Despu\u00e9s de que realice el pago, ser\u00e1 dirigida a ella2.com. En donde encontrar\u00e1 el enlace(s) para la descarga. Teclear en \u2018download\u2019 y empezar\u00e1 la descarga. Salve su tutor\u00eda(s).<\/p>\n<p>Tambi\u00e9n recibir\u00e1 un correo electr\u00f3nico con la confirmaci\u00f3n de su pedido con el enlace(s) para la descarga. Teclear en el enlace(s) y la descarga comenzar\u00e1. Salve el documento en su computadora. Por favor, verifique su correo spam\/correo no deseado.<\/p>\n<p>Puede vender cualquier art\u00edculo que realice con los patrones que me ha comprado. Vea aqu\u00ed mis <a href=\"http:\/\/ellad2.com\/es\/terminos-y-condiciones-ellad2\/\"><em>T\u00e9rminos y condiciones<\/em><\/a><\/p>\n<p>Derechos de Autor \u00a9Ellad2 \u2013 2018<\/p>\n","protected":false},"excerpt":{"rendered":"<p>\u00bb order_by=\u00bbsortorder\u00bb order_direction=\u00bbASC\u00bb returns=\u00bbincluded\u00bb maximum_entity_count=\u00bb500&#8243;] El Collar Katja es un hermoso y elegante collar tejido en cuentas. El proyecto de abalorios es interesante y divertido. F\u00e1cilmente puede hacer una pulsera y aretes, por lo tanto, puede hacer un juego de joyer\u00eda adorable. El collar est\u00e1 hecho con dos modelos diferentes, por tanto, le ser\u00e1 interesante&hellip;&nbsp;<a href=\"https:\/\/ellad2.com\/es\/tienda\/tutorial-collar-katja\/\" rel=\"bookmark\">Read More &raquo;<span class=\"screen-reader-text\">Tutorial Collar Katja<\/span><\/a><\/p>\n","protected":false},"featured_media":8747,"template":"","meta":{"neve_meta_sidebar":"","neve_meta_container":"","neve_meta_enable_content_width":"","neve_meta_content_width":0,"neve_meta_title_alignment":"","neve_meta_author_avatar":"","neve_post_elements_order":"","neve_meta_disable_header":"","neve_meta_disable_footer":"","neve_meta_disable_title":"","neve_meta_reading_time":"","ngg_post_thumbnail":0},"product_brand":[],"product_cat":[329],"product_tag":[355,357,351,353,349,359],"class_list":{"0":"post-8745","1":"product","2":"type-product","3":"status-publish","4":"has-post-thumbnail","6":"product_cat-collares","7":"product_tag-broshe-de-3-hilos","8":"product_tag-chaton-swarovski-piedra-redonda-1088","9":"product_tag-crescent","10":"product_tag-cuentas-crescent","11":"product_tag-fire-polished-beads","12":"product_tag-swarovski-1088","14":"first","15":"instock","16":"downloadable","17":"virtual","18":"purchasable","19":"product-type-simple"},"_links":{"self":[{"href":"https:\/\/ellad2.com\/es\/wp-json\/wp\/v2\/product\/8745","targetHints":{"allow":["GET"]}}],"collection":[{"href":"https:\/\/ellad2.com\/es\/wp-json\/wp\/v2\/product"}],"about":[{"href":"https:\/\/ellad2.com\/es\/wp-json\/wp\/v2\/types\/product"}],"wp:featuredmedia":[{"embeddable":true,"href":"https:\/\/ellad2.com\/es\/wp-json\/wp\/v2\/media\/8747"}],"wp:attachment":[{"href":"https:\/\/ellad2.com\/es\/wp-json\/wp\/v2\/media?parent=8745"}],"wp:term":[{"taxonomy":"product_brand","embeddable":true,"href":"https:\/\/ellad2.com\/es\/wp-json\/wp\/v2\/product_brand?post=8745"},{"taxonomy":"product_cat","embeddable":true,"href":"https:\/\/ellad2.com\/es\/wp-json\/wp\/v2\/product_cat?post=8745"},{"taxonomy":"product_tag","embeddable":true,"href":"https:\/\/ellad2.com\/es\/wp-json\/wp\/v2\/product_tag?post=8745"}],"curies":[{"name":"wp","href":"https:\/\/api.w.org\/{rel}","templated":true}]}}