{"id":860,"date":"2014-08-13T17:53:54","date_gmt":"2014-08-13T16:53:54","guid":{"rendered":"https:\/\/ellad2.com\/es\/?post_type=product&#038;p=860"},"modified":"2018-07-12T04:15:53","modified_gmt":"2018-07-12T03:15:53","slug":"tutorial-evening-glory-collar","status":"publish","type":"product","link":"https:\/\/ellad2.com\/es\/tienda\/tutorial-evening-glory-collar\/","title":{"rendered":"Tutorial Evening Glory Collar"},"content":{"rendered":"<p>Collar Gloria al Atardecer (Evening Glory)<\/p>\n<p>Es un proyecto de bordado avanzado.<\/p>\n<p>Deber\u00e1 estar familiarizada con la puntada peyote y puntada Cubic RAW (CRAW).<\/p>\n<p>Puede hacer todo el collar usando la puntada CRAW o puede hacer solamente un colgante y usar su cadena que ya tenga.<\/p>\nngg_shortcode_0_placeholder\n<p>El Tutorial de bordado para el collar Gloria al Atardecer (Evening Glory) es muy detallado (55 p\u00e1ginas), f\u00e1cil de seguir, paso a paso, con instrucciones claras y con fotograf\u00edas a color de cada paso.<\/p>\n<p><strong>Material necesario:<\/strong><br \/>\n&#8211; Cuentas Miyuki seed tama\u00f1o 8\/0, 11\/0, 15\/0<br \/>\n&#8211; Perlas\/cuentas Redondas 3mm y 6mm<br \/>\n&#8211; Swarovski rivoli 14mm<br \/>\n&#8211; Broche<br \/>\n&#8211; Fireline 4 lb o 6 lb (s\u00f3lo puede hacer este proyecto si usa Fireline\u2026)<br \/>\n&#8211; Aguja para enfilar # 12 o mucho mejor aguja Tulip # 11<\/p>\n<p>La invitamos a vender las piezas que hizo de los tutoriales que me ha comprado.<br \/>\nVea mis <a title=\"T\u00e9rminos y Condiciones\" href=\"https:\/\/ellad2.com\/es\/terminos-y-condiciones-ellad2\/\" target=\"_blank\">T\u00e9rminos y Condiciones<\/a><\/p>\n","protected":false},"excerpt":{"rendered":"<p>Collar Gloria al Atardecer (Evening Glory) Es un proyecto de bordado avanzado. Deber\u00e1 estar familiarizada con la puntada peyote y puntada Cubic RAW (CRAW). Puede hacer todo el collar usando la puntada CRAW o puede hacer solamente un colgante y usar su cadena que ya tenga. El Tutorial de bordado para el collar Gloria al&hellip;&nbsp;<a href=\"https:\/\/ellad2.com\/es\/tienda\/tutorial-evening-glory-collar\/\" rel=\"bookmark\">Read More &raquo;<span class=\"screen-reader-text\">Tutorial Evening Glory Collar<\/span><\/a><\/p>\n","protected":false},"featured_media":861,"template":"","meta":{"neve_meta_sidebar":"","neve_meta_container":"","neve_meta_enable_content_width":"","neve_meta_content_width":0,"neve_meta_title_alignment":"","neve_meta_author_avatar":"","neve_post_elements_order":"","neve_meta_disable_header":"","neve_meta_disable_footer":"","neve_meta_disable_title":"","neve_meta_reading_time":"","ngg_post_thumbnail":0},"product_brand":[],"product_cat":[329],"product_tag":[],"class_list":{"0":"post-860","1":"product","2":"type-product","3":"status-publish","4":"has-post-thumbnail","6":"product_cat-collares","8":"first","9":"instock","10":"downloadable","11":"virtual","12":"purchasable","13":"product-type-simple"},"_links":{"self":[{"href":"https:\/\/ellad2.com\/es\/wp-json\/wp\/v2\/product\/860","targetHints":{"allow":["GET"]}}],"collection":[{"href":"https:\/\/ellad2.com\/es\/wp-json\/wp\/v2\/product"}],"about":[{"href":"https:\/\/ellad2.com\/es\/wp-json\/wp\/v2\/types\/product"}],"wp:featuredmedia":[{"embeddable":true,"href":"https:\/\/ellad2.com\/es\/wp-json\/wp\/v2\/media\/861"}],"wp:attachment":[{"href":"https:\/\/ellad2.com\/es\/wp-json\/wp\/v2\/media?parent=860"}],"wp:term":[{"taxonomy":"product_brand","embeddable":true,"href":"https:\/\/ellad2.com\/es\/wp-json\/wp\/v2\/product_brand?post=860"},{"taxonomy":"product_cat","embeddable":true,"href":"https:\/\/ellad2.com\/es\/wp-json\/wp\/v2\/product_cat?post=860"},{"taxonomy":"product_tag","embeddable":true,"href":"https:\/\/ellad2.com\/es\/wp-json\/wp\/v2\/product_tag?post=860"}],"curies":[{"name":"wp","href":"https:\/\/api.w.org\/{rel}","templated":true}]}}