{"id":855,"date":"2012-03-02T14:57:40","date_gmt":"2012-03-02T13:57:40","guid":{"rendered":"https:\/\/ellad2.com\/es\/?post_type=product&#038;p=855"},"modified":"2018-07-12T04:15:53","modified_gmt":"2018-07-12T03:15:53","slug":"tutorial-maroon-brazalete","status":"publish","type":"product","link":"https:\/\/ellad2.com\/es\/tienda\/tutorial-maroon-brazalete\/","title":{"rendered":"Tutorial Maroon Brazalete"},"content":{"rendered":"<p>Maroon Brazalete<br \/>\nEste hermoso brazalete est\u00e1 hecho con cuentas Miyuki, cuentas Preciosa fire-polished y perlas.<\/p>\n<p>El profundo y rico color rojo del marr\u00f3n me inspiro a hacer esta lindura. Para su informaci\u00f3n, Dalai Lama, viste t\u00fanicas de color marr\u00f3n.<\/p>\n<p>Lo lindo de este brazalete es que es reversible, de manera que tendr\u00e1 dos brazaletes por el precio de uno.<\/p>\n<p>Para inspirarse m\u00e1s vaya a: wonderful work esto es lo que mis amigas de rebordear han realizado.<\/p>\n<p>El Tutorial para el Maroon Brazalete es muy detallado, como siempre. Con instrucciones paso por paso y con fotograf\u00edas de cada paso.<\/p>\nngg_shortcode_0_placeholder\n<p>Material necesario:<br \/>\n&#8211; Cuentas Fire-polished 4mm,<br \/>\n&#8211; Perlas 4 mm (2 colores),<br \/>\n&#8211; Cuentas Miyuki seed 11\/0 y 15\/0,<br \/>\n&#8211; Broche magn\u00e9tico,<br \/>\n&#8211; FireLine 0.06 smoke o hilo Nymo D.<\/p>\n<p>Es bienvenida si desea vender las piezas que realizo con los tutoriales que me ha comprado. Vea aqu\u00ed mis t\u00e9rminos y condiciones: <a href=\"https:\/\/ellad2.com\/es\/terminos-y-condiciones-ellad2\/\" target=\"_blank\" rel=\"noopener\">T<span style=\"color: #333333;\">\u00e9rminos y Condiciones<\/span><\/a><\/p>\n","protected":false},"excerpt":{"rendered":"<p>Maroon Brazalete Este hermoso brazalete est\u00e1 hecho con cuentas Miyuki, cuentas Preciosa fire-polished y perlas. El profundo y rico color rojo del marr\u00f3n me inspiro a hacer esta lindura. Para su informaci\u00f3n, Dalai Lama, viste t\u00fanicas de color marr\u00f3n. Lo lindo de este brazalete es que es reversible, de manera que tendr\u00e1 dos brazaletes por&hellip;&nbsp;<a href=\"https:\/\/ellad2.com\/es\/tienda\/tutorial-maroon-brazalete\/\" rel=\"bookmark\">Read More &raquo;<span class=\"screen-reader-text\">Tutorial Maroon Brazalete<\/span><\/a><\/p>\n","protected":false},"featured_media":856,"template":"","meta":{"neve_meta_sidebar":"","neve_meta_container":"","neve_meta_enable_content_width":"","neve_meta_content_width":0,"neve_meta_title_alignment":"","neve_meta_author_avatar":"","neve_post_elements_order":"","neve_meta_disable_header":"","neve_meta_disable_footer":"","neve_meta_disable_title":"","neve_meta_reading_time":"","ngg_post_thumbnail":0},"product_brand":[],"product_cat":[325],"product_tag":[],"class_list":{"0":"post-855","1":"product","2":"type-product","3":"status-publish","4":"has-post-thumbnail","6":"product_cat-brazaletes","8":"first","9":"instock","10":"downloadable","11":"virtual","12":"purchasable","13":"product-type-simple"},"_links":{"self":[{"href":"https:\/\/ellad2.com\/es\/wp-json\/wp\/v2\/product\/855","targetHints":{"allow":["GET"]}}],"collection":[{"href":"https:\/\/ellad2.com\/es\/wp-json\/wp\/v2\/product"}],"about":[{"href":"https:\/\/ellad2.com\/es\/wp-json\/wp\/v2\/types\/product"}],"wp:featuredmedia":[{"embeddable":true,"href":"https:\/\/ellad2.com\/es\/wp-json\/wp\/v2\/media\/856"}],"wp:attachment":[{"href":"https:\/\/ellad2.com\/es\/wp-json\/wp\/v2\/media?parent=855"}],"wp:term":[{"taxonomy":"product_brand","embeddable":true,"href":"https:\/\/ellad2.com\/es\/wp-json\/wp\/v2\/product_brand?post=855"},{"taxonomy":"product_cat","embeddable":true,"href":"https:\/\/ellad2.com\/es\/wp-json\/wp\/v2\/product_cat?post=855"},{"taxonomy":"product_tag","embeddable":true,"href":"https:\/\/ellad2.com\/es\/wp-json\/wp\/v2\/product_tag?post=855"}],"curies":[{"name":"wp","href":"https:\/\/api.w.org\/{rel}","templated":true}]}}